{"id":4276,"date":"2026-04-04T07:14:56","date_gmt":"2026-04-04T07:14:56","guid":{"rendered":"https:\/\/lyfilter.com\/"},"modified":"2026-04-04T07:14:56","modified_gmt":"2026-04-04T07:14:56","slug":"professional-stainless-water-filter-housing-stainless-water-filter-housing-company","status":"publish","type":"product","link":"https:\/\/lyfilter.com\/es\/professional-stainless-water-filter-housing-stainless-water-filter-housing-company\/","title":{"rendered":"Carcasa profesional de filtro de agua inoxidable Carcasa de filtro de agua inoxidable Empresa"},"content":{"rendered":"<p>Construido para un rendimiento fiable y limpio, esta carcasa de filtro de agua inoxidable da a su instalaci\u00f3n una sensaci\u00f3n segura y profesional. InversaFilterPurification ofrece una construcci\u00f3n duradera que permite un flujo m\u00e1s seguro y tranquilidad a largo plazo.<\/p>","protected":false},"excerpt":{"rendered":"<table>\n<thead>\n<tr>\n<th>Campo<\/th>\n<th>Valor<\/th>\n<\/tr>\n<\/thead>\n<tbody>\n<tr>\n<td>Industrias aplicables<\/td>\n<td>Planta de fabricaci\u00f3n, F\u00e1brica de alimentos y bebidas, Granjas, Restaurante, Tienda de alimentaci\u00f3n, Energ\u00eda y miner\u00eda, Tiendas de alimentos y bebidas<\/td>\n<\/tr>\n<tr>\n<td>Lugar de origen<\/td>\n<td>Guangdong, China<\/td>\n<\/tr>\n<tr>\n<td>Marca<\/td>\n<td>Lvyuan\/OEM<\/td>\n<\/tr>\n<tr>\n<td>Material<\/td>\n<td>Personalizado<\/td>\n<\/tr>\n<tr>\n<td>Peso<\/td>\n<td>Personalizado<\/td>\n<\/tr>\n<tr>\n<td>Talla<\/td>\n<td>Personalizado<\/td>\n<\/tr>\n<tr>\n<td>Potencia<\/td>\n<td>Personalizado<\/td>\n<\/tr>\n<tr>\n<td>Garant\u00eda<\/td>\n<td>1 a\u00f1o<\/td>\n<\/tr>\n<tr>\n<td>Servicio posventa<\/td>\n<td>Asistencia en l\u00ednea<\/td>\n<\/tr>\n<tr>\n<td>Nombre del modelo<\/td>\n<td>Filtro con carcasa de acero inoxidable Sistema de filtro de agua de cartucho de 1~7 etapas<\/td>\n<\/tr>\n<tr>\n<td>Longitud<\/td>\n<td>10 pulgadas, 20 pulgadas, 30 pulgadas, 40 pulgadas<\/td>\n<\/tr>\n<tr>\n<td>Utilizaci\u00f3n<\/td>\n<td>Filtraci\u00f3n de aceite\/gas\/aire\/agua l\u00edquida<\/td>\n<\/tr>\n<tr>\n<td>Material del cuerpo principal<\/td>\n<td>Acero inoxidable 304 \/ 316L<\/td>\n<\/tr>\n<tr>\n<td>Tipo de carcasa del filtro<\/td>\n<td>Tubular<\/td>\n<\/tr>\n<tr>\n<td>Principio<\/td>\n<td>Filtraci\u00f3n a presi\u00f3n<\/td>\n<\/tr>\n<tr>\n<td>Etapas<\/td>\n<td>1 - 7 etapas<\/td>\n<\/tr>\n<tr>\n<td>Embalaje<\/td>\n<td>Embalaje de malla o caja de madera<\/td>\n<\/tr>\n<tr>\n<td>Filtro<\/td>\n<td>Filtro de bolsa y filtro de cartucho<\/td>\n<\/tr>\n<tr>\n<td>Carrito<\/td>\n<td>Acero inoxidable 304\/316L<\/td>\n<\/tr>\n<tr>\n<td>Capacidad de suministro<\/td>\n<td>100 piezas\/d\u00eda<\/td>\n<\/tr>\n<\/tbody>\n<\/table>","protected":false},"featured_media":4279,"comment_status":"open","ping_status":"closed","template":"","meta":{"_gspb_post_css":""},"product_brand":[],"product_cat":[15],"product_tag":[38,1534,1542,1541,1540,1136],"class_list":{"0":"post-4276","1":"product","2":"type-product","3":"status-publish","4":"has-post-thumbnail","6":"product_cat-stainless-steel-filter-housing","7":"product_tag-industrial-water-filtration","8":"product_tag-inversafilterpurification","9":"product_tag-secure-water-filter-system","10":"product_tag-stainless-filter-housing","11":"product_tag-stainless-water-filter-housing","12":"product_tag-water-filter-locks","14":"first","15":"instock","16":"shipping-taxable","17":"product-type-simple"},"_links":{"self":[{"href":"https:\/\/lyfilter.com\/es\/wp-json\/wp\/v2\/product\/4276","targetHints":{"allow":["GET"]}}],"collection":[{"href":"https:\/\/lyfilter.com\/es\/wp-json\/wp\/v2\/product"}],"about":[{"href":"https:\/\/lyfilter.com\/es\/wp-json\/wp\/v2\/types\/product"}],"replies":[{"embeddable":true,"href":"https:\/\/lyfilter.com\/es\/wp-json\/wp\/v2\/comments?post=4276"}],"wp:featuredmedia":[{"embeddable":true,"href":"https:\/\/lyfilter.com\/es\/wp-json\/wp\/v2\/media\/4279"}],"wp:attachment":[{"href":"https:\/\/lyfilter.com\/es\/wp-json\/wp\/v2\/media?parent=4276"}],"wp:term":[{"taxonomy":"product_brand","embeddable":true,"href":"https:\/\/lyfilter.com\/es\/wp-json\/wp\/v2\/product_brand?post=4276"},{"taxonomy":"product_cat","embeddable":true,"href":"https:\/\/lyfilter.com\/es\/wp-json\/wp\/v2\/product_cat?post=4276"},{"taxonomy":"product_tag","embeddable":true,"href":"https:\/\/lyfilter.com\/es\/wp-json\/wp\/v2\/product_tag?post=4276"}],"curies":[{"name":"wp","href":"https:\/\/api.w.org\/{rel}","templated":true}]}}