{"id":4268,"date":"2026-04-04T07:00:39","date_gmt":"2026-04-04T07:00:39","guid":{"rendered":"https:\/\/lyfilter.com\/"},"modified":"2026-04-04T07:00:39","modified_gmt":"2026-04-04T07:00:39","slug":"lvyuan-filter-pp-water-filter-made-in-china","status":"publish","type":"product","link":"https:\/\/lyfilter.com\/es\/lvyuan-filter-pp-water-filter-made-in-china\/","title":{"rendered":"Lvyuan Filtro PP Filtro de agua Hecho en China"},"content":{"rendered":"<p>Lvyuan PP filtro de agua hecho en China apoya la filtraci\u00f3n constante con cerraduras de filtro de agua seguro y una construcci\u00f3n duradera. Ayuda a mantener un flujo suave, salida m\u00e1s limpia, y el rendimiento diario fiable para el uso pr\u00e1ctico de tratamiento de agua.<\/p>","protected":false},"excerpt":{"rendered":"<table>\n<thead>\n<tr>\n<th>Lugar de origen<\/th>\n<th>Guangdong, China<\/th>\n<th>Marca<\/th>\n<th>Lvyuan \/ OEM<\/th>\n<\/tr>\n<\/thead>\n<tbody>\n<tr>\n<td>N\u00famero de modelo<\/td>\n<td>Serie LY-PPF<\/td>\n<td>Nombre del producto<\/td>\n<td>cartucho filtrante de pp soplado por fusi\u00f3n<\/td>\n<\/tr>\n<tr>\n<td>Tasa de micras<\/td>\n<td>Cartucho filtrante de 1, 3, 5, 10 micras<\/td>\n<td>Dimensi\u00f3n del producto<\/td>\n<td>a medida<\/td>\n<\/tr>\n<tr>\n<td>aplicaci\u00f3n<\/td>\n<td>piezas de filtros de agua, \u00f3smosis inversa<\/td>\n<td>Longitud<\/td>\n<td>5\u2033, 10\u2033, 20\u2033, 30\u2033, 40\u2033, 50\u201d pulgadas<\/td>\n<\/tr>\n<tr>\n<td>Medio filtrante<\/td>\n<td>Membrana de polipropileno PP<\/td>\n<td>Tapa<\/td>\n<td>DOE,222+Fin,222+Flat,226+Fin,226+Flat<\/td>\n<\/tr>\n<tr>\n<td>Material de la junta\/anillo<\/td>\n<td>Silicio\/EPDM\/Vit\u00f3n<\/td>\n<td>Utilizaci\u00f3n<\/td>\n<td>Filtro de cartucho para l\u00edquidos<\/td>\n<\/tr>\n<tr>\n<td>N\u00facleo interno<\/td>\n<td>PP o Ninguno<\/td>\n<td>Capacidad de suministro<\/td>\n<td>5000 Piezas\/Piezas por D\u00eda Medios de microfiltraci\u00f3n<\/td>\n<\/tr>\n<\/tbody>\n<\/table>","protected":false},"featured_media":4272,"comment_status":"open","ping_status":"closed","template":"","meta":{"_gspb_post_css":""},"product_brand":[],"product_cat":[23],"product_tag":[1534,1537,1539,1538,1136,866],"class_list":{"0":"post-4268","1":"product","2":"type-product","3":"status-publish","4":"has-post-thumbnail","6":"product_cat-pp-filter-cartridge","7":"product_tag-inversafilterpurification","8":"product_tag-lvyuan-pp-water-filter","9":"product_tag-made-in-china-filter","10":"product_tag-pp-water-filter","11":"product_tag-water-filter-locks","12":"product_tag-water-filtration-cartridge","14":"first","15":"instock","16":"shipping-taxable","17":"product-type-simple"},"_links":{"self":[{"href":"https:\/\/lyfilter.com\/es\/wp-json\/wp\/v2\/product\/4268","targetHints":{"allow":["GET"]}}],"collection":[{"href":"https:\/\/lyfilter.com\/es\/wp-json\/wp\/v2\/product"}],"about":[{"href":"https:\/\/lyfilter.com\/es\/wp-json\/wp\/v2\/types\/product"}],"replies":[{"embeddable":true,"href":"https:\/\/lyfilter.com\/es\/wp-json\/wp\/v2\/comments?post=4268"}],"wp:featuredmedia":[{"embeddable":true,"href":"https:\/\/lyfilter.com\/es\/wp-json\/wp\/v2\/media\/4272"}],"wp:attachment":[{"href":"https:\/\/lyfilter.com\/es\/wp-json\/wp\/v2\/media?parent=4268"}],"wp:term":[{"taxonomy":"product_brand","embeddable":true,"href":"https:\/\/lyfilter.com\/es\/wp-json\/wp\/v2\/product_brand?post=4268"},{"taxonomy":"product_cat","embeddable":true,"href":"https:\/\/lyfilter.com\/es\/wp-json\/wp\/v2\/product_cat?post=4268"},{"taxonomy":"product_tag","embeddable":true,"href":"https:\/\/lyfilter.com\/es\/wp-json\/wp\/v2\/product_tag?post=4268"}],"curies":[{"name":"wp","href":"https:\/\/api.w.org\/{rel}","templated":true}]}}