{"id":4260,"date":"2026-04-04T06:57:14","date_gmt":"2026-04-04T06:57:14","guid":{"rendered":"https:\/\/lyfilter.com\/"},"modified":"2026-04-04T06:57:15","modified_gmt":"2026-04-04T06:57:15","slug":"pp-filter-cartridge-wholesale-lvyuan-filter","status":"publish","type":"product","link":"https:\/\/lyfilter.com\/es\/pp-filter-cartridge-wholesale-lvyuan-filter\/","title":{"rendered":"Pp Cartucho De Filtro Al Por Mayor - Lvyuan Filtro"},"content":{"rendered":"<p><b>Detalle r\u00e1pido<\/b><\/p>\n<p>Los equipos mec\u00e1nicos de Lvyuan Water Purification Equipment tienen un dise\u00f1o razonable, una estructura compacta y un rendimiento estable. Adem\u00e1s, nuestro producto es f\u00e1cil y conveniente de operar e instalar. Guangzhou Lvyuan Water Purification Equipment Co., Ltd. presta gran atenci\u00f3n en la selecci\u00f3n de los mejores materiales para ser usados en nuestra colecci\u00f3n de cartuchos filtrantes pp. El producto es de alta calidad y rendimiento confiable. Guangzhou Lvyuan Water Purification Equipment Co., Ltd. ha crecido hasta convertirse en una de las empresas a gran escala en el campo profesional global de cartucho de filtro pp.<\/p>\n<p>&nbsp;<\/p>\n<p><b>Informaci\u00f3n sobre el producto<\/b><\/p>\n<p>Con un enfoque en la calidad del producto, Lvyuan Water Purification Equipment se esfuerza por la excelencia de calidad en la producci\u00f3n de cartucho de filtro pp.<\/p>","protected":false},"excerpt":{"rendered":"<table>\n<thead>\n<tr>\n<th>Industrias aplicables<\/th>\n<th>Plantas de fabricaci\u00f3n, f\u00e1bricas de alimentos y bebidas, uso dom\u00e9stico, tratamiento de aguas<\/th>\n<th>Lugar de origen<\/th>\n<th>Guangdong, China<\/th>\n<\/tr>\n<\/thead>\n<tbody>\n<tr>\n<td>Marca<\/td>\n<td>Lvyuan, OEM, ODM<\/td>\n<td>Material<\/td>\n<td>pp<\/td>\n<\/tr>\n<tr>\n<td>Peso<\/td>\n<td>personalizado<\/td>\n<td>Talla<\/td>\n<td>personalizado, slim, jumbo<\/td>\n<\/tr>\n<tr>\n<td>Potencia<\/td>\n<td>0<\/td>\n<td>Garant\u00eda<\/td>\n<td>No disponible<\/td>\n<\/tr>\n<tr>\n<td>Caracter\u00edstica<\/td>\n<td>tama\u00f1o y logotipo personalizados acero robar<\/td>\n<td>Certificaci\u00f3n<\/td>\n<td>SGS<\/td>\n<\/tr>\n<tr>\n<td>Forma<\/td>\n<td>cilindro<\/td>\n<td>Utilizaci\u00f3n<\/td>\n<td>tratamiento del agua<\/td>\n<\/tr>\n<tr>\n<td>Aplicaci\u00f3n<\/td>\n<td>industria<\/td>\n<td>Color<\/td>\n<td>blanco<\/td>\n<\/tr>\n<tr>\n<td>Embalaje<\/td>\n<td>caja de papel<\/td>\n<td>Materia prima<\/td>\n<td>fibra pp<\/td>\n<\/tr>\n<tr>\n<td>Apariencia<\/td>\n<td>en relieve, brillante, etc.<\/td>\n<td>Servicio posventa<\/td>\n<td>Asistencia en l\u00ednea<\/td>\n<\/tr>\n<tr>\n<td>Capacidad de suministro<\/td>\n<td>5000 Piezas por semana<\/td>\n<td><\/td>\n<td><\/td>\n<\/tr>\n<\/tbody>\n<\/table>","protected":false},"featured_media":4266,"comment_status":"open","ping_status":"closed","template":"","meta":{"_gspb_post_css":""},"product_brand":[],"product_cat":[23],"product_tag":[1534,1242,648,1136,866,1536],"class_list":{"0":"post-4260","1":"product","2":"type-product","3":"status-publish","4":"has-post-thumbnail","6":"product_cat-pp-filter-cartridge","7":"product_tag-inversafilterpurification","8":"product_tag-lvyuan-filter","9":"product_tag-pp-filter-cartridge","10":"product_tag-water-filter-locks","11":"product_tag-water-filtration-cartridge","12":"product_tag-wholesale-filter-cartridge","14":"first","15":"instock","16":"shipping-taxable","17":"product-type-simple"},"_links":{"self":[{"href":"https:\/\/lyfilter.com\/es\/wp-json\/wp\/v2\/product\/4260","targetHints":{"allow":["GET"]}}],"collection":[{"href":"https:\/\/lyfilter.com\/es\/wp-json\/wp\/v2\/product"}],"about":[{"href":"https:\/\/lyfilter.com\/es\/wp-json\/wp\/v2\/types\/product"}],"replies":[{"embeddable":true,"href":"https:\/\/lyfilter.com\/es\/wp-json\/wp\/v2\/comments?post=4260"}],"wp:featuredmedia":[{"embeddable":true,"href":"https:\/\/lyfilter.com\/es\/wp-json\/wp\/v2\/media\/4266"}],"wp:attachment":[{"href":"https:\/\/lyfilter.com\/es\/wp-json\/wp\/v2\/media?parent=4260"}],"wp:term":[{"taxonomy":"product_brand","embeddable":true,"href":"https:\/\/lyfilter.com\/es\/wp-json\/wp\/v2\/product_brand?post=4260"},{"taxonomy":"product_cat","embeddable":true,"href":"https:\/\/lyfilter.com\/es\/wp-json\/wp\/v2\/product_cat?post=4260"},{"taxonomy":"product_tag","embeddable":true,"href":"https:\/\/lyfilter.com\/es\/wp-json\/wp\/v2\/product_tag?post=4260"}],"curies":[{"name":"wp","href":"https:\/\/api.w.org\/{rel}","templated":true}]}}