{"id":4244,"date":"2026-04-04T06:46:25","date_gmt":"2026-04-04T06:46:25","guid":{"rendered":"https:\/\/lyfilter.com\/"},"modified":"2026-04-04T06:46:25","modified_gmt":"2026-04-04T06:46:25","slug":"china-supplier-20-filter-core-40-inch-stainless-steel-cartridge-filter-housing-for-beer-filtration","status":"publish","type":"product","link":"https:\/\/lyfilter.com\/es\/china-supplier-20-filter-core-40-inch-stainless-steel-cartridge-filter-housing-for-beer-filtration\/","title":{"rendered":"China Proveedor 20 N\u00facleo de filtro de 40 pulgadas de acero inoxidable cartucho de filtro de la vivienda para la filtraci\u00f3n de cerveza"},"content":{"rendered":"<p>Esta carcasa de filtro de cartucho de acero inoxidable est\u00e1 dise\u00f1ada para la filtraci\u00f3n de cerveza con fuertes cierres de filtro de agua y espacio para 20 n\u00facleos de filtro. Su estructura duradera de 40 pulgadas admite un flujo estable, un procesamiento limpio y un uso fiable a largo plazo.<\/p>","protected":false},"excerpt":{"rendered":"<table>\n<thead>\n<tr>\n<th>Industrias aplicables<\/th>\n<th>Planta de fabricaci\u00f3n, f\u00e1brica de alimentos y bebidas, tratamiento de aguas<\/th>\n<th>Servicio post garant\u00eda<\/th>\n<th>Asistencia en l\u00ednea<\/th>\n<\/tr>\n<\/thead>\n<tbody>\n<tr>\n<td>Ubicaci\u00f3n del servicio local<\/td>\n<td>ninguno<\/td>\n<td>Ubicaci\u00f3n de la sala de exposiciones<\/td>\n<td>ninguno<\/td>\n<\/tr>\n<tr>\n<td>V\u00eddeo de la inspecci\u00f3n de salida<\/td>\n<td>Proporcionado<\/td>\n<td>Informe de ensayo de maquinaria<\/td>\n<td>No disponible<\/td>\n<\/tr>\n<tr>\n<td>Tipo de comercializaci\u00f3n<\/td>\n<td>Producto estrella 2019<\/td>\n<td>Garant\u00eda de los componentes principales<\/td>\n<td>No disponible<\/td>\n<\/tr>\n<tr>\n<td>Lugar de origen<\/td>\n<td>Guangdong, China<\/td>\n<td>Marca<\/td>\n<td>Lvyuan,OEM,ODM<\/td>\n<\/tr>\n<tr>\n<td>Material<\/td>\n<td>acero inoxidable<\/td>\n<td>Peso<\/td>\n<td>personalizado<\/td>\n<\/tr>\n<tr>\n<td>Talla<\/td>\n<td>a medida, 10\u201d20\u201d30\u201d40\u201d<\/td>\n<td>Potencia<\/td>\n<td>0<\/td>\n<\/tr>\n<tr>\n<td>Garant\u00eda<\/td>\n<td>1 a\u00f1o<\/td>\n<td>Servicio posventa<\/td>\n<td>Asistencia en l\u00ednea<\/td>\n<\/tr>\n<tr>\n<td>Caracter\u00edstica<\/td>\n<td>f\u00e1cil instalaci\u00f3n<\/td>\n<td>Certificaci\u00f3n<\/td>\n<td>SGS<\/td>\n<\/tr>\n<tr>\n<td>Forma<\/td>\n<td>cilindro<\/td>\n<td>Utilizaci\u00f3n<\/td>\n<td>filtraci\u00f3n de agua<\/td>\n<\/tr>\n<tr>\n<td>Aplicaci\u00f3n<\/td>\n<td>industria<\/td>\n<td>superficie<\/td>\n<td>pulido<\/td>\n<\/tr>\n<tr>\n<td>Modelo<\/td>\n<td>LY01<\/td>\n<td>Materia prima<\/td>\n<td>acero inoxidable<\/td>\n<\/tr>\n<tr>\n<td>Presi\u00f3n de trabajo<\/td>\n<td>150 Psi<\/td>\n<td>Componentes b\u00e1sicos<\/td>\n<td>filtro<\/td>\n<\/tr>\n<tr>\n<td>Capacidad de suministro<\/td>\n<td>5000 piezas al a\u00f1o<\/td>\n<td><\/td>\n<td><\/td>\n<\/tr>\n<\/tbody>\n<\/table>","protected":false},"featured_media":4248,"comment_status":"open","ping_status":"closed","template":"","meta":{"_gspb_post_css":""},"product_brand":[],"product_cat":[15],"product_tag":[1533,1532,1531,1534,34,1136],"class_list":{"0":"post-4244","1":"product","2":"type-product","3":"status-publish","4":"has-post-thumbnail","6":"product_cat-stainless-steel-filter-housing","7":"product_tag-20-core-filter-housing","8":"product_tag-40-inch-cartridge-filter","9":"product_tag-beer-filtration-housing","10":"product_tag-inversafilterpurification","11":"product_tag-stainless-steel-filter-housing","12":"product_tag-water-filter-locks","14":"first","15":"instock","16":"shipping-taxable","17":"product-type-simple"},"_links":{"self":[{"href":"https:\/\/lyfilter.com\/es\/wp-json\/wp\/v2\/product\/4244","targetHints":{"allow":["GET"]}}],"collection":[{"href":"https:\/\/lyfilter.com\/es\/wp-json\/wp\/v2\/product"}],"about":[{"href":"https:\/\/lyfilter.com\/es\/wp-json\/wp\/v2\/types\/product"}],"replies":[{"embeddable":true,"href":"https:\/\/lyfilter.com\/es\/wp-json\/wp\/v2\/comments?post=4244"}],"wp:featuredmedia":[{"embeddable":true,"href":"https:\/\/lyfilter.com\/es\/wp-json\/wp\/v2\/media\/4248"}],"wp:attachment":[{"href":"https:\/\/lyfilter.com\/es\/wp-json\/wp\/v2\/media?parent=4244"}],"wp:term":[{"taxonomy":"product_brand","embeddable":true,"href":"https:\/\/lyfilter.com\/es\/wp-json\/wp\/v2\/product_brand?post=4244"},{"taxonomy":"product_cat","embeddable":true,"href":"https:\/\/lyfilter.com\/es\/wp-json\/wp\/v2\/product_cat?post=4244"},{"taxonomy":"product_tag","embeddable":true,"href":"https:\/\/lyfilter.com\/es\/wp-json\/wp\/v2\/product_tag?post=4244"}],"curies":[{"name":"wp","href":"https:\/\/api.w.org\/{rel}","templated":true}]}}