{"id":4235,"date":"2026-04-04T06:43:15","date_gmt":"2026-04-04T06:43:15","guid":{"rendered":"https:\/\/lyfilter.com\/"},"modified":"2026-04-04T06:43:15","modified_gmt":"2026-04-04T06:43:15","slug":"lvyuan-safe-pp-pleated-filter-cartridge-replace-for-water","status":"publish","type":"product","link":"https:\/\/lyfilter.com\/es\/lvyuan-safe-pp-pleated-filter-cartridge-replace-for-water\/","title":{"rendered":"Lvyuan seguro PP plisado cartucho de filtro de reemplazo para el agua"},"content":{"rendered":"<p><b>Ventajas de la empresa<\/b><br \/>\n<b>1.<\/b>\u00a0Intelligentization se ha adoptado en el desarrollo de Lvyuan 20 micras filtro de agua plegado . Se desarrolla con un cierto grado de automatizaci\u00f3n y alto contenido tecnol\u00f3gico. No impartir\u00e1 sabor, olor o color al producto filtrado.<br \/>\n<b>2.<\/b>\u00a0El producto ha ayudado mucho a que mi proyecto de construcci\u00f3n destaque entre la multitud. Me encantan sus formas y aspecto llamativos. - Dijo uno de nuestros clientes. La porosidad del medio filtrante var\u00eda en profundidad.<br \/>\n<b>3.<\/b>\u00a0El producto es muy aclamado por su alta calidad y su excelente rendimiento y versatilidad. Con un gran n\u00famero de orificios de fijaci\u00f3n c\u00f3nicos en su interior, tiene una gran capacidad de retenci\u00f3n de suciedad<br \/>\n<b>4.<\/b>\u00a0pp\u00a0<a href=\"https:\/\/lyfilter.com\/es\/pleated-filter-cartridge.html\/\">cartucho filtrante de pliegues<\/a>\u00a0de Guangzhou Lvyuan Water Purification Equipment Co., Ltd. juega una excelente caracter\u00edstica de 20 micras filtro de agua plisado . No contiene aglutinantes, agentes, disolventes, materiales antiest\u00e1ticos o agentes humectantes.<\/p>","protected":false},"excerpt":{"rendered":"<table>\n<thead>\n<tr>\n<th>Industrias aplicables<\/th>\n<th>Planta de fabricaci\u00f3n, f\u00e1brica de alimentos y bebidas, tratamiento de aguas<\/th>\n<th>Lugar de origen<\/th>\n<th>Guangdong, China<\/th>\n<\/tr>\n<\/thead>\n<tbody>\n<tr>\n<td>Marca<\/td>\n<td>Lvyuan, OEM, ODM<\/td>\n<td>Material<\/td>\n<td>pp\/PES\/PVDF\/PTFE\/Nylon<\/td>\n<\/tr>\n<tr>\n<td>Peso<\/td>\n<td>personalizado<\/td>\n<td>Talla<\/td>\n<td>personalizado, slim, jumbo<\/td>\n<\/tr>\n<tr>\n<td>Potencia<\/td>\n<td>0<\/td>\n<td>Garant\u00eda<\/td>\n<td>No disponible<\/td>\n<\/tr>\n<tr>\n<td>Caracter\u00edstica<\/td>\n<td>aumento de la superficie de filtraci\u00f3n<\/td>\n<td>Certificaci\u00f3n<\/td>\n<td>SGS<\/td>\n<\/tr>\n<tr>\n<td>Forma<\/td>\n<td>cilindro<\/td>\n<td>Utilizaci\u00f3n<\/td>\n<td>tratamiento del agua<\/td>\n<\/tr>\n<tr>\n<td>Aplicaci\u00f3n<\/td>\n<td>industria<\/td>\n<td>Color<\/td>\n<td>blanco<\/td>\n<\/tr>\n<tr>\n<td>Embalaje<\/td>\n<td>caja de papel<\/td>\n<td>Otro nombre<\/td>\n<td>cartucho filtrante plegable<\/td>\n<\/tr>\n<tr>\n<td>tasa de mircron<\/td>\n<td>0,1 micras a 100 micras<\/td>\n<td>Servicio posventa<\/td>\n<td>Asistencia en l\u00ednea<\/td>\n<\/tr>\n<tr>\n<td>Capacidad de suministro<\/td>\n<td>5000 Piezas por semana<\/td>\n<td><\/td>\n<td><\/td>\n<\/tr>\n<\/tbody>\n<\/table>","protected":false},"featured_media":4243,"comment_status":"open","ping_status":"closed","template":"","meta":{"_gspb_post_css":""},"product_brand":[],"product_cat":[21],"product_tag":[743,1528,1530,1529,1136,1476],"class_list":{"0":"post-4235","1":"product","2":"type-product","3":"status-publish","4":"has-post-thumbnail","6":"product_cat-pleated-filter-cartridge","7":"product_tag-industrial-water-filter-cartridge","8":"product_tag-lvyuan-pp-pleated-filter-cartridge","9":"product_tag-pleated-filter-replacement","10":"product_tag-safe-pp-water-filter-cartridge","11":"product_tag-water-filter-locks","12":"product_tag-water-purification-filter-cartridge","14":"first","15":"instock","16":"shipping-taxable","17":"product-type-simple"},"_links":{"self":[{"href":"https:\/\/lyfilter.com\/es\/wp-json\/wp\/v2\/product\/4235","targetHints":{"allow":["GET"]}}],"collection":[{"href":"https:\/\/lyfilter.com\/es\/wp-json\/wp\/v2\/product"}],"about":[{"href":"https:\/\/lyfilter.com\/es\/wp-json\/wp\/v2\/types\/product"}],"replies":[{"embeddable":true,"href":"https:\/\/lyfilter.com\/es\/wp-json\/wp\/v2\/comments?post=4235"}],"wp:featuredmedia":[{"embeddable":true,"href":"https:\/\/lyfilter.com\/es\/wp-json\/wp\/v2\/media\/4243"}],"wp:attachment":[{"href":"https:\/\/lyfilter.com\/es\/wp-json\/wp\/v2\/media?parent=4235"}],"wp:term":[{"taxonomy":"product_brand","embeddable":true,"href":"https:\/\/lyfilter.com\/es\/wp-json\/wp\/v2\/product_brand?post=4235"},{"taxonomy":"product_cat","embeddable":true,"href":"https:\/\/lyfilter.com\/es\/wp-json\/wp\/v2\/product_cat?post=4235"},{"taxonomy":"product_tag","embeddable":true,"href":"https:\/\/lyfilter.com\/es\/wp-json\/wp\/v2\/product_tag?post=4235"}],"curies":[{"name":"wp","href":"https:\/\/api.w.org\/{rel}","templated":true}]}}