{"id":4216,"date":"2026-04-04T06:27:05","date_gmt":"2026-04-04T06:27:05","guid":{"rendered":"https:\/\/lyfilter.com\/"},"modified":"2026-04-04T06:27:05","modified_gmt":"2026-04-04T06:27:05","slug":"lvyuan-string-wound-filter-cartridge-exporter-for-water","status":"publish","type":"product","link":"https:\/\/lyfilter.com\/es\/lvyuan-string-wound-filter-cartridge-exporter-for-water\/","title":{"rendered":"Lvyuan String Wound Cartucho De Filtro Exportador Para El Agua"},"content":{"rendered":"<p>Construido para un agua m\u00e1s limpia y una filtraci\u00f3n constante, este cartucho filtrante Lvyuan ayuda a reducir los sedimentos y las part\u00edculas en suspensi\u00f3n mientras mantiene un flujo constante. Su estructura en capas permite un rendimiento fiable y una pr\u00e1ctica sustituci\u00f3n diaria.<\/p>","protected":false},"excerpt":{"rendered":"<table>\n<thead>\n<tr>\n<th>Atributo<\/th>\n<th>Valor<\/th>\n<th>Atributo<\/th>\n<th>Valor<\/th>\n<\/tr>\n<\/thead>\n<tbody>\n<tr>\n<td>Servicio post garant\u00eda<\/td>\n<td>Asistencia en l\u00ednea<\/td>\n<td>Ubicaci\u00f3n del servicio local<\/td>\n<td>ninguno<\/td>\n<\/tr>\n<tr>\n<td>Ubicaci\u00f3n de la sala de exposiciones<\/td>\n<td>ninguno<\/td>\n<td>Lugar de origen<\/td>\n<td>Guangdong, China<\/td>\n<\/tr>\n<tr>\n<td>Marca<\/td>\n<td>Lvyuan \/ OEM<\/td>\n<td>Material<\/td>\n<td>cart\u00f3n, PP \/ algod\u00f3n \/ fibra de vidrio<\/td>\n<\/tr>\n<tr>\n<td>Peso<\/td>\n<td>depende<\/td>\n<td>Talla<\/td>\n<td>depende<\/td>\n<\/tr>\n<tr>\n<td>Potencia<\/td>\n<td>0<\/td>\n<td>Garant\u00eda<\/td>\n<td>No disponible<\/td>\n<\/tr>\n<tr>\n<td>Nombre del producto<\/td>\n<td>cartucho filtrante de hilo pp de 20 pulgadas<\/td>\n<td>Tasa de micras<\/td>\n<td>Cartucho filtrante de 1, 3, 5, 10 micras<\/td>\n<\/tr>\n<tr>\n<td>N\u00facleo interno<\/td>\n<td>PP o acero inoxidable<\/td>\n<td>Longitud<\/td>\n<td>5\u2033, 10\u2033, 20\u2033, 30\u2033, 40\u2033, 50\u201d pulgadas<\/td>\n<\/tr>\n<tr>\n<td>Material de la junta\/anillo<\/td>\n<td>Silicio\/EPDM\/Vit\u00f3n<\/td>\n<td>Utilizaci\u00f3n<\/td>\n<td>filtro de l\u00edquidos, piezas de filtros de agua<\/td>\n<\/tr>\n<tr>\n<td>Di\u00e1metro interior<\/td>\n<td>28, 30 mm<\/td>\n<td>Di\u00e1metro exterior<\/td>\n<td>60~62mm, Jumbo 110~115mm<\/td>\n<\/tr>\n<tr>\n<td>Certificaci\u00f3n<\/td>\n<td>CE SGS ISO<\/td>\n<td>Capacidad de suministro<\/td>\n<td>5000 Piezas\/Piezas por D\u00eda cartucho de filtro de hilo de algod\u00f3n<\/td>\n<\/tr>\n<\/tbody>\n<\/table>","protected":false},"featured_media":4218,"comment_status":"open","ping_status":"closed","template":"","meta":{"_gspb_post_css":""},"product_brand":[],"product_cat":[1095],"product_tag":[1517,1515,1518,1516,357,1136],"class_list":{"0":"post-4216","1":"product","2":"type-product","3":"status-publish","4":"has-post-thumbnail","6":"product_cat-string-wound-filter-cartridge","7":"product_tag-industrial-water-purification-filter","8":"product_tag-lvyuan-string-wound-filter-cartridge","9":"product_tag-replacement-string-wound-filter","10":"product_tag-string-wound-sediment-filter","11":"product_tag-water-filter-cartridge","12":"product_tag-water-filter-locks","14":"first","15":"instock","16":"shipping-taxable","17":"product-type-simple"},"_links":{"self":[{"href":"https:\/\/lyfilter.com\/es\/wp-json\/wp\/v2\/product\/4216","targetHints":{"allow":["GET"]}}],"collection":[{"href":"https:\/\/lyfilter.com\/es\/wp-json\/wp\/v2\/product"}],"about":[{"href":"https:\/\/lyfilter.com\/es\/wp-json\/wp\/v2\/types\/product"}],"replies":[{"embeddable":true,"href":"https:\/\/lyfilter.com\/es\/wp-json\/wp\/v2\/comments?post=4216"}],"wp:featuredmedia":[{"embeddable":true,"href":"https:\/\/lyfilter.com\/es\/wp-json\/wp\/v2\/media\/4218"}],"wp:attachment":[{"href":"https:\/\/lyfilter.com\/es\/wp-json\/wp\/v2\/media?parent=4216"}],"wp:term":[{"taxonomy":"product_brand","embeddable":true,"href":"https:\/\/lyfilter.com\/es\/wp-json\/wp\/v2\/product_brand?post=4216"},{"taxonomy":"product_cat","embeddable":true,"href":"https:\/\/lyfilter.com\/es\/wp-json\/wp\/v2\/product_cat?post=4216"},{"taxonomy":"product_tag","embeddable":true,"href":"https:\/\/lyfilter.com\/es\/wp-json\/wp\/v2\/product_tag?post=4216"}],"curies":[{"name":"wp","href":"https:\/\/api.w.org\/{rel}","templated":true}]}}