{"id":4211,"date":"2026-04-04T06:24:57","date_gmt":"2026-04-04T06:24:57","guid":{"rendered":"https:\/\/lyfilter.com\/"},"modified":"2026-04-04T06:24:57","modified_gmt":"2026-04-04T06:24:57","slug":"cleanable-20-inch-0-2-micron-sintered-titanium-water-filter-candle-porous-titanium-filter","status":"publish","type":"product","link":"https:\/\/lyfilter.com\/es\/cleanable-20-inch-0-2-micron-sintered-titanium-water-filter-candle-porous-titanium-filter\/","title":{"rendered":"Filtro de agua de titanio sinterizado limpiable de 20 pulgadas y 0,2 micras \/ Filtro de titanio poroso"},"content":{"rendered":"<p>Dise\u00f1ada para la purificaci\u00f3n fina del agua, esta vela filtrante de titanio sinterizado de 0,2 micras y 20 pulgadas ofrece un rendimiento limpiable y duradero con una estructura porosa que favorece un flujo estable, una eliminaci\u00f3n de part\u00edculas fiable y un uso diario pr\u00e1ctico.<\/p>","protected":false},"excerpt":{"rendered":"<table>\n<thead>\n<tr>\n<th>Atributo<\/th>\n<th>Valor<\/th>\n<th>Atributo<\/th>\n<th>Valor<\/th>\n<\/tr>\n<\/thead>\n<tbody>\n<tr>\n<td>Industrias aplicables<\/td>\n<td>Tiendas de materiales de construcci\u00f3n, F\u00e1brica de alimentos y bebidas, Uso dom\u00e9stico, Imprentas, Energ\u00eda y miner\u00eda, Tiendas de alimentos y bebidas<\/td>\n<td>Lugar de origen<\/td>\n<td>Guangdong, China<\/td>\n<\/tr>\n<tr>\n<td>Marca<\/td>\n<td>Lvyuan\/OEM<\/td>\n<td>Material<\/td>\n<td>Titanio, titanio puro<\/td>\n<\/tr>\n<tr>\n<td>Peso<\/td>\n<td>Personalizado<\/td>\n<td>Talla<\/td>\n<td>Personalizado<\/td>\n<\/tr>\n<tr>\n<td>Potencia<\/td>\n<td>0<\/td>\n<td>Garant\u00eda<\/td>\n<td>No disponible<\/td>\n<\/tr>\n<tr>\n<td>Nombre<\/td>\n<td>Vela de filtro de agua de titanio sinterizado limpiable de 20 pulgadas<\/td>\n<td>Interfaz<\/td>\n<td>222, 226, 215, Plano, M20, M30, M42<\/td>\n<\/tr>\n<tr>\n<td>Di\u00e1metro exterior<\/td>\n<td>60-70 mm<\/td>\n<td>Longitud<\/td>\n<td>5, 10, 20, 30, 40 pulgadas o personalizado<\/td>\n<\/tr>\n<tr>\n<td>Micron<\/td>\n<td>0,1 ~ 100 micras<\/td>\n<td>Porosidad<\/td>\n<td>28~50%<\/td>\n<\/tr>\n<tr>\n<td>Tolerancia t\u00e9rmica<\/td>\n<td>\u2264300\u2103(H\u00famedo)<\/td>\n<td>Utilizaci\u00f3n<\/td>\n<td>filtrar agua mineral, vino, ect<\/td>\n<\/tr>\n<tr>\n<td>Forma de lavado<\/td>\n<td>Limpieza de pozos y retrolavado<\/td>\n<td>Servicio posventa<\/td>\n<td>Asistencia en l\u00ednea<\/td>\n<\/tr>\n<tr>\n<td>Capacidad de suministro<\/td>\n<td>500 piezas por d\u00eda<\/td>\n<td><\/td>\n<td><\/td>\n<\/tr>\n<\/tbody>\n<\/table>","protected":false},"featured_media":4212,"comment_status":"open","ping_status":"closed","template":"","meta":{"_gspb_post_css":""},"product_brand":[],"product_cat":[1141],"product_tag":[1512,1511,1514,1513,1492,1136],"class_list":{"0":"post-4211","1":"product","2":"type-product","3":"status-publish","4":"has-post-thumbnail","6":"product_cat-titanium-filter-cartridge","7":"product_tag-0-2-micron-sintered-titanium-filter","8":"product_tag-20-inch-titanium-filter-candle","9":"product_tag-cleanable-water-filter-candle","10":"product_tag-porous-titanium-water-filter","11":"product_tag-sintered-metal-water-filter","12":"product_tag-water-filter-locks","14":"first","15":"instock","16":"shipping-taxable","17":"product-type-simple"},"_links":{"self":[{"href":"https:\/\/lyfilter.com\/es\/wp-json\/wp\/v2\/product\/4211","targetHints":{"allow":["GET"]}}],"collection":[{"href":"https:\/\/lyfilter.com\/es\/wp-json\/wp\/v2\/product"}],"about":[{"href":"https:\/\/lyfilter.com\/es\/wp-json\/wp\/v2\/types\/product"}],"replies":[{"embeddable":true,"href":"https:\/\/lyfilter.com\/es\/wp-json\/wp\/v2\/comments?post=4211"}],"wp:featuredmedia":[{"embeddable":true,"href":"https:\/\/lyfilter.com\/es\/wp-json\/wp\/v2\/media\/4212"}],"wp:attachment":[{"href":"https:\/\/lyfilter.com\/es\/wp-json\/wp\/v2\/media?parent=4211"}],"wp:term":[{"taxonomy":"product_brand","embeddable":true,"href":"https:\/\/lyfilter.com\/es\/wp-json\/wp\/v2\/product_brand?post=4211"},{"taxonomy":"product_cat","embeddable":true,"href":"https:\/\/lyfilter.com\/es\/wp-json\/wp\/v2\/product_cat?post=4211"},{"taxonomy":"product_tag","embeddable":true,"href":"https:\/\/lyfilter.com\/es\/wp-json\/wp\/v2\/product_tag?post=4211"}],"curies":[{"name":"wp","href":"https:\/\/api.w.org\/{rel}","templated":true}]}}