{"id":4185,"date":"2026-04-04T06:09:21","date_gmt":"2026-04-04T06:09:21","guid":{"rendered":"https:\/\/lyfilter.com\/"},"modified":"2026-04-04T06:09:21","modified_gmt":"2026-04-04T06:09:21","slug":"wholesale-sinter-candle-filter-oem-microns-sintered-carbon-block-water-filter-for-drinking-water-bottle","status":"publish","type":"product","link":"https:\/\/lyfilter.com\/es\/wholesale-sinter-candle-filter-oem-microns-sintered-carbon-block-water-filter-for-drinking-water-bottle\/","title":{"rendered":"Venta al por mayor Sinterizar Vela Filtro Oem Micrones Sinterizado Bloque de Carb\u00f3n Filtro de Agua Para Botella de Agua Potable"},"content":{"rendered":"<p>Fabricado para una hidrataci\u00f3n diaria m\u00e1s limpia, este filtro de vela sinterizado utiliza una estructura de bloques de carbono sinterizado para reducir las part\u00edculas no deseadas y favorecer un mejor sabor. Se adapta a las aplicaciones de botellas de agua potable que necesitan un flujo constante y una filtraci\u00f3n pr\u00e1ctica.<\/p>","protected":false},"excerpt":{"rendered":"<table>\n<thead>\n<tr>\n<th>Atributo<\/th>\n<th>Valor<\/th>\n<th>Atributo<\/th>\n<th>Valor<\/th>\n<\/tr>\n<\/thead>\n<tbody>\n<tr>\n<td>Lugar de origen<\/td>\n<td>China<\/td>\n<td>Potencia (W)<\/td>\n<td>0<\/td>\n<\/tr>\n<tr>\n<td>Tensi\u00f3n (V)<\/td>\n<td>0<\/td>\n<td>Servicio posventa<\/td>\n<td>Instalaci\u00f3n in situ, asistencia en l\u00ednea<\/td>\n<\/tr>\n<tr>\n<td>Garant\u00eda<\/td>\n<td>1 a\u00f1o<\/td>\n<td>Tipo<\/td>\n<td>Carb\u00f3n activado<\/td>\n<\/tr>\n<tr>\n<td>Certificaci\u00f3n<\/td>\n<td>ce, ISO<\/td>\n<td>Utilice<\/td>\n<td>Prefiltraci\u00f3n dom\u00e9stica<\/td>\n<\/tr>\n<tr>\n<td>Aplicaci\u00f3n<\/td>\n<td>Hogar<\/td>\n<td>Fuente de energ\u00eda<\/td>\n<td>Manual<\/td>\n<\/tr>\n<tr>\n<td>Nombre del producto<\/td>\n<td>filtro de agua de bloque de carb\u00f3n sinterizado<\/td>\n<td>Material<\/td>\n<td>Carb\u00f3n de coco activado sinterizado<\/td>\n<\/tr>\n<tr>\n<td>Longitud<\/td>\n<td>10-1050 mm<\/td>\n<td>OD<\/td>\n<td>14-121 mm<\/td>\n<\/tr>\n<tr>\n<td>ID<\/td>\n<td>6-50 mm<\/td>\n<td>Tasa de micra<\/td>\n<td>0,5-20um<\/td>\n<\/tr>\n<tr>\n<td>Valor de yodo<\/td>\n<td>hasta 1000<\/td>\n<td>Caudal<\/td>\n<td>\u2264300L\/h<\/td>\n<\/tr>\n<\/tbody>\n<\/table>","protected":false},"featured_media":4191,"comment_status":"open","ping_status":"closed","template":"","meta":{"_gspb_post_css":""},"product_brand":[],"product_cat":[22],"product_tag":[1497,1495,1494,1496,1136,1498],"class_list":{"0":"post-4185","1":"product","2":"type-product","3":"status-publish","4":"has-post-thumbnail","6":"product_cat-sintered-filter-cartridge","7":"product_tag-drinking-water-bottle-filter","8":"product_tag-oem-micron-water-filter","9":"product_tag-sinter-candle-filter","10":"product_tag-sintered-carbon-block-filter","11":"product_tag-water-filter-locks","12":"product_tag-wholesale-water-purification-filter","14":"first","15":"instock","16":"shipping-taxable","17":"product-type-simple"},"_links":{"self":[{"href":"https:\/\/lyfilter.com\/es\/wp-json\/wp\/v2\/product\/4185","targetHints":{"allow":["GET"]}}],"collection":[{"href":"https:\/\/lyfilter.com\/es\/wp-json\/wp\/v2\/product"}],"about":[{"href":"https:\/\/lyfilter.com\/es\/wp-json\/wp\/v2\/types\/product"}],"replies":[{"embeddable":true,"href":"https:\/\/lyfilter.com\/es\/wp-json\/wp\/v2\/comments?post=4185"}],"wp:featuredmedia":[{"embeddable":true,"href":"https:\/\/lyfilter.com\/es\/wp-json\/wp\/v2\/media\/4191"}],"wp:attachment":[{"href":"https:\/\/lyfilter.com\/es\/wp-json\/wp\/v2\/media?parent=4185"}],"wp:term":[{"taxonomy":"product_brand","embeddable":true,"href":"https:\/\/lyfilter.com\/es\/wp-json\/wp\/v2\/product_brand?post=4185"},{"taxonomy":"product_cat","embeddable":true,"href":"https:\/\/lyfilter.com\/es\/wp-json\/wp\/v2\/product_cat?post=4185"},{"taxonomy":"product_tag","embeddable":true,"href":"https:\/\/lyfilter.com\/es\/wp-json\/wp\/v2\/product_tag?post=4185"}],"curies":[{"name":"wp","href":"https:\/\/api.w.org\/{rel}","templated":true}]}}