{"id":4182,"date":"2026-04-04T05:58:10","date_gmt":"2026-04-04T05:58:10","guid":{"rendered":"https:\/\/lyfilter.com\/"},"modified":"2026-04-04T05:58:10","modified_gmt":"2026-04-04T05:58:10","slug":"sintered-metal-filter-10000-units-month-by-lvyuan-filter","status":"publish","type":"product","link":"https:\/\/lyfilter.com\/es\/sintered-metal-filter-10000-units-month-by-lvyuan-filter\/","title":{"rendered":"Filtro de metal sinterizado 10000 Unidades\/Month by Lvyuan Filter"},"content":{"rendered":"<div class=\"er-fangkuang1\">\n<p>Los filtros pl\u00e1sticos porosos sinterizados de Lvyuan pueden cumplir los requisitos de diversos clientes. Formas moldeadas por encargo est\u00e1n disponibles.<\/p>\n<p>PE y HDPE\u00a0<a href=\"https:\/\/lyfilter.com\/es\/sintered-filter-cartridge.html\/\">Cartucho filtrante sinterizado<\/a>\uff1a<br \/>\nLos productos de polietileno (PE) poroso sinterizado son los pl\u00e1sticos m\u00e1s utilizados\u00a0<a href=\"https:\/\/lyfilter.com\/es\/products.html\/\">elemento filtrante<\/a>\u00a0en el mundo. Los pl\u00e1sticos de PE poroso son termopl\u00e1sticos fuertes y ligeros con una gran resistencia qu\u00edmica (\u00e1cidos y \u00e1lcalis) y un amplio rango de micras de 1 a 200um. Hay polietileno de peso molecular ultraalto (UHMWPE) y polietileno de alta densidad (HDPE) disponibles en tubos, l\u00e1minas, varillas y formas moldeadas para diferentes aplicaciones.<\/p>\n<p>Cartucho filtrante sinterizado de PTFE:<br \/>\nLos elementos filtrantes microporosos de PTFE se fabrican sinterizando gr\u00e1nulos de PTFE (politetrafluoroetileno) puro, sin utilizar otras sustancias en su construcci\u00f3n. Estos elementos filtrantes suelen ofrecerse cuando s\u00f3lo puede utilizarse PTFE puro desechable 100%. La ventaja del PTFE es una temperatura m\u00e1xima m\u00e1s alta, hasta 200\u2103, y una resistencia qu\u00edmica algo mejor. Estos elementos filtrantes deben limpiarse con ultrasonidos para obtener los mejores resultados.<\/p>\n<p>Cartucho filtrante sinterizado de PVDF:<br \/>\nLos productos de PVDF (fluoruro de polivinilideno) poroso sinterizado son una buena elecci\u00f3n cuando se exponen a condiciones t\u00e9rmicas, ultravioletas, de ozono y qu\u00edmicas adversas. Los productos de PVDF poroso son extremadamente duros y tienen un tama\u00f1o medio de poro de 25 micras. Puede trabajar a temperaturas comprendidas entre -62 y 149\u2103.<\/p>\n<p>Cartucho filtrante sinterizado de PA\/Nylon:<br \/>\nEl nailon, nombre comercial de las poliamidas (PA), es un pol\u00edmero semicristalino que contiene grupos amina y carbonilo. Hay numerosas versiones. El nailon\/PA tiene una gran solidez y resistencia t\u00e9rmica, con una temperatura de reblandecimiento de 190\u2103. Temperatura de trabajo de -40\u2103 a 121\u2103, los productos porosos sinterizados de PA\/Nylon tienen una resistencia a la tracci\u00f3n muy alta, buena resistencia a la abrasi\u00f3n y a los productos qu\u00edmicos, y bajo coeficiente de fricci\u00f3n.<\/p>\n<\/div>\n<div class=\"er-fangkuang1\">\n<p>\u00a0 Caracter\u00edsticas del producto<\/p>\n<div class=\"description\">\n<ul>\n<li><span class=\"font-color\">\u25ea \u00a0\u00a0<\/span>Alta porosidad (60%) para garantizar un mayor caudal por unidad de superficie;<\/li>\n<li><span class=\"font-color\">\u25ea\u00a0 \u00a0<\/span>Superficie exterior lisa, las impurezas no se adhieren f\u00e1cilmente, el lavado posterior es f\u00e1cil y minucioso;<\/li>\n<li><span class=\"font-color\">\u25ea\u00a0 \u00a0<\/span>Capacidad antiincrustante: el peque\u00f1o tama\u00f1o del filtro impide que las impurezas queden retenidas en el cuerpo del filtro;<\/li>\n<li><span class=\"font-color\">\u25ea\u00a0 \u00a0<\/span>Resistencia a los \u00e1cidos fuertes, corrosi\u00f3n alcalina, resistencia a los disolventes org\u00e1nicos;<\/li>\n<li><span class=\"font-color\">\u25ea\u00a0 \u00a0<\/span>Excelentes propiedades mec\u00e1nicas;<\/li>\n<li><span class=\"font-color\">\u25ea\u00a0 \u00a0<\/span>No hay liberaci\u00f3n de part\u00edculas.<\/li>\n<li><span class=\"font-color\">\u25ea\u00a0 \u00a0<\/span>Gama de productos y amplio campo de aplicaci\u00f3n<\/li>\n<\/ul>\n<\/div>\n<\/div>","protected":false},"excerpt":{"rendered":"<table>\n<thead>\n<tr>\n<th>Atributo<\/th>\n<th>Valor<\/th>\n<th>Atributo<\/th>\n<th>Valor<\/th>\n<\/tr>\n<\/thead>\n<tbody>\n<tr>\n<td>Dimensiones del cartucho Fiter<\/td>\n<td><\/td>\n<td>Tama\u00f1o normal (mm)<\/td>\n<td>31x12x1000, 31x20x1000, 38x20x1000, 38x18x1000, 38x20x1200, 38x20x1300, 38x20x150, 38x20x400, 38x20x250, 38x20x200, 38x20x180, 38x20x150, 50x20x1000, 50x31x1000, 50x38x1000, 65x31x1000, 65x38x1000, 64x44x1000, 78x62x750mm, etc.<\/td>\n<\/tr>\n<tr>\n<td>Otras dimensiones<\/td>\n<td>Personalizado a petici\u00f3n del cliente.<\/td>\n<td>Material de construcci\u00f3n<\/td>\n<td><\/td>\n<\/tr>\n<tr>\n<td>Opci\u00f3n de medio filtrante<\/td>\n<td>PE, HDPE, PTFE, PVDF, PA\/Nylon, etc.<\/td>\n<td>Tipo de conector<\/td>\n<td>Plano, Tipo inserci\u00f3n, Tipo rosca, Aleta<\/td>\n<\/tr>\n<tr>\n<td>Tapas<\/td>\n<td>PP, M36, M30, M25, M22, M14, M12, o seg\u00fan pedido.<\/td>\n<td>Rendimiento<\/td>\n<td><\/td>\n<\/tr>\n<tr>\n<td>Tasa de eliminaci\u00f3n<\/td>\n<td>0,3, 0,45, 1, 3, 5, 10, 20, 30, 40, 50 \u03bcm<\/td>\n<td>Temperatura m\u00e1xima de funcionamiento<\/td>\n<td>\u2266 82 \u2103<\/td>\n<\/tr>\n<tr>\n<td>Presi\u00f3n m\u00e1xima de funcionamiento<\/td>\n<td>6,0bar<\/td>\n<td><\/td>\n<td><\/td>\n<\/tr>\n<\/tbody>\n<\/table>","protected":false},"featured_media":4183,"comment_status":"open","ping_status":"closed","template":"","meta":{"_gspb_post_css":""},"product_brand":[],"product_cat":[22],"product_tag":[1378,1346,1491,1492,1136,1493],"class_list":{"0":"post-4182","1":"product","2":"type-product","3":"status-publish","4":"has-post-thumbnail","6":"product_cat-sintered-filter-cartridge","7":"product_tag-factory-supply-water-filter","8":"product_tag-industrial-sintered-filter","9":"product_tag-lvyuan-sintered-metal-filter","10":"product_tag-sintered-metal-water-filter","11":"product_tag-water-filter-locks","12":"product_tag-water-purification-metal-filter","14":"first","15":"instock","16":"shipping-taxable","17":"product-type-simple"},"_links":{"self":[{"href":"https:\/\/lyfilter.com\/es\/wp-json\/wp\/v2\/product\/4182","targetHints":{"allow":["GET"]}}],"collection":[{"href":"https:\/\/lyfilter.com\/es\/wp-json\/wp\/v2\/product"}],"about":[{"href":"https:\/\/lyfilter.com\/es\/wp-json\/wp\/v2\/types\/product"}],"replies":[{"embeddable":true,"href":"https:\/\/lyfilter.com\/es\/wp-json\/wp\/v2\/comments?post=4182"}],"wp:featuredmedia":[{"embeddable":true,"href":"https:\/\/lyfilter.com\/es\/wp-json\/wp\/v2\/media\/4183"}],"wp:attachment":[{"href":"https:\/\/lyfilter.com\/es\/wp-json\/wp\/v2\/media?parent=4182"}],"wp:term":[{"taxonomy":"product_brand","embeddable":true,"href":"https:\/\/lyfilter.com\/es\/wp-json\/wp\/v2\/product_brand?post=4182"},{"taxonomy":"product_cat","embeddable":true,"href":"https:\/\/lyfilter.com\/es\/wp-json\/wp\/v2\/product_cat?post=4182"},{"taxonomy":"product_tag","embeddable":true,"href":"https:\/\/lyfilter.com\/es\/wp-json\/wp\/v2\/product_tag?post=4182"}],"curies":[{"name":"wp","href":"https:\/\/api.w.org\/{rel}","templated":true}]}}