{"id":4180,"date":"2026-04-04T03:43:55","date_gmt":"2026-04-04T03:43:55","guid":{"rendered":"https:\/\/lyfilter.com\/"},"modified":"2026-04-04T03:43:55","modified_gmt":"2026-04-04T03:43:55","slug":"lvyuan-water-filter-cartridge-factory-for-water-purification","status":"publish","type":"product","link":"https:\/\/lyfilter.com\/es\/lvyuan-water-filter-cartridge-factory-for-water-purification\/","title":{"rendered":"Lvyuan f\u00e1brica de cartuchos de filtro de agua para la purificaci\u00f3n del agua"},"content":{"rendered":"<p>Construido para un agua m\u00e1s limpia y una filtraci\u00f3n fiable, este cartucho de filtro de agua Lvyuan ayuda a capturar part\u00edculas mientras mantiene el flujo suave y estable. Su dise\u00f1o duradero es compatible con las necesidades diarias de purificaci\u00f3n con un rendimiento pr\u00e1ctico y f\u00e1cil sustituci\u00f3n.<\/p>","protected":false},"excerpt":{"rendered":"<table>\n<thead>\n<tr>\n<th>Atributo<\/th>\n<th>Valor<\/th>\n<th>Atributo<\/th>\n<th>Valor<\/th>\n<\/tr>\n<\/thead>\n<tbody>\n<tr>\n<td>Servicio post garant\u00eda<\/td>\n<td>Asistencia en l\u00ednea<\/td>\n<td>Ubicaci\u00f3n del servicio local<\/td>\n<td>ninguno<\/td>\n<\/tr>\n<tr>\n<td>Ubicaci\u00f3n de la sala de exposiciones<\/td>\n<td>ninguno<\/td>\n<td>V\u00eddeo de la inspecci\u00f3n de salida<\/td>\n<td>Proporcionado<\/td>\n<\/tr>\n<tr>\n<td>Informe de ensayo de maquinaria<\/td>\n<td>Proporcionado<\/td>\n<td>Tipo de comercializaci\u00f3n<\/td>\n<td>Producto ordinario<\/td>\n<\/tr>\n<tr>\n<td>Garant\u00eda de los componentes principales<\/td>\n<td>1 a\u00f1o<\/td>\n<td>Componentes b\u00e1sicos<\/td>\n<td>Reductor, Recipiente a presi\u00f3n, Bomba, Engranaje, Cojinete, Motor, PLC<\/td>\n<\/tr>\n<tr>\n<td>Lugar de origen<\/td>\n<td>Guangdong, China<\/td>\n<td>Marca<\/td>\n<td>OEM\/Lvyuan<\/td>\n<\/tr>\n<tr>\n<td>Material<\/td>\n<td>PP\/PE<\/td>\n<td>Peso<\/td>\n<td>0.5<\/td>\n<\/tr>\n<tr>\n<td>Talla<\/td>\n<td>Personalizado<\/td>\n<td>Potencia<\/td>\n<td>0<\/td>\n<\/tr>\n<tr>\n<td>Garant\u00eda<\/td>\n<td>3 meses<\/td>\n<td>Servicio posventa<\/td>\n<td>Asistencia en l\u00ednea<\/td>\n<\/tr>\n<tr>\n<td>Nombre<\/td>\n<td>cartucho de filtro colector de polvo<\/td>\n<td>Material de la membrana filtrante<\/td>\n<td>PP\/PVDF\/PTFE\/PES\/Nil\u00f3n<\/td>\n<\/tr>\n<tr>\n<td>Longitud<\/td>\n<td>5 \/ 10 \/ 20 \/ 30 \/ 40 \/ 50 \/ 60 pulgadas<\/td>\n<td>Conector<\/td>\n<td>Fin\/222\/226\/215\/DOE\/Thread<\/td>\n<\/tr>\n<tr>\n<td>Micron<\/td>\n<td>0.22\/0.5\/1\/3\/5\/10\/25\/50\/75\/100\/150<\/td>\n<td>M\u00e9todo de sellado<\/td>\n<td>Soldadura por fusi\u00f3n en caliente<\/td>\n<\/tr>\n<tr>\n<td>Di\u00e1metro<\/td>\n<td>70 mm\/OEM<\/td>\n<td>N\u00facleo interior<\/td>\n<td>PP\/SS\/OEM<\/td>\n<\/tr>\n<tr>\n<td>MOQ<\/td>\n<td>Actualmente no hay<\/td>\n<td>Capacidad de suministro<\/td>\n<td>5000 Piezas por semana<\/td>\n<\/tr>\n<\/tbody>\n<\/table>","protected":false},"featured_media":4181,"comment_status":"open","ping_status":"closed","template":"","meta":{"_gspb_post_css":""},"product_brand":[],"product_cat":[1202],"product_tag":[1489,743,1488,1490,1136,773],"class_list":{"0":"post-4180","1":"product","2":"type-product","3":"status-publish","4":"has-post-thumbnail","6":"product_cat-filter-cartridge","7":"product_tag-filter-cartridge-factory","8":"product_tag-industrial-water-filter-cartridge","9":"product_tag-lvyuan-water-filter-cartridge","10":"product_tag-replacement-water-filter-cartridge","11":"product_tag-water-filter-locks","12":"product_tag-water-purification-cartridge","14":"first","15":"instock","16":"shipping-taxable","17":"product-type-simple"},"_links":{"self":[{"href":"https:\/\/lyfilter.com\/es\/wp-json\/wp\/v2\/product\/4180","targetHints":{"allow":["GET"]}}],"collection":[{"href":"https:\/\/lyfilter.com\/es\/wp-json\/wp\/v2\/product"}],"about":[{"href":"https:\/\/lyfilter.com\/es\/wp-json\/wp\/v2\/types\/product"}],"replies":[{"embeddable":true,"href":"https:\/\/lyfilter.com\/es\/wp-json\/wp\/v2\/comments?post=4180"}],"wp:featuredmedia":[{"embeddable":true,"href":"https:\/\/lyfilter.com\/es\/wp-json\/wp\/v2\/media\/4181"}],"wp:attachment":[{"href":"https:\/\/lyfilter.com\/es\/wp-json\/wp\/v2\/media?parent=4180"}],"wp:term":[{"taxonomy":"product_brand","embeddable":true,"href":"https:\/\/lyfilter.com\/es\/wp-json\/wp\/v2\/product_brand?post=4180"},{"taxonomy":"product_cat","embeddable":true,"href":"https:\/\/lyfilter.com\/es\/wp-json\/wp\/v2\/product_cat?post=4180"},{"taxonomy":"product_tag","embeddable":true,"href":"https:\/\/lyfilter.com\/es\/wp-json\/wp\/v2\/product_tag?post=4180"}],"curies":[{"name":"wp","href":"https:\/\/api.w.org\/{rel}","templated":true}]}}