{"id":4164,"date":"2026-04-04T03:26:34","date_gmt":"2026-04-04T03:26:34","guid":{"rendered":"https:\/\/lyfilter.com\/"},"modified":"2026-04-04T03:26:34","modified_gmt":"2026-04-04T03:26:34","slug":"lvyuan-new-pleated-water-filter-cartridge-exporter-for-water-purification","status":"publish","type":"product","link":"https:\/\/lyfilter.com\/es\/lvyuan-new-pleated-water-filter-cartridge-exporter-for-water-purification\/","title":{"rendered":"Lvyuan nuevo filtro de agua plisado cartucho exportador para la purificaci\u00f3n del agua"},"content":{"rendered":"<h3 class=\"do-entry-title\">Embalaje y entrega<\/h3>\n<p><b>Ventajas de la empresa<\/b><br \/>\n<b>1.<\/b>\u00a0Lvyuan 5 micras filtro de agua plegado se fabrica con componentes mec\u00e1nicos de alta calidad. Se trata del sofisticado motor, turbina, equipo de transmisi\u00f3n de potencia, engranajes, variadores de velocidad, embragues, cadenas de transmisi\u00f3n, generadores y similares. Tiene mayor capacidad de retenci\u00f3n de suciedad y mayor vida \u00fatil<br \/>\n<b>2.<\/b>\u00a0La misi\u00f3n de Guangzhou Lvyuan Water Purification Equipment Co., Ltd. es proporcionar una soluci\u00f3n superior de cartucho de filtro de agua plisado. Es adecuado para su uso con muestras acuosas y disolventes org\u00e1nicos debido a su amplia compatibilidad qu\u00edmica.<br \/>\n<b>3.<\/b>\u00a0Este producto tiene una gran resistencia a la oxidaci\u00f3n. Su superficie est\u00e1 tratada con una capa protectora de \u00f3xido met\u00e1lico para evitar los efectos de la humedad. Puede proporcionar an\u00e1lisis y resultados precisos para aplicaciones sensibles de cromatograf\u00eda i\u00f3nica.<\/p>\n<div class=\"pro_aliData\">\n<div class=\"detail-box\">\n<div class=\"scc-wrapper detail-module module-cspu\" data-module=\"cspu\"><\/div>\n<div class=\"scc-wrapper detail-module module-productPackagingAndQuickDetail\" data-spm=\"prilinga1e\">\n<div class=\"widget-detail-overview\">\n<div class=\"do-title\">Visi\u00f3n general<\/div>\n<div id=\"car-parts-model\"><\/div>\n<div class=\"do-content\">\n<div class=\"do-overview\">\n<div class=\"do-entry do-entry-separate\">\n<div class=\"do-entry-title\">Detalles r\u00e1pidos<\/div>\n<div class=\"do-entry-list\">\n<dl id=\"224439040\" class=\"do-entry-item\">\n<dt class=\"do-entry-item\"><span class=\"attr-name J-attr-name\" title=\"Industrias aplicables\">Industrias aplicables:<\/span><\/dt>\n<dd class=\"do-entry-item-val\">\n<div class=\"ellipsis\" title=\"Hoteles, tiendas de ropa, tiendas de materiales de construcci\u00f3n, plantas de fabricaci\u00f3n, talleres de reparaci\u00f3n de maquinaria, f\u00e1bricas de alimentos y bebidas, granjas, restaurantes, uso dom\u00e9stico, comercio minorista, tiendas de alimentaci\u00f3n, imprentas, obras de construcci\u00f3n, energ\u00eda y miner\u00eda, tiendas de alimentos y bebidas, empresas de publicidad.\">Hoteles, tiendas de ropa, tiendas de materiales de construcci\u00f3n, plantas de fabricaci\u00f3n, talleres de reparaci\u00f3n de maquinaria, f\u00e1bricas de alimentos y bebidas, granjas, restaurantes, uso dom\u00e9stico, comercio minorista, tiendas de alimentaci\u00f3n, imprentas, obras de construcci\u00f3n, energ\u00eda y miner\u00eda, tiendas de alimentos y bebidas, empresas de publicidad.<\/div>\n<\/dd>\n<\/dl>\n<\/div>\n<\/div>\n<\/div>\n<\/div>\n<\/div>\n<\/div>\n<\/div>\n<\/div>\n<div class=\"do-entry-list\">\n<dl class=\"do-entry-item\">\n<dt class=\"do-entry-item-key\">Unidades de venta:<\/dt>\n<dd class=\"do-entry-item-val\">Art\u00edculo \u00fanico<\/dd>\n<\/dl>\n<dl class=\"do-entry-item\">\n<dt class=\"do-entry-item-key\" title=\"Tama\u00f1o de envase individual:\">Tama\u00f1o de envase individual:<\/dt>\n<dd class=\"do-entry-item-val\">68X40X40 cm<\/dd>\n<\/dl>\n<dl class=\"do-entry-item\">\n<dt class=\"do-entry-item-key\" title=\"Peso bruto \u00fanico:\">Peso bruto \u00fanico:<\/dt>\n<dd class=\"do-entry-item-val\">23.000 kg<\/dd>\n<\/dl>\n<dl class=\"do-entry-item\">\n<dt class=\"do-entry-item-key\">Tipo de envase:<\/dt>\n<dd class=\"do-entry-item-val pkg-method\">Absoluted micras clasificaci\u00f3n 10\/20 pulgadas cartucho de filtro de membrana de PTFE con 222 226 de acero inoxidable o tapa del anillo final: 10\u2033 50 UDS\/CTN, 20\u2033 25 UDS\/CTN, 30\u2033 25 UDS\/CTN, 40\u2033 25 UDS\/CTN.<\/dd>\n<\/dl>\n<dl class=\"do-entry-item\">\n<dt class=\"do-entry-item-key\" title=\"Plazos de entrega\">Plazos de entrega\u00a0<i class=\"next-icon next-icon-help next-icon-xs js-leadtimes-tips\"><\/i>:<\/dt>\n<dd class=\"do-entry-item-val\" title=\"Plazos de entrega\">\n<div class=\"table-responsive\">\n<table class=\"supply-ability-table ui2-table ui2-table-normal ui2-table-zebra ui2-table-hover\">\n<tbody>\n<tr>\n<td>Cantidad(Piezas)<\/td>\n<td>1 - 100<\/td>\n<td>101 - 500<\/td>\n<td>501 - 1000<\/td>\n<td>&gt;1000<\/td>\n<\/tr>\n<tr>\n<td>Est. Tiempo (d\u00edas)<\/td>\n<td>2<\/td>\n<td>5<\/td>\n<td>7<\/td>\n<td>A negociar<\/td>\n<\/tr>\n<\/tbody>\n<\/table>\n<\/div>\n<\/dd>\n<\/dl>\n<\/div>","protected":false},"excerpt":{"rendered":"<table>\n<thead>\n<tr>\n<th>Atributo<\/th>\n<th>Valor<\/th>\n<th>Atributo<\/th>\n<th>Valor<\/th>\n<\/tr>\n<\/thead>\n<tbody>\n<tr>\n<td>Lugar de origen<\/td>\n<td>Guangdong, China<\/td>\n<td>Marca<\/td>\n<td>Lvyuan\/OEM<\/td>\n<\/tr>\n<tr>\n<td>Material<\/td>\n<td>Personalizado<\/td>\n<td>Peso<\/td>\n<td>Personalizado<\/td>\n<\/tr>\n<tr>\n<td>Talla<\/td>\n<td>Personalizado<\/td>\n<td>Potencia<\/td>\n<td>0<\/td>\n<\/tr>\n<tr>\n<td>Garant\u00eda<\/td>\n<td>No disponible<\/td>\n<td>Nombre<\/td>\n<td>Cartucho filtrante de membrana de PTFE de 10\/20 pulgadas y micras absolutas<\/td>\n<\/tr>\n<tr>\n<td>Material de la membrana filtrante<\/td>\n<td>Carbono\/PP\/PVDF\/PTFE\/PES\/Nylon<\/td>\n<td>Longitud<\/td>\n<td>5\/10\/20\/30\/40\/50\/60 pulgadas<\/td>\n<\/tr>\n<tr>\n<td>Conector<\/td>\n<td>Fin\/222\/226\/215\/DOE\/Thread<\/td>\n<td>Micron<\/td>\n<td>0.22\/0.5\/1\/3\/5\/10\/25\/50\/75\/100\/150<\/td>\n<\/tr>\n<tr>\n<td>Material de la junta t\u00f3rica<\/td>\n<td>EPDM\/Vit\u00f3n\/Silicona\/PTFE<\/td>\n<td>M\u00e9todo de sellado<\/td>\n<td>Soldadura por fusi\u00f3n en caliente<\/td>\n<\/tr>\n<tr>\n<td>Di\u00e1metro<\/td>\n<td>70 mm\/OEM<\/td>\n<td>N\u00facleo interior<\/td>\n<td>PP\/SS\/OEM<\/td>\n<\/tr>\n<tr>\n<td>MOQ<\/td>\n<td>Actualmente no hay<\/td>\n<td>Servicio posventa<\/td>\n<td>Asistencia en l\u00ednea<\/td>\n<\/tr>\n<\/tbody>\n<\/table>","protected":false},"featured_media":4166,"comment_status":"open","ping_status":"closed","template":"","meta":{"_gspb_post_css":""},"product_brand":[],"product_cat":[1202],"product_tag":[743,1475,1477,1478,1136,1476],"class_list":{"0":"post-4164","1":"product","2":"type-product","3":"status-publish","4":"has-post-thumbnail","6":"product_cat-filter-cartridge","7":"product_tag-industrial-water-filter-cartridge","8":"product_tag-lvyuan-pleated-water-filter-cartridge","9":"product_tag-pleated-water-filter-exporter","10":"product_tag-replacement-pleated-filter","11":"product_tag-water-filter-locks","12":"product_tag-water-purification-filter-cartridge","14":"first","15":"instock","16":"shipping-taxable","17":"product-type-simple"},"_links":{"self":[{"href":"https:\/\/lyfilter.com\/es\/wp-json\/wp\/v2\/product\/4164","targetHints":{"allow":["GET"]}}],"collection":[{"href":"https:\/\/lyfilter.com\/es\/wp-json\/wp\/v2\/product"}],"about":[{"href":"https:\/\/lyfilter.com\/es\/wp-json\/wp\/v2\/types\/product"}],"replies":[{"embeddable":true,"href":"https:\/\/lyfilter.com\/es\/wp-json\/wp\/v2\/comments?post=4164"}],"wp:featuredmedia":[{"embeddable":true,"href":"https:\/\/lyfilter.com\/es\/wp-json\/wp\/v2\/media\/4166"}],"wp:attachment":[{"href":"https:\/\/lyfilter.com\/es\/wp-json\/wp\/v2\/media?parent=4164"}],"wp:term":[{"taxonomy":"product_brand","embeddable":true,"href":"https:\/\/lyfilter.com\/es\/wp-json\/wp\/v2\/product_brand?post=4164"},{"taxonomy":"product_cat","embeddable":true,"href":"https:\/\/lyfilter.com\/es\/wp-json\/wp\/v2\/product_cat?post=4164"},{"taxonomy":"product_tag","embeddable":true,"href":"https:\/\/lyfilter.com\/es\/wp-json\/wp\/v2\/product_tag?post=4164"}],"curies":[{"name":"wp","href":"https:\/\/api.w.org\/{rel}","templated":true}]}}