{"id":4156,"date":"2026-04-04T03:21:18","date_gmt":"2026-04-04T03:21:18","guid":{"rendered":"https:\/\/lyfilter.com\/"},"modified":"2026-04-04T03:21:18","modified_gmt":"2026-04-04T03:21:18","slug":"7-stage-resin-softener-reverse-osmosis-water-purifiers-purificadores-de-agua-osmosis-inversa","status":"publish","type":"product","link":"https:\/\/lyfilter.com\/es\/7-stage-resin-softener-reverse-osmosis-water-purifiers-purificadores-de-agua-osmosis-inversa\/","title":{"rendered":"7 Stage Resin Softener Reverse Osmosis Water Purifiers \/ Purificadores De Agua Osmosis Inversa"},"content":{"rendered":"<p>Dise\u00f1ado para hogares que necesitan agua m\u00e1s limpia y m\u00e1s blanda, este purificador de \u00f3smosis inversa de 7 etapas combina el ablandamiento por resina y la filtraci\u00f3n por capas para reducir las impurezas, mejorar el sabor y suministrar agua fresca para beber y cocinar todos los d\u00edas.<\/p>","protected":false},"excerpt":{"rendered":"<table>\n<thead>\n<tr>\n<th>Atributo<\/th>\n<th>Valor<\/th>\n<th>Atributo<\/th>\n<th>Valor<\/th>\n<\/tr>\n<\/thead>\n<tbody>\n<tr>\n<td>Lugar de origen<\/td>\n<td>Guangdong, China<\/td>\n<td>Marca<\/td>\n<td>LvYuan \/ OEM<\/td>\n<\/tr>\n<tr>\n<td>N\u00famero de modelo<\/td>\n<td>LY-RO-111<\/td>\n<td>Potencia (W)<\/td>\n<td>24<\/td>\n<\/tr>\n<tr>\n<td>Tensi\u00f3n (V)<\/td>\n<td>220<\/td>\n<td>Tipo<\/td>\n<td>\u00d3smosis inversa<\/td>\n<\/tr>\n<tr>\n<td>Certificaci\u00f3n<\/td>\n<td>CB, ce, GS, RoHS<\/td>\n<td>Utilice<\/td>\n<td>Debajo del fregadero<\/td>\n<\/tr>\n<tr>\n<td>Nombre del producto<\/td>\n<td>osmosis inversa purificadores de agua<\/td>\n<td>Membrana de \u00f3smosis inversa<\/td>\n<td>Vontron, CSM, DOW<\/td>\n<\/tr>\n<tr>\n<td>Descalcificador de agua<\/td>\n<td>Resina 500mL<\/td>\n<td>Agua aplicable<\/td>\n<td>agua del grifo municipal<\/td>\n<\/tr>\n<tr>\n<td>Caudal<\/td>\n<td>50GDP, 75GDP, 100GDP<\/td>\n<td>Bomba<\/td>\n<td>Dengyuan\/Grandforest\/E-CHEN<\/td>\n<\/tr>\n<tr>\n<td>Tipo de bomba<\/td>\n<td>Bomba de refuerzo\/Bomba autocebante<\/td>\n<td>Capacidad del dep\u00f3sito<\/td>\n<td>3.2G, 4G<\/td>\n<\/tr>\n<tr>\n<td>Tensi\u00f3n<\/td>\n<td>De 110 V a 240 V<\/td>\n<td>Escenario<\/td>\n<td>5\/6\/7\/8 Etapa de opci\u00f3n<\/td>\n<\/tr>\n<tr>\n<td>Capacidad de suministro<\/td>\n<td>5000 Piezas\/Piezas por D\u00eda osmosis inversa purificadores de agua<\/td>\n<td><\/td>\n<td><\/td>\n<\/tr>\n<\/tbody>\n<\/table>","protected":false},"featured_media":4158,"comment_status":"open","ping_status":"closed","template":"","meta":{"_gspb_post_css":""},"product_brand":[],"product_cat":[1470],"product_tag":[1471,1474,1472,1473,1136,1286],"class_list":{"0":"post-4156","1":"product","2":"type-product","3":"status-publish","4":"has-post-thumbnail","6":"product_cat-under-sink-ro-water-purifier","7":"product_tag-7-stage-water-purifier","8":"product_tag-purificadores-de-agua-osmosis-inversa","9":"product_tag-resin-softener-water-filter","10":"product_tag-reverse-osmosis-purifier","11":"product_tag-water-filter-locks","12":"product_tag-water-purification-system","14":"first","15":"instock","16":"shipping-taxable","17":"product-type-simple"},"_links":{"self":[{"href":"https:\/\/lyfilter.com\/es\/wp-json\/wp\/v2\/product\/4156","targetHints":{"allow":["GET"]}}],"collection":[{"href":"https:\/\/lyfilter.com\/es\/wp-json\/wp\/v2\/product"}],"about":[{"href":"https:\/\/lyfilter.com\/es\/wp-json\/wp\/v2\/types\/product"}],"replies":[{"embeddable":true,"href":"https:\/\/lyfilter.com\/es\/wp-json\/wp\/v2\/comments?post=4156"}],"wp:featuredmedia":[{"embeddable":true,"href":"https:\/\/lyfilter.com\/es\/wp-json\/wp\/v2\/media\/4158"}],"wp:attachment":[{"href":"https:\/\/lyfilter.com\/es\/wp-json\/wp\/v2\/media?parent=4156"}],"wp:term":[{"taxonomy":"product_brand","embeddable":true,"href":"https:\/\/lyfilter.com\/es\/wp-json\/wp\/v2\/product_brand?post=4156"},{"taxonomy":"product_cat","embeddable":true,"href":"https:\/\/lyfilter.com\/es\/wp-json\/wp\/v2\/product_cat?post=4156"},{"taxonomy":"product_tag","embeddable":true,"href":"https:\/\/lyfilter.com\/es\/wp-json\/wp\/v2\/product_tag?post=4156"}],"curies":[{"name":"wp","href":"https:\/\/api.w.org\/{rel}","templated":true}]}}