{"id":4143,"date":"2026-04-04T03:12:27","date_gmt":"2026-04-04T03:12:27","guid":{"rendered":"https:\/\/lyfilter.com\/"},"modified":"2026-04-04T03:12:27","modified_gmt":"2026-04-04T03:12:27","slug":"good-sellingpleated-water-filters-for-water-purification","status":"publish","type":"product","link":"https:\/\/lyfilter.com\/es\/good-sellingpleated-water-filters-for-water-purification\/","title":{"rendered":"Buena ventaFiltros de aguaplegados para la purificaci\u00f3n del agua"},"content":{"rendered":"<p>Dise\u00f1ado para la purificaci\u00f3n de agua limpia y consistente, esta carcasa de filtro de cartucho m\u00faltiple Doe 222 UF est\u00e1 hecha de acero inoxidable SS 304 de calidad alimentaria. Funciona sin problemas con filtros de agua plegados, ofreciendo una durabilidad duradera, un flujo constante y un uso diario pr\u00e1ctico.<\/p>","protected":false},"excerpt":{"rendered":"<table>\n<thead>\n<tr>\n<th>Atributo<\/th>\n<th>Valor<\/th>\n<th>Atributo<\/th>\n<th>Valor<\/th>\n<\/tr>\n<\/thead>\n<tbody>\n<tr>\n<td>Industrias aplicables<\/td>\n<td>Planta de fabricaci\u00f3n, f\u00e1brica de alimentos y bebidas, tratamiento de aguas<\/td>\n<td>Lugar de origen<\/td>\n<td>Guangdong, China<\/td>\n<\/tr>\n<tr>\n<td>Marca<\/td>\n<td>Lvyuan, OEM, ODM<\/td>\n<td>Material<\/td>\n<td>membrana de nylon6<\/td>\n<\/tr>\n<tr>\n<td>Peso<\/td>\n<td>personalizado<\/td>\n<td>Talla<\/td>\n<td>personalizado<\/td>\n<\/tr>\n<tr>\n<td>Potencia<\/td>\n<td>0<\/td>\n<td>Garant\u00eda<\/td>\n<td>No disponible<\/td>\n<\/tr>\n<tr>\n<td>Caracter\u00edstica<\/td>\n<td>aumento de la superficie de filtraci\u00f3n<\/td>\n<td>Longitud<\/td>\n<td>10\/20\/30\/40 pulgadas<\/td>\n<\/tr>\n<tr>\n<td>Certificaci\u00f3n<\/td>\n<td>SGS<\/td>\n<td>Forma<\/td>\n<td>cilindro<\/td>\n<\/tr>\n<tr>\n<td>Utilizaci\u00f3n<\/td>\n<td>tratamiento del agua<\/td>\n<td>Aplicaci\u00f3n<\/td>\n<td>industria<\/td>\n<\/tr>\n<tr>\n<td>Color<\/td>\n<td>blanco<\/td>\n<td>Embalaje<\/td>\n<td>caja de papel<\/td>\n<\/tr>\n<tr>\n<td>Otro nombre<\/td>\n<td>cartucho filtrante plegable<\/td>\n<td>OD<\/td>\n<td>69 mm<\/td>\n<\/tr>\n<tr>\n<td>Servicio posventa<\/td>\n<td>Servicio de mantenimiento y reparaci\u00f3n in situ, Asistencia en l\u00ednea<\/td>\n<td>Capacidad de suministro<\/td>\n<td>5000 Piezas\/Pieza por mes<\/td>\n<\/tr>\n<\/tbody>\n<\/table>","protected":false},"featured_media":4149,"comment_status":"open","ping_status":"closed","template":"","meta":{"_gspb_post_css":""},"product_brand":[],"product_cat":[1095],"product_tag":[1458,1460,1463,1464,1462,1136],"class_list":{"0":"post-4143","1":"product","2":"type-product","3":"status-publish","4":"has-post-thumbnail","6":"product_cat-string-wound-filter-cartridge","7":"product_tag-doe-222-filter-housing","8":"product_tag-food-grade-ss-304-housing","9":"product_tag-multi-cartridge-filter-housing","10":"product_tag-pleated-water-filters","11":"product_tag-uf-filter-housing","12":"product_tag-water-filter-locks","14":"first","15":"instock","16":"shipping-taxable","17":"product-type-simple"},"_links":{"self":[{"href":"https:\/\/lyfilter.com\/es\/wp-json\/wp\/v2\/product\/4143","targetHints":{"allow":["GET"]}}],"collection":[{"href":"https:\/\/lyfilter.com\/es\/wp-json\/wp\/v2\/product"}],"about":[{"href":"https:\/\/lyfilter.com\/es\/wp-json\/wp\/v2\/types\/product"}],"replies":[{"embeddable":true,"href":"https:\/\/lyfilter.com\/es\/wp-json\/wp\/v2\/comments?post=4143"}],"wp:featuredmedia":[{"embeddable":true,"href":"https:\/\/lyfilter.com\/es\/wp-json\/wp\/v2\/media\/4149"}],"wp:attachment":[{"href":"https:\/\/lyfilter.com\/es\/wp-json\/wp\/v2\/media?parent=4143"}],"wp:term":[{"taxonomy":"product_brand","embeddable":true,"href":"https:\/\/lyfilter.com\/es\/wp-json\/wp\/v2\/product_brand?post=4143"},{"taxonomy":"product_cat","embeddable":true,"href":"https:\/\/lyfilter.com\/es\/wp-json\/wp\/v2\/product_cat?post=4143"},{"taxonomy":"product_tag","embeddable":true,"href":"https:\/\/lyfilter.com\/es\/wp-json\/wp\/v2\/product_tag?post=4143"}],"curies":[{"name":"wp","href":"https:\/\/api.w.org\/{rel}","templated":true}]}}