{"id":4140,"date":"2026-04-04T03:09:09","date_gmt":"2026-04-04T03:09:09","guid":{"rendered":"https:\/\/lyfilter.com\/"},"modified":"2026-04-04T03:09:09","modified_gmt":"2026-04-04T03:09:09","slug":"doe-222-uf-food-grade-ss-304-multi-cartridge-filter-housing","status":"publish","type":"product","link":"https:\/\/lyfilter.com\/es\/doe-222-uf-food-grade-ss-304-multi-cartridge-filter-housing\/","title":{"rendered":"Doe 222 Uf Grado Alimentario SS 304 Multi Cartucho Filtro Carcasa"},"content":{"rendered":"<div class=\"unit-detail-html-tabs__content-attr\">\n<div class=\"unit-product-attrparam\">\n<div class=\"unit-product-attrparam__items row\">\n<div class=\"col-12 col-md-6\">\n<div class=\"unit-product-attrparam__item\"><\/div>\n<\/div>\n<div class=\"col-12 col-md-6\">\n<div class=\"unit-product-attrparam__item\"><\/div>\n<\/div>\n<\/div>\n<\/div>\n<\/div>\n<div class=\"unit-detail-html-tabs__content-html\">\n<div>\n<p><strong>cartucho de acero inoxidable\u00a0<a href=\"https:\/\/lyfilter.com\/es\/stainless-steel-filter-housing.html\/\">carcasa del filtro de agua<\/a>\u00a0Introducci\u00f3n<\/strong><br \/>\nEn\u00a0<a href=\"https:\/\/lyfilter.com\/es\/stainless-steel-filter-housing.html\/\">carcasa del filtro de acero inoxidable<\/a>\u00a0puede utilizarse junto con varios tipos de cartuchos. Las superficies interiores y exteriores tienen un acabado pulido con una estructura razonable y sin \u00e1ngulo muerto. Es conveniente de instalar y limpiar, puede lograr los efectos de filtraci\u00f3n requeridos por los clientes. Su dise\u00f1o se ajusta a las normas GMP de la industria m\u00e9dica. El filtro incluye filtro de l\u00edquido y filtro de gas.<\/p>\n<p>&nbsp;<\/p>\n<p><strong>carcasa del filtro de agua de cartucho de acero inoxidable Par\u00e1metros<\/strong><\/p>\n<div class=\"table-responsive\">\n<table>\n<tbody>\n<tr class=\"firstRow\">\n<td valign=\"center\" width=\"210\"><strong>material<\/strong><\/td>\n<td valign=\"center\" width=\"353\">SS304 o SS316<\/td>\n<\/tr>\n<tr>\n<td valign=\"center\" width=\"210\"><strong>longitud del cartucho<\/strong><\/td>\n<td valign=\"center\" width=\"353\">10\u2033, 20\u2033 ,30\u2033 ,40\u2033<\/td>\n<\/tr>\n<tr>\n<td valign=\"center\" width=\"210\"><strong>n\u00facleo del cartucho<\/strong><\/td>\n<td valign=\"center\" width=\"353\">cartucho \u00fanico o cartucho m\u00faltiple<\/td>\n<\/tr>\n<tr>\n<td valign=\"center\" width=\"210\"><strong>Cantidad de cartuchos<\/strong><\/td>\n<td valign=\"center\" width=\"353\"><strong>De 1 a 160 unidades opcionales<\/strong><\/td>\n<\/tr>\n<tr>\n<td valign=\"center\" width=\"210\"><strong>tratamiento superficial<\/strong><\/td>\n<td valign=\"center\" width=\"353\">Exterior pulido o con chorro de arena<\/td>\n<\/tr>\n<tr>\n<td valign=\"center\" width=\"210\"><strong>Tipo de tapa superior instalada<\/strong><\/td>\n<td valign=\"center\" width=\"353\">tipo pernos de elevaci\u00f3n, tipo brida, tipo abrazadera,<\/td>\n<\/tr>\n<tr>\n<td valign=\"center\" width=\"210\"><strong>conexi\u00f3n de entrada\/salida<\/strong><\/td>\n<td valign=\"center\" width=\"353\">tipo rosca, tipo brida, tipo pogoda<\/td>\n<\/tr>\n<tr>\n<td valign=\"center\" width=\"210\"><strong>junta t\u00f3rica<\/strong><\/td>\n<td valign=\"center\" width=\"353\">silicona,NBR, EPDM, Viton<\/td>\n<\/tr>\n<tr>\n<td valign=\"center\" width=\"210\"><strong>uso<\/strong><\/td>\n<td valign=\"center\" width=\"353\">filtro l\u00edquido,gas<\/td>\n<\/tr>\n<tr>\n<td valign=\"center\" width=\"210\"><strong>acepte<\/strong><strong>t<\/strong><\/td>\n<td valign=\"center\" width=\"353\">OEM<\/td>\n<\/tr>\n<\/tbody>\n<\/table>\n<\/div>\n<\/div>\n<\/div>","protected":false},"excerpt":{"rendered":"<table>\n<thead>\n<tr>\n<th>Atributo<\/th>\n<th>Valor<\/th>\n<th>Atributo<\/th>\n<th>Valor<\/th>\n<\/tr>\n<\/thead>\n<tbody>\n<tr>\n<td>Condici\u00f3n<\/td>\n<td>Nuevo<\/td>\n<td>Modelo<\/td>\n<td>LY-HFPL<\/td>\n<\/tr>\n<tr>\n<td>Industrias aplicables<\/td>\n<td>Hoteles, tiendas de ropa, tiendas de materiales de construcci\u00f3n, plantas de fabricaci\u00f3n, talleres de reparaci\u00f3n de maquinaria, f\u00e1bricas de alimentos y bebidas, granjas, restaurantes, uso dom\u00e9stico, comercio minorista, tiendas de alimentaci\u00f3n, imprentas, obras de construcci\u00f3n, energ\u00eda y miner\u00eda, tiendas de alimentos y bebidas, empresas de publicidad<\/td>\n<td>Marca<\/td>\n<td>OEM\/Lvyuan<\/td>\n<\/tr>\n<tr>\n<td>Servicio post garant\u00eda<\/td>\n<td>Asistencia en l\u00ednea<\/td>\n<td>Lugar de origen<\/td>\n<td>Guangdong, China<\/td>\n<\/tr>\n<tr>\n<td>Ubicaci\u00f3n del servicio local<\/td>\n<td>ninguno<\/td>\n<td>Puerto de inicio<\/td>\n<td>Guangzhou<\/td>\n<\/tr>\n<tr>\n<td>Ubicaci\u00f3n de la sala de exposiciones<\/td>\n<td>ninguno<\/td>\n<td>Material<\/td>\n<td>Plisado<\/td>\n<\/tr>\n<tr>\n<td>Peso<\/td>\n<td>0<\/td>\n<td>Di\u00e1metro<\/td>\n<td>70 mm\/OEM<\/td>\n<\/tr>\n<tr>\n<td>Talla<\/td>\n<td>10\u2033\/20\u2033\/30\u2033\/40\u2033\/50\u2033\/60\u2033<\/td>\n<td>Longitud<\/td>\n<td>5 \/ 10 \/ 20 \/ 30 \/ 40 \/ 50 \/ 60 pulgadas<\/td>\n<\/tr>\n<tr>\n<td>Potencia<\/td>\n<td>0<\/td>\n<td>N\u00facleo interior<\/td>\n<td>PP\/SS\/OEM<\/td>\n<\/tr>\n<tr>\n<td>Garant\u00eda<\/td>\n<td>No disponible<\/td>\n<td>Material de la membrana filtrante<\/td>\n<td>PP\/PVDF\/PTFE\/PES\/Nil\u00f3n<\/td>\n<\/tr>\n<tr>\n<td>Nombre<\/td>\n<td>Cartucho filtrante industrial de polipropileno PP plisado<\/td>\n<td>Conector<\/td>\n<td>Fin\/222\/226\/215\/DOE\/Thread<\/td>\n<\/tr>\n<tr>\n<td>Micron<\/td>\n<td>0.22\/0.5\/1\/3\/5\/10\/25\/50\/75\/100\/150<\/td>\n<td>Material de la junta t\u00f3rica<\/td>\n<td>EPDM\/Vit\u00f3n\/Silicona\/Te fl\u00f3n<\/td>\n<\/tr>\n<tr>\n<td>M\u00e9todo de sellado<\/td>\n<td>Soldadura por fusi\u00f3n en caliente<\/td>\n<td>MOQ<\/td>\n<td>1 unidad<\/td>\n<\/tr>\n<tr>\n<td>Pago<\/td>\n<td>T\/T, Western Union, Alibaba Trade Assurance<\/td>\n<td>Plazo de entrega<\/td>\n<td>En un plazo de 7 d\u00edas laborables<\/td>\n<\/tr>\n<tr>\n<td>Certificaci\u00f3n<\/td>\n<td>ISO 9001<\/td>\n<td>Capacidad de producci\u00f3n<\/td>\n<td>10000 unidades\/Mes<\/td>\n<\/tr>\n<tr>\n<td>Capacidad de suministro<\/td>\n<td>500 piezas por d\u00eda<\/td>\n<td><\/td>\n<td><\/td>\n<\/tr>\n<\/tbody>\n<\/table>","protected":false},"featured_media":4142,"comment_status":"open","ping_status":"closed","template":"","meta":{"_gspb_post_css":""},"product_brand":[],"product_cat":[15],"product_tag":[1458,1460,1264,1461,1459,1136],"class_list":{"0":"post-4140","1":"product","2":"type-product","3":"status-publish","4":"has-post-thumbnail","6":"product_cat-stainless-steel-filter-housing","7":"product_tag-doe-222-filter-housing","8":"product_tag-food-grade-ss-304-housing","9":"product_tag-industrial-water-filter-housing","10":"product_tag-multi-cartridge-stainless-filter","11":"product_tag-uf-cartridge-filter-housing","12":"product_tag-water-filter-locks","14":"first","15":"instock","16":"shipping-taxable","17":"product-type-simple"},"_links":{"self":[{"href":"https:\/\/lyfilter.com\/es\/wp-json\/wp\/v2\/product\/4140","targetHints":{"allow":["GET"]}}],"collection":[{"href":"https:\/\/lyfilter.com\/es\/wp-json\/wp\/v2\/product"}],"about":[{"href":"https:\/\/lyfilter.com\/es\/wp-json\/wp\/v2\/types\/product"}],"replies":[{"embeddable":true,"href":"https:\/\/lyfilter.com\/es\/wp-json\/wp\/v2\/comments?post=4140"}],"wp:featuredmedia":[{"embeddable":true,"href":"https:\/\/lyfilter.com\/es\/wp-json\/wp\/v2\/media\/4142"}],"wp:attachment":[{"href":"https:\/\/lyfilter.com\/es\/wp-json\/wp\/v2\/media?parent=4140"}],"wp:term":[{"taxonomy":"product_brand","embeddable":true,"href":"https:\/\/lyfilter.com\/es\/wp-json\/wp\/v2\/product_brand?post=4140"},{"taxonomy":"product_cat","embeddable":true,"href":"https:\/\/lyfilter.com\/es\/wp-json\/wp\/v2\/product_cat?post=4140"},{"taxonomy":"product_tag","embeddable":true,"href":"https:\/\/lyfilter.com\/es\/wp-json\/wp\/v2\/product_tag?post=4140"}],"curies":[{"name":"wp","href":"https:\/\/api.w.org\/{rel}","templated":true}]}}