{"id":4126,"date":"2026-04-04T03:02:29","date_gmt":"2026-04-04T03:02:29","guid":{"rendered":"https:\/\/lyfilter.com\/"},"modified":"2026-04-04T03:02:29","modified_gmt":"2026-04-04T03:02:29","slug":"china-manufacture-custom-ss-304-316l-in-line-stainless-steel-inline-filter-housing-for-milk-oil-gas-air-water-purification","status":"publish","type":"product","link":"https:\/\/lyfilter.com\/es\/china-manufacture-custom-ss-304-316l-in-line-stainless-steel-inline-filter-housing-for-milk-oil-gas-air-water-purification\/","title":{"rendered":"China Manufacture Custom SS 304 316L In-Line Stainless Steel Inline Filter Housing For Milk Oil Gas Air Water Purification"},"content":{"rendered":"<div class=\"scc-wrapper detail-module module-productPackagingAndQuickDetail\" data-spm=\"prilinga1e\">\n<div class=\"widget-detail-overview\">\n<div class=\"do-content\">\n<div class=\"do-overview\">\n<div class=\"do-entry do-entry-full\">\n<div class=\"do-entry-list\">\n<dl class=\"do-entry-item\">\n<dt class=\"do-entry-item-key\">Tipo de envase:<\/dt>\n<dd class=\"do-entry-item-val pkg-method\">China Manufacture Custom SS 304 316L In-line Stainless Steel Inline filter housing for milk oil gas air water purification La cita es s\u00f3lo para referencia, por favor no dude en enviar el requisito de especificaci\u00f3n para nosotros, y obtener el mejor precio. Embalaje: cart\u00f3n<\/dd>\n<\/dl>\n<dl class=\"do-entry-item\">\n<dt class=\"do-entry-item-key\" title=\"Plazos de entrega\">Plazos de entrega\u00a0<i class=\"next-icon next-icon-help next-icon-xs js-leadtimes-tips\"><\/i>:<\/dt>\n<dd class=\"do-entry-item-val\" title=\"Plazos de entrega\">\n<div class=\"table-responsive\">\n<table class=\"supply-ability-table ui2-table ui2-table-normal ui2-table-zebra ui2-table-hover\">\n<tbody>\n<tr>\n<td>Cantidad(Piezas)<\/td>\n<td>1 - 50<\/td>\n<td>&gt;50<\/td>\n<\/tr>\n<tr>\n<td>Est. Tiempo (d\u00edas)<\/td>\n<td>15<\/td>\n<td>A negociar<\/td>\n<\/tr>\n<\/tbody>\n<\/table>\n<\/div>\n<\/dd>\n<\/dl>\n<\/div>\n<\/div>\n<\/div>\n<\/div>\n<\/div>\n<\/div>\n<div class=\"scc-wrapper detail-module module-detailVideo\" data-spm=\"detailvideo\"><\/div>\n<div class=\"scc-wrapper detail-module module-productSpecification\" data-spm=\"pronpeci14\">\n<div id=\"J-rich-text-description\" class=\"richtext richtext-detail rich-text-description\">\n<div id=\"detail_decorate_root\" data-host=\"111234190\" data-magic-global=\"%7B%22bizId%22%3A17381045746%2C%22pageId%22%3A5063624136%2C%22siteId%22%3A5005126472%7D\" data-id=\"detail_decorate_root\">\n<div class=\"detail-decorate-json-renderer-container\">\n<div class=\"magic-0\">\n<h3 class=\"magic-1\" data-id=\"title0\">China Manufacture Custom SS 304 316L In-line Stainless Steel Inline filter housing for milk oil gas air water purification<\/h3>\n<\/div>\n<\/div>\n<\/div>\n<\/div>\n<\/div>","protected":false},"excerpt":{"rendered":"<table>\n<thead>\n<tr>\n<th>Art\u00edculo<\/th>\n<th>Valor<\/th>\n<th>Art\u00edculo<\/th>\n<th>Valor<\/th>\n<\/tr>\n<\/thead>\n<tbody>\n<tr>\n<td>Condici\u00f3n<\/td>\n<td>Nuevo<\/td>\n<td>Industrias aplicables<\/td>\n<td>Hoteles; tiendas de ropa; tiendas de materiales de construcci\u00f3n; planta de fabricaci\u00f3n; talleres de reparaci\u00f3n de maquinaria; f\u00e1brica de alimentos y bebidas; granjas; restaurante; uso dom\u00e9stico; comercio minorista; tienda de alimentaci\u00f3n; imprentas; obras de construcci\u00f3n; energ\u00eda y miner\u00eda; tiendas de alimentos y bebidas; empresa de publicidad.<\/td>\n<\/tr>\n<tr>\n<td>Servicio post garant\u00eda<\/td>\n<td>Asistencia en l\u00ednea<\/td>\n<td>Ubicaci\u00f3n del servicio local<\/td>\n<td>ninguno<\/td>\n<\/tr>\n<tr>\n<td>Ubicaci\u00f3n de la sala de exposiciones<\/td>\n<td>ninguno<\/td>\n<td>Lugar de origen<\/td>\n<td>Guangdong, China<\/td>\n<\/tr>\n<tr>\n<td>Marca<\/td>\n<td>Lvyuan \/ OEM<\/td>\n<td>Material<\/td>\n<td>acero inoxidable<\/td>\n<\/tr>\n<tr>\n<td>Peso<\/td>\n<td>depende<\/td>\n<td>Talla<\/td>\n<td>depende<\/td>\n<\/tr>\n<tr>\n<td>Potencia<\/td>\n<td>0<\/td>\n<td>Garant\u00eda<\/td>\n<td>1 a\u00f1o<\/td>\n<\/tr>\n<tr>\n<td>Servicio posventa<\/td>\n<td>Asistencia en l\u00ednea<\/td>\n<td>Nombre del producto<\/td>\n<td>carcasa del filtro en l\u00ednea de acero inoxidable<\/td>\n<\/tr>\n<tr>\n<td>vivienda Materiales<\/td>\n<td>ss304; 316; 316L<\/td>\n<td>Cantidad de filtros de cartucho<\/td>\n<td>1 - 160PCS para la opci\u00f3n<\/td>\n<\/tr>\n<tr>\n<td>Longitud del cartucho filtrante<\/td>\n<td>5; 10; 20; 30; 40; 60 pulgadas; OEM<\/td>\n<td>Tratamiento de superficies<\/td>\n<td>Pulido y chorro de arena<\/td>\n<\/tr>\n<tr>\n<td>Tipo de tapa superior instalada<\/td>\n<td>Pernos de elevaci\u00f3n \/ Brida \/ Tipo de abrazadera<\/td>\n<td>Utilizaci\u00f3n<\/td>\n<td>planta de tratamiento de agua\/l\u00edquidos\/vino<\/td>\n<\/tr>\n<tr>\n<td>Paquete<\/td>\n<td>Caja de madera<\/td>\n<td>Tipo de conector<\/td>\n<td>c\u00f3digo 0 3 6 7 8 9<\/td>\n<\/tr>\n<tr>\n<td>Certificaci\u00f3n<\/td>\n<td>CE ISO SGS<\/td>\n<td>Unidades de venta<\/td>\n<td>Art\u00edculo \u00fanico<\/td>\n<\/tr>\n<tr>\n<td>Tama\u00f1o de envase individual<\/td>\n<td>20X20X70 cm<\/td>\n<td>Peso bruto \u00fanico<\/td>\n<td>8.000 kg<\/td>\n<\/tr>\n<\/tbody>\n<\/table>","protected":false},"featured_media":4131,"comment_status":"open","ping_status":"closed","template":"","meta":{"_gspb_post_css":""},"product_brand":[],"product_cat":[15],"product_tag":[1450,1452,1448,1449,1447,1451],"class_list":{"0":"post-4126","1":"product","2":"type-product","3":"status-publish","4":"has-post-thumbnail","6":"product_cat-stainless-steel-filter-housing","7":"product_tag-milk-inline-filter","8":"product_tag-oil-gas-air-filter-housing","9":"product_tag-ss-304-filter-housing","10":"product_tag-ss-316l-filter-housing","11":"product_tag-stainless-steel-inline-filter-housing","12":"product_tag-water-purification-filter-housing","14":"first","15":"instock","16":"shipping-taxable","17":"product-type-simple"},"_links":{"self":[{"href":"https:\/\/lyfilter.com\/es\/wp-json\/wp\/v2\/product\/4126","targetHints":{"allow":["GET"]}}],"collection":[{"href":"https:\/\/lyfilter.com\/es\/wp-json\/wp\/v2\/product"}],"about":[{"href":"https:\/\/lyfilter.com\/es\/wp-json\/wp\/v2\/types\/product"}],"replies":[{"embeddable":true,"href":"https:\/\/lyfilter.com\/es\/wp-json\/wp\/v2\/comments?post=4126"}],"wp:featuredmedia":[{"embeddable":true,"href":"https:\/\/lyfilter.com\/es\/wp-json\/wp\/v2\/media\/4131"}],"wp:attachment":[{"href":"https:\/\/lyfilter.com\/es\/wp-json\/wp\/v2\/media?parent=4126"}],"wp:term":[{"taxonomy":"product_brand","embeddable":true,"href":"https:\/\/lyfilter.com\/es\/wp-json\/wp\/v2\/product_brand?post=4126"},{"taxonomy":"product_cat","embeddable":true,"href":"https:\/\/lyfilter.com\/es\/wp-json\/wp\/v2\/product_cat?post=4126"},{"taxonomy":"product_tag","embeddable":true,"href":"https:\/\/lyfilter.com\/es\/wp-json\/wp\/v2\/product_tag?post=4126"}],"curies":[{"name":"wp","href":"https:\/\/api.w.org\/{rel}","templated":true}]}}