{"id":4119,"date":"2026-04-03T10:54:26","date_gmt":"2026-04-03T10:54:26","guid":{"rendered":"https:\/\/lyfilter.com\/"},"modified":"2026-04-03T10:54:26","modified_gmt":"2026-04-03T10:54:26","slug":"high-temperature-resistance-100-micron-water-mesh-filter-stainless-steel-cartridge-10-inch","status":"publish","type":"product","link":"https:\/\/lyfilter.com\/es\/high-temperature-resistance-100-micron-water-mesh-filter-stainless-steel-cartridge-10-inch\/","title":{"rendered":"Alta Resistencia a la Temperatura 100 Micras Filtro de Malla de Agua Cartucho de Acero Inoxidable 10 Pulgadas"},"content":{"rendered":"<p>Construido para la filtraci\u00f3n, este cartucho de filtro de malla de agua de acero inoxidable de 10 pulgadas ofrece un control de 100 micras y resistencia a altas temperaturas. Ayuda a mantener el flujo, proteger los equipos y respaldar un tratamiento fiable del agua en los d\u00edas laborables.<\/p>","protected":false},"excerpt":{"rendered":"<table>\n<thead>\n<tr>\n<th>Art\u00edculo<\/th>\n<th>Valor<\/th>\n<th>Art\u00edculo<\/th>\n<th>Valor<\/th>\n<\/tr>\n<\/thead>\n<tbody>\n<tr>\n<td>Condici\u00f3n<\/td>\n<td>Nuevo<\/td>\n<td>Garant\u00eda<\/td>\n<td>6 meses<\/td>\n<\/tr>\n<tr>\n<td>Industrias aplicables<\/td>\n<td>Hoteles; tiendas de ropa; tiendas de materiales de construcci\u00f3n; plantas de fabricaci\u00f3n; talleres de reparaci\u00f3n de maquinaria; f\u00e1bricas de alimentos y bebidas; granjas; restaurantes; uso dom\u00e9stico; comercio minorista; tiendas de alimentaci\u00f3n; imprentas; obras de construcci\u00f3n; energ\u00eda y miner\u00eda; tiendas de alimentos y bebidas.<\/td>\n<td>Servicio post garant\u00eda<\/td>\n<td>Asistencia en l\u00ednea<\/td>\n<\/tr>\n<tr>\n<td>Ubicaci\u00f3n del servicio local<\/td>\n<td>ninguno<\/td>\n<td>Ubicaci\u00f3n de la sala de exposiciones<\/td>\n<td>ninguno<\/td>\n<\/tr>\n<tr>\n<td>V\u00eddeo de la inspecci\u00f3n de salida<\/td>\n<td>Proporcionado<\/td>\n<td>Informe de ensayo de maquinaria<\/td>\n<td>Proporcionado<\/td>\n<\/tr>\n<tr>\n<td>Tipo de comercializaci\u00f3n<\/td>\n<td>Producto ordinario<\/td>\n<td>Garant\u00eda de los componentes principales<\/td>\n<td>1 a\u00f1o<\/td>\n<\/tr>\n<tr>\n<td>Componentes b\u00e1sicos<\/td>\n<td>Recipiente a presi\u00f3n<\/td>\n<td>Lugar de origen<\/td>\n<td>Guangdong, China<\/td>\n<\/tr>\n<tr>\n<td>Marca<\/td>\n<td>Lvyuan\/OEM<\/td>\n<td>Utilizaci\u00f3n<\/td>\n<td>Filtro de l\u00edquidos; tratamiento de aguas<\/td>\n<\/tr>\n<tr>\n<td>Tipo<\/td>\n<td>Elementos filtrantes<\/td>\n<td>Material<\/td>\n<td>Fibra met\u00e1lica; malla de acero inoxidable<\/td>\n<\/tr>\n<tr>\n<td>Caracter\u00edstica<\/td>\n<td>buena permeabilidad<\/td>\n<td>Longitud<\/td>\n<td>10\/20\/30\/40 pulgadas o personalizado<\/td>\n<\/tr>\n<tr>\n<td>Forma<\/td>\n<td>cilindro<\/td>\n<td>Aplicaci\u00f3n<\/td>\n<td>industria<\/td>\n<\/tr>\n<tr>\n<td>Color<\/td>\n<td>astilla<\/td>\n<td>Embalaje<\/td>\n<td>caja de papel<\/td>\n<\/tr>\n<tr>\n<td>\u00edndice de eliminaci\u00f3n<\/td>\n<td>2 a 200\u03bcm<\/td>\n<td>Ventaja<\/td>\n<td>reutilizar<\/td>\n<\/tr>\n<tr>\n<td>Capacidad de suministro<\/td>\n<td>1000 piezas por mes<\/td>\n<td><\/td>\n<td><\/td>\n<\/tr>\n<\/tbody>\n<\/table>","protected":false},"featured_media":4120,"comment_status":"open","ping_status":"closed","template":"","meta":{"_gspb_post_css":""},"product_brand":[],"product_cat":[1205],"product_tag":[887,1444,1445,743,1257,1446],"class_list":{"0":"post-4119","1":"product","2":"type-product","3":"status-publish","4":"has-post-thumbnail","6":"product_cat-stainless-steel-sintered-filter-cartridge","7":"product_tag-10-inch-water-filter-cartridge","8":"product_tag-100-micron-water-mesh-filter","9":"product_tag-high-temperature-resistant-filter","10":"product_tag-industrial-water-filter-cartridge","11":"product_tag-stainless-steel-cartridge-filter","12":"product_tag-stainless-steel-mesh-filter","14":"first","15":"instock","16":"shipping-taxable","17":"product-type-simple"},"_links":{"self":[{"href":"https:\/\/lyfilter.com\/es\/wp-json\/wp\/v2\/product\/4119","targetHints":{"allow":["GET"]}}],"collection":[{"href":"https:\/\/lyfilter.com\/es\/wp-json\/wp\/v2\/product"}],"about":[{"href":"https:\/\/lyfilter.com\/es\/wp-json\/wp\/v2\/types\/product"}],"replies":[{"embeddable":true,"href":"https:\/\/lyfilter.com\/es\/wp-json\/wp\/v2\/comments?post=4119"}],"wp:featuredmedia":[{"embeddable":true,"href":"https:\/\/lyfilter.com\/es\/wp-json\/wp\/v2\/media\/4120"}],"wp:attachment":[{"href":"https:\/\/lyfilter.com\/es\/wp-json\/wp\/v2\/media?parent=4119"}],"wp:term":[{"taxonomy":"product_brand","embeddable":true,"href":"https:\/\/lyfilter.com\/es\/wp-json\/wp\/v2\/product_brand?post=4119"},{"taxonomy":"product_cat","embeddable":true,"href":"https:\/\/lyfilter.com\/es\/wp-json\/wp\/v2\/product_cat?post=4119"},{"taxonomy":"product_tag","embeddable":true,"href":"https:\/\/lyfilter.com\/es\/wp-json\/wp\/v2\/product_tag?post=4119"}],"curies":[{"name":"wp","href":"https:\/\/api.w.org\/{rel}","templated":true}]}}