{"id":4113,"date":"2026-04-03T10:20:13","date_gmt":"2026-04-03T10:20:13","guid":{"rendered":"https:\/\/lyfilter.com\/"},"modified":"2026-04-03T10:20:13","modified_gmt":"2026-04-03T10:20:13","slug":"stainless-steel-water-filter-housing-guangzhou-lvyuan-filter","status":"publish","type":"product","link":"https:\/\/lyfilter.com\/es\/stainless-steel-water-filter-housing-guangzhou-lvyuan-filter\/","title":{"rendered":"Carcasa del filtro de agua de acero inoxidable Guangzhou - - Lvyuan Filter"},"content":{"rendered":"<p><b>Detalles del producto\u00a0<a href=\"https:\/\/lyfilter.com\/es\/stainless-steel-filter-housing.html\/\">carcasa del filtro de agua de acero inoxidable<\/a><\/b><\/p>\n<p>&nbsp;<\/p>\n<p><b>Especificaci\u00f3n del producto<\/b><\/p>\n<p>Material: Acero inoxidable<\/p>\n<p>&nbsp;<\/p>\n<p><b>Descripci\u00f3n del producto<\/b><\/p>\n<p>Satisfacer las diversas necesidades de los clientes,\u00a0<a href=\"https:\/\/lyfilter.com\/es\/\">Filtro Lvyuan<\/a>\u00a0La carcasa del filtro de agua de acero inoxidable est\u00e1 dise\u00f1ada con varios estilos. Se desarrolla a medida que seguimos de cerca la tecnolog\u00eda avanzada internacional y las tendencias de desarrollo. . Tratando a los empleados con respeto mutuo, el personal de Lvyuan Filter siempre proporciona el mejor servicio para los clientes.<\/p>\n<p><strong>Cartucho \u00fanico\u00a0<a href=\"https:\/\/lyfilter.com\/es\/stainless-steel-filter-housing.html\/\">Carcasa del filtro de acero inoxidable<\/a><\/strong><\/p>\n<p>El filtro de un solo n\u00facleo se divide en dos tipos: l\u00edquido de filtraci\u00f3n y gas, y el tama\u00f1o se puede dividir en 5\u2033, 10\u2033, 20\u2033, 30\u2033 y 40\u2033, etc. La presi\u00f3n de trabajo es generalmente de 0,1Mpa-0,4Mpa. Debido a los diferentes tama\u00f1os de poro de los\u00a0<a href=\"https:\/\/lyfilter.com\/es\/products.html\/\">elemento filtrante<\/a>s, los caudales tambi\u00e9n son diferentes. Por ejemplo, el est\u00e1ndar para la filtraci\u00f3n de 0,2 um-0,4 um de agua ca\u00f3tica es de 300-500 kg\/h. , combinaci\u00f3n de 40\u2033 pulgadas, por ejemplo, para filtrar 5t\/h de agua est\u00e9ril, puede elegir un filtro de 7 elementos de 0,2 um y 30 pulgadas. Si hay muchas impurezas en el filtro y hay viscosidad, se debe a\u00f1adir un dispositivo de prefiltraci\u00f3n. La filtraci\u00f3n de gas es ligeramente diferente de la filtraci\u00f3n de l\u00edquidos, y su volumen de filtraci\u00f3n se calcula como gas c\u00fabico por minuto. Elemento filtrante de 10 pulgadas, di\u00e1metro de poro \u03c60,22 um, presi\u00f3n de 0,12 Mpa, diferencia de presi\u00f3n de 0,01 Mpa, caudal de 4-6m3\/min, ampliamente utilizado en la industria de fermentaci\u00f3n.<\/p>","protected":false},"excerpt":{"rendered":"<table>\n<thead>\n<tr>\n<th>Art\u00edculo<\/th>\n<th>Valor<\/th>\n<th>Art\u00edculo<\/th>\n<th>Valor<\/th>\n<\/tr>\n<\/thead>\n<tbody>\n<tr>\n<td>Puerto de inicio<\/td>\n<td>Guangzhou<\/td>\n<td>Capacidad de producci\u00f3n<\/td>\n<td>10000 unidades\/Mes<\/td>\n<\/tr>\n<tr>\n<td>Pago<\/td>\n<td>T\/T; Alibaba Trade Assurance; paypal<\/td>\n<td>Plazo de entrega<\/td>\n<td>En un plazo de 7 d\u00edas laborables<\/td>\n<\/tr>\n<\/tbody>\n<\/table>","protected":false},"featured_media":4118,"comment_status":"open","ping_status":"closed","template":"","meta":{"_gspb_post_css":""},"product_brand":[],"product_cat":[15],"product_tag":[1441,1084,1186,1442,1440,1443],"class_list":{"0":"post-4113","1":"product","2":"type-product","3":"status-publish","4":"has-post-thumbnail","6":"product_cat-stainless-steel-filter-housing","7":"product_tag-guangzhou-water-filter-housing","8":"product_tag-industrial-filter-housing","9":"product_tag-lvyuan-filter-housing","10":"product_tag-stainless-steel-filter-vessel","11":"product_tag-stainless-steel-water-filter-housing","12":"product_tag-water-filtration-housing","14":"first","15":"instock","16":"shipping-taxable","17":"product-type-simple"},"_links":{"self":[{"href":"https:\/\/lyfilter.com\/es\/wp-json\/wp\/v2\/product\/4113","targetHints":{"allow":["GET"]}}],"collection":[{"href":"https:\/\/lyfilter.com\/es\/wp-json\/wp\/v2\/product"}],"about":[{"href":"https:\/\/lyfilter.com\/es\/wp-json\/wp\/v2\/types\/product"}],"replies":[{"embeddable":true,"href":"https:\/\/lyfilter.com\/es\/wp-json\/wp\/v2\/comments?post=4113"}],"wp:featuredmedia":[{"embeddable":true,"href":"https:\/\/lyfilter.com\/es\/wp-json\/wp\/v2\/media\/4118"}],"wp:attachment":[{"href":"https:\/\/lyfilter.com\/es\/wp-json\/wp\/v2\/media?parent=4113"}],"wp:term":[{"taxonomy":"product_brand","embeddable":true,"href":"https:\/\/lyfilter.com\/es\/wp-json\/wp\/v2\/product_brand?post=4113"},{"taxonomy":"product_cat","embeddable":true,"href":"https:\/\/lyfilter.com\/es\/wp-json\/wp\/v2\/product_cat?post=4113"},{"taxonomy":"product_tag","embeddable":true,"href":"https:\/\/lyfilter.com\/es\/wp-json\/wp\/v2\/product_tag?post=4113"}],"curies":[{"name":"wp","href":"https:\/\/api.w.org\/{rel}","templated":true}]}}