{"id":4111,"date":"2026-04-03T10:12:31","date_gmt":"2026-04-03T10:12:31","guid":{"rendered":"https:\/\/lyfilter.com\/"},"modified":"2026-04-03T10:12:31","modified_gmt":"2026-04-03T10:12:31","slug":"sintered-filter-cartridge-oem-lvyuan-lvyuan-filter","status":"publish","type":"product","link":"https:\/\/lyfilter.com\/es\/sintered-filter-cartridge-oem-lvyuan-lvyuan-filter\/","title":{"rendered":"Cartucho Filtrante Sinterizado OEM\/Lvyuan - - Lvyuan Filter"},"content":{"rendered":"<p><b>Especificaci\u00f3n del producto<\/b><\/p>\n<p>Material: pe<\/p>\n<p>&nbsp;<\/p>\n<p><b>Presentaci\u00f3n del producto<\/b><\/p>\n<p>Nuestra\u00a0<a href=\"https:\/\/lyfilter.com\/es\/\">Filtro Lvyuan<\/a>\u00a0cartucho de filtro sinterizado est\u00e1 dise\u00f1ado y fabricado de acuerdo con los requisitos de los clientes en constante evoluci\u00f3n. cartucho de filtro sinterizado alcanza el nivel avanzado de la industria. El servicio de atenci\u00f3n al cliente de Guangzhou Lvyuan Water Purification Equipment Co., Ltd. tiene la capacidad de tragarse el orgullo y aceptar la culpa o los comentarios negativos.<\/p>\n<p>&nbsp;<\/p>\n<p><strong><a href=\"https:\/\/lyfilter.com\/es\/sintered-porous-plastic.html\/\">Pl\u00e1stico poroso sinterizado<\/a>\u00a0filtro de PE PA PTFE PVDF<\/strong><\/p>\n<p>Nuestra empresa fabrica el filtro sinterizado de polietileno molecular ultra-alto, el peso molecular es de m\u00e1s de 3 millones de part\u00edculas de sinterizaci\u00f3n.Utilice un molde para utilizar la presi\u00f3n en el horno de sinterizaci\u00f3n.filtros sinterizados elementos son ampliamente utilizados en la qu\u00edmica, petr\u00f3leo, metalurgia, la artesan\u00eda de aire, gas, electr\u00f3nica, farmacia, neum\u00e1tica, componentes del regulador de aire, la presi\u00f3n\u00a0<a href=\"https:\/\/lyfilter.com\/es\/products.html\/\">elemento filtrante<\/a>s, filtros de aire y m\u00e1s campos.<\/p>","protected":false},"excerpt":{"rendered":"<table>\n<thead>\n<tr>\n<th>Art\u00edculo<\/th>\n<th>Valor<\/th>\n<th>Art\u00edculo<\/th>\n<th>Valor<\/th>\n<\/tr>\n<\/thead>\n<tbody>\n<tr>\n<td>Puerto de inicio<\/td>\n<td>Guangzhou<\/td>\n<td>Capacidad de producci\u00f3n<\/td>\n<td>10000 unidades\/Mes<\/td>\n<\/tr>\n<tr>\n<td>Pago<\/td>\n<td>L\/C; T\/T; Western Union; Alibaba Trade Assurance; PayPal<\/td>\n<td>Marca<\/td>\n<td>OEM\/Lvyuan<\/td>\n<\/tr>\n<\/tbody>\n<\/table>","protected":false},"featured_media":4112,"comment_status":"open","ping_status":"closed","template":"","meta":{"_gspb_post_css":""},"product_brand":[],"product_cat":[22],"product_tag":[1346,1242,1439,810,1438,1237],"class_list":{"0":"post-4111","1":"product","2":"type-product","3":"status-publish","4":"has-post-thumbnail","6":"product_cat-sintered-filter-cartridge","7":"product_tag-industrial-sintered-filter","8":"product_tag-lvyuan-filter","9":"product_tag-metal-filter-element","10":"product_tag-oem-filter-cartridge","11":"product_tag-reusable-filter-cartridge","12":"product_tag-sintered-filter-cartridge","14":"first","15":"instock","16":"shipping-taxable","17":"product-type-simple"},"_links":{"self":[{"href":"https:\/\/lyfilter.com\/es\/wp-json\/wp\/v2\/product\/4111","targetHints":{"allow":["GET"]}}],"collection":[{"href":"https:\/\/lyfilter.com\/es\/wp-json\/wp\/v2\/product"}],"about":[{"href":"https:\/\/lyfilter.com\/es\/wp-json\/wp\/v2\/types\/product"}],"replies":[{"embeddable":true,"href":"https:\/\/lyfilter.com\/es\/wp-json\/wp\/v2\/comments?post=4111"}],"wp:featuredmedia":[{"embeddable":true,"href":"https:\/\/lyfilter.com\/es\/wp-json\/wp\/v2\/media\/4112"}],"wp:attachment":[{"href":"https:\/\/lyfilter.com\/es\/wp-json\/wp\/v2\/media?parent=4111"}],"wp:term":[{"taxonomy":"product_brand","embeddable":true,"href":"https:\/\/lyfilter.com\/es\/wp-json\/wp\/v2\/product_brand?post=4111"},{"taxonomy":"product_cat","embeddable":true,"href":"https:\/\/lyfilter.com\/es\/wp-json\/wp\/v2\/product_cat?post=4111"},{"taxonomy":"product_tag","embeddable":true,"href":"https:\/\/lyfilter.com\/es\/wp-json\/wp\/v2\/product_tag?post=4111"}],"curies":[{"name":"wp","href":"https:\/\/api.w.org\/{rel}","templated":true}]}}