{"id":4102,"date":"2026-04-03T08:43:21","date_gmt":"2026-04-03T08:43:21","guid":{"rendered":"https:\/\/lyfilter.com\/"},"modified":"2026-04-03T08:43:21","modified_gmt":"2026-04-03T08:43:21","slug":"lvyuan-filter-hot-sale-pp-sediment-filter-quality-assurance-for-industry","status":"publish","type":"product","link":"https:\/\/lyfilter.com\/es\/lvyuan-filter-hot-sale-pp-sediment-filter-quality-assurance-for-industry\/","title":{"rendered":"Lvyuan Filtro Venta caliente PP Filtro de sedimentos Garant\u00eda de calidad para la industria"},"content":{"rendered":"<p>Construido para la filtraci\u00f3n industrial, este filtro de sedimentos Lvyuan Filter PP captura las part\u00edculas en suspensi\u00f3n mientras mantiene el flujo constante. Es una opci\u00f3n pr\u00e1ctica para instalaciones que desean un rendimiento fiable y un procesamiento m\u00e1s limpio cada d\u00eda.<\/p>","protected":false},"excerpt":{"rendered":"<table>\n<thead>\n<tr>\n<th>Art\u00edculo<\/th>\n<th>Valor<\/th>\n<th>Art\u00edculo<\/th>\n<th>Valor<\/th>\n<\/tr>\n<\/thead>\n<tbody>\n<tr>\n<td>Industrias aplicables<\/td>\n<td>Planta de fabricaci\u00f3n; f\u00e1brica de alimentos y bebidas; uso dom\u00e9stico; tratamiento de aguas<\/td>\n<td>Lugar de origen<\/td>\n<td>Guangdong, China<\/td>\n<\/tr>\n<tr>\n<td>Marca<\/td>\n<td>Lvyuan; OEM; ODM<\/td>\n<td>Material<\/td>\n<td>pp<\/td>\n<\/tr>\n<tr>\n<td>Peso<\/td>\n<td>Personalizado<\/td>\n<td>Talla<\/td>\n<td>Personalizado<\/td>\n<\/tr>\n<tr>\n<td>Potencia<\/td>\n<td>0<\/td>\n<td>Garant\u00eda<\/td>\n<td>No disponible<\/td>\n<\/tr>\n<tr>\n<td>Caracter\u00edstica<\/td>\n<td>tama\u00f1o y logotipo personalizados acero robar<\/td>\n<td>Certificaci\u00f3n<\/td>\n<td>SGS<\/td>\n<\/tr>\n<tr>\n<td>Forma<\/td>\n<td>cilindro<\/td>\n<td>Utilizaci\u00f3n<\/td>\n<td>tratamiento del agua<\/td>\n<\/tr>\n<tr>\n<td>Aplicaci\u00f3n<\/td>\n<td>industria<\/td>\n<td>Color<\/td>\n<td>blanco<\/td>\n<\/tr>\n<tr>\n<td>Embalaje<\/td>\n<td>caja de papel<\/td>\n<td>Materia prima<\/td>\n<td>fibra pp<\/td>\n<\/tr>\n<tr>\n<td>Apariencia<\/td>\n<td>en relieve; brillante; etc.<\/td>\n<td>Longitud<\/td>\n<td>5\/10\/20\/30\/40Pulgadas o a medida<\/td>\n<\/tr>\n<tr>\n<td>Servicio posventa<\/td>\n<td>Asistencia en l\u00ednea<\/td>\n<td>Capacidad de suministro<\/td>\n<td>5000 Piezas por semana<\/td>\n<\/tr>\n<\/tbody>\n<\/table>","protected":false},"featured_media":4103,"comment_status":"open","ping_status":"closed","template":"","meta":{"_gspb_post_css":""},"product_brand":[],"product_cat":[23],"product_tag":[1170,811,1433,662,1347,878],"class_list":{"0":"post-4102","1":"product","2":"type-product","3":"status-publish","4":"has-post-thumbnail","6":"product_cat-pp-filter-cartridge","7":"product_tag-industrial-filtration-cartridge","8":"product_tag-industrial-sediment-filter","9":"product_tag-lvyuan-filter-pp-sediment-filter","10":"product_tag-pp-sediment-filter","11":"product_tag-quality-assurance-filter","12":"product_tag-water-treatment-filter-cartridge","14":"first","15":"instock","16":"shipping-taxable","17":"product-type-simple"},"_links":{"self":[{"href":"https:\/\/lyfilter.com\/es\/wp-json\/wp\/v2\/product\/4102","targetHints":{"allow":["GET"]}}],"collection":[{"href":"https:\/\/lyfilter.com\/es\/wp-json\/wp\/v2\/product"}],"about":[{"href":"https:\/\/lyfilter.com\/es\/wp-json\/wp\/v2\/types\/product"}],"replies":[{"embeddable":true,"href":"https:\/\/lyfilter.com\/es\/wp-json\/wp\/v2\/comments?post=4102"}],"wp:featuredmedia":[{"embeddable":true,"href":"https:\/\/lyfilter.com\/es\/wp-json\/wp\/v2\/media\/4103"}],"wp:attachment":[{"href":"https:\/\/lyfilter.com\/es\/wp-json\/wp\/v2\/media?parent=4102"}],"wp:term":[{"taxonomy":"product_brand","embeddable":true,"href":"https:\/\/lyfilter.com\/es\/wp-json\/wp\/v2\/product_brand?post=4102"},{"taxonomy":"product_cat","embeddable":true,"href":"https:\/\/lyfilter.com\/es\/wp-json\/wp\/v2\/product_cat?post=4102"},{"taxonomy":"product_tag","embeddable":true,"href":"https:\/\/lyfilter.com\/es\/wp-json\/wp\/v2\/product_tag?post=4102"}],"curies":[{"name":"wp","href":"https:\/\/api.w.org\/{rel}","templated":true}]}}