{"id":4095,"date":"2026-04-03T08:35:19","date_gmt":"2026-04-03T08:35:19","guid":{"rendered":"https:\/\/lyfilter.com\/"},"modified":"2026-04-03T08:35:19","modified_gmt":"2026-04-03T08:35:19","slug":"222-226-flat-fin-doe-pp-ptfe-pvdf-pleated-cartridge-nitrogen-gas-filter","status":"publish","type":"product","link":"https:\/\/lyfilter.com\/es\/222-226-flat-fin-doe-pp-ptfe-pvdf-pleated-cartridge-nitrogen-gas-filter\/","title":{"rendered":"222\/226\/Flat\/Fin\/DOE PP PTFE PVDF Cartucho plisado Filtro de nitr\u00f3geno gaseoso"},"content":{"rendered":"<h3>222\/226\/Flat\/Fin\/Doe Ptfe Pvdf Cartucho plisado Filtro de gas nitr\u00f3geno<\/h3>\n<div id=\"kcc3w\">\n<div id=\"kcc3w\">\nLos medios de filtraci\u00f3n de los filtros de gas de nitr\u00f3geno son hidrof\u00f3bicos PP PTFE PVDF membrana. Nuestro cartucho de filtro de nitr\u00f3geno tiene excelentes caracter\u00edsticas de funcionamiento, y sus especificaciones de seguridad y control t\u00e9rmico se ajustan a los requisitos de la USP de los EE.UU.. Cada filtro de nitr\u00f3geno\u00a0<a href=\"https:\/\/lyfilter.com\/es\/products.html\/\">elemento filtrante<\/a>\u00a0ha superado las pruebas de integridad 100% de punto de burbuja y flujo de expansi\u00f3n para garantizar el cumplimiento de los requisitos de retenci\u00f3n bacteriana de USA HIME.<\/div>\n<div id=\"kcc3w\"><\/div>\n<div id=\"kcc3w\">El dise\u00f1o plisado de los filtros de nitr\u00f3geno gaseoso maximiza la superficie filtrante, mejorando la eficacia de la filtraci\u00f3n y prolongando la vida \u00fatil. Estos filtros pueden eliminar part\u00edculas de hasta 0,3 micras con gran eficacia, lo que los hace ideales para necesidades de filtraci\u00f3n ultrafina, como el cartucho de filtro 222 y el cartucho de filtro 226, etc. Espec\u00edficamente dise\u00f1ados para la purificaci\u00f3n de gas nitr\u00f3geno, estos filtros destacan en la eliminaci\u00f3n de part\u00edculas, aerosoles y humedad, garantizando el suministro de gas limpio y seco, esencial para industrias como la fabricaci\u00f3n de productos electr\u00f3nicos, farmac\u00e9uticos y entornos de laboratorio.<\/div>\n<\/div>","protected":false},"excerpt":{"rendered":"<p>El filtro de nitr\u00f3geno de cartucho plisado de aleta plana Lvyuan Filter est\u00e1 dise\u00f1ado para aplicaciones cr\u00edticas de purificaci\u00f3n de gas. Fabricados con materiales como polipropileno (PP), politetrafluoroetileno (PTFE) y fluoruro de polivinilideno (PVDF), estos elementos filtrantes de nitr\u00f3geno ofrecen una resistencia qu\u00edmica y una durabilidad excepcionales. Estos cartuchos filtrantes de nitr\u00f3geno plisados est\u00e1n disponibles en varias configuraciones -cartucho filtrante 222, cartucho filtrante 226, plano, de aletas y DOE- para adaptarse a diferentes requisitos de instalaci\u00f3n y garantizar un rendimiento \u00f3ptimo.<\/p>","protected":false},"featured_media":4099,"comment_status":"open","ping_status":"closed","template":"","meta":{"_gspb_post_css":""},"product_brand":[],"product_cat":[24,26],"product_tag":[1430,1431,1427,1428,1432,1429],"class_list":{"0":"post-4095","1":"product","2":"type-product","3":"status-publish","4":"has-post-thumbnail","6":"product_cat-sintered-porous-plastic","7":"product_cat-plastic-silencer","8":"product_tag-222-226-doe-filter","9":"product_tag-industrial-gas-filter","10":"product_tag-nitrogen-gas-filter","11":"product_tag-pleated-cartridge-filter","12":"product_tag-pleated-membrane-cartridge","13":"product_tag-pp-ptfe-pvdf-filter","15":"first","16":"instock","17":"shipping-taxable","18":"product-type-simple"},"_links":{"self":[{"href":"https:\/\/lyfilter.com\/es\/wp-json\/wp\/v2\/product\/4095","targetHints":{"allow":["GET"]}}],"collection":[{"href":"https:\/\/lyfilter.com\/es\/wp-json\/wp\/v2\/product"}],"about":[{"href":"https:\/\/lyfilter.com\/es\/wp-json\/wp\/v2\/types\/product"}],"replies":[{"embeddable":true,"href":"https:\/\/lyfilter.com\/es\/wp-json\/wp\/v2\/comments?post=4095"}],"wp:featuredmedia":[{"embeddable":true,"href":"https:\/\/lyfilter.com\/es\/wp-json\/wp\/v2\/media\/4099"}],"wp:attachment":[{"href":"https:\/\/lyfilter.com\/es\/wp-json\/wp\/v2\/media?parent=4095"}],"wp:term":[{"taxonomy":"product_brand","embeddable":true,"href":"https:\/\/lyfilter.com\/es\/wp-json\/wp\/v2\/product_brand?post=4095"},{"taxonomy":"product_cat","embeddable":true,"href":"https:\/\/lyfilter.com\/es\/wp-json\/wp\/v2\/product_cat?post=4095"},{"taxonomy":"product_tag","embeddable":true,"href":"https:\/\/lyfilter.com\/es\/wp-json\/wp\/v2\/product_tag?post=4095"}],"curies":[{"name":"wp","href":"https:\/\/api.w.org\/{rel}","templated":true}]}}