{"id":4087,"date":"2026-04-03T08:31:02","date_gmt":"2026-04-03T08:31:02","guid":{"rendered":"https:\/\/lyfilter.com\/"},"modified":"2026-04-03T08:31:02","modified_gmt":"2026-04-03T08:31:02","slug":"stainless-steel-bag-filter-manufacturing-for-beverage-industry","status":"publish","type":"product","link":"https:\/\/lyfilter.com\/es\/stainless-steel-bag-filter-manufacturing-for-beverage-industry\/","title":{"rendered":"Fabricaci\u00f3n de filtros de bolsa de acero inoxidable para la industria de bebidas"},"content":{"rendered":"<p data-start=\"361\" data-end=\"628\">Fabricado para el procesado de bebidas, este filtro de bolsa de acero inoxidable permite un flujo de l\u00edquido limpio, una captura de part\u00edculas fiable y una producci\u00f3n diaria sin problemas. Su estructura duradera ayuda a mantener una filtraci\u00f3n estable al tiempo que reduce la presi\u00f3n de mantenimiento.<\/p>\n<p data-start=\"630\" data-end=\"902\" data-is-last-node=\"\" data-is-only-node=\"\">","protected":false},"excerpt":{"rendered":"<table>\n<thead>\n<tr>\n<th>Art\u00edculo<\/th>\n<th>Valor<\/th>\n<th>Art\u00edculo<\/th>\n<th>Valor<\/th>\n<\/tr>\n<\/thead>\n<tbody>\n<tr>\n<td>Lugar de origen<\/td>\n<td>Guangdong, China<\/td>\n<td>Marca<\/td>\n<td>Lvyuan, OEM, ODM<\/td>\n<\/tr>\n<tr>\n<td>Material<\/td>\n<td>sus304; sus316<\/td>\n<td>Peso<\/td>\n<td>personalizado<\/td>\n<\/tr>\n<tr>\n<td>Talla<\/td>\n<td>personalizado<\/td>\n<td>Potencia<\/td>\n<td>0<\/td>\n<\/tr>\n<tr>\n<td>Garant\u00eda<\/td>\n<td>No disponible<\/td>\n<td>Caracter\u00edstica<\/td>\n<td>f\u00e1cil instalaci\u00f3n<\/td>\n<\/tr>\n<tr>\n<td>Certificaci\u00f3n<\/td>\n<td>SGS<\/td>\n<td>Forma<\/td>\n<td>cilindro<\/td>\n<\/tr>\n<tr>\n<td>Utilizaci\u00f3n<\/td>\n<td>filtraci\u00f3n de agua<\/td>\n<td>Aplicaci\u00f3n<\/td>\n<td>industria<\/td>\n<\/tr>\n<tr>\n<td>superficie<\/td>\n<td>pulido<\/td>\n<td>Modelo<\/td>\n<td>BFH-02<\/td>\n<\/tr>\n<tr>\n<td>Materia prima<\/td>\n<td>acero inoxidable<\/td>\n<td>Presi\u00f3n de trabajo<\/td>\n<td>150Psi<\/td>\n<\/tr>\n<tr>\n<td>material de la bolsa de filtro<\/td>\n<td>PE\/acero inoxidable\/pp<\/td>\n<td>Servicio posventa<\/td>\n<td>Asistencia en l\u00ednea<\/td>\n<\/tr>\n<tr>\n<td>Unidades de venta<\/td>\n<td>Art\u00edculo \u00fanico<\/td>\n<td>Tama\u00f1o de envase individual<\/td>\n<td>35X35X70 cm<\/td>\n<\/tr>\n<tr>\n<td>Peso bruto \u00fanico<\/td>\n<td>18.500 kg<\/td>\n<td>Tipo de envase<\/td>\n<td>caja de papel y estuche de madera<\/td>\n<\/tr>\n<tr>\n<td>Plazos de entrega<\/td>\n<td>1 - 10: 15 d\u00edas; 11 - 50: 25 d\u00edas; 51 - 100: 35 d\u00edas; &gt;100: A negociar<\/td>\n<td><\/td>\n<td><\/td>\n<\/tr>\n<\/tbody>\n<\/table>","protected":false},"featured_media":4093,"comment_status":"open","ping_status":"closed","template":"","meta":{"_gspb_post_css":""},"product_brand":[],"product_cat":[1135],"product_tag":[1425,1138,1426,1070,1320,34],"class_list":{"0":"post-4087","1":"product","2":"type-product","3":"status-publish","4":"has-post-thumbnail","6":"product_cat-stainless-steel-bag-filter-housing","7":"product_tag-beverage-industry-filter","8":"product_tag-beverage-processing-filter","9":"product_tag-industrial-bag-filter","10":"product_tag-liquid-filtration-system","11":"product_tag-stainless-steel-bag-filter","12":"product_tag-stainless-steel-filter-housing","14":"first","15":"instock","16":"shipping-taxable","17":"product-type-simple"},"_links":{"self":[{"href":"https:\/\/lyfilter.com\/es\/wp-json\/wp\/v2\/product\/4087","targetHints":{"allow":["GET"]}}],"collection":[{"href":"https:\/\/lyfilter.com\/es\/wp-json\/wp\/v2\/product"}],"about":[{"href":"https:\/\/lyfilter.com\/es\/wp-json\/wp\/v2\/types\/product"}],"replies":[{"embeddable":true,"href":"https:\/\/lyfilter.com\/es\/wp-json\/wp\/v2\/comments?post=4087"}],"wp:featuredmedia":[{"embeddable":true,"href":"https:\/\/lyfilter.com\/es\/wp-json\/wp\/v2\/media\/4093"}],"wp:attachment":[{"href":"https:\/\/lyfilter.com\/es\/wp-json\/wp\/v2\/media?parent=4087"}],"wp:term":[{"taxonomy":"product_brand","embeddable":true,"href":"https:\/\/lyfilter.com\/es\/wp-json\/wp\/v2\/product_brand?post=4087"},{"taxonomy":"product_cat","embeddable":true,"href":"https:\/\/lyfilter.com\/es\/wp-json\/wp\/v2\/product_cat?post=4087"},{"taxonomy":"product_tag","embeddable":true,"href":"https:\/\/lyfilter.com\/es\/wp-json\/wp\/v2\/product_tag?post=4087"}],"curies":[{"name":"wp","href":"https:\/\/api.w.org\/{rel}","templated":true}]}}