{"id":4084,"date":"2026-04-03T08:28:20","date_gmt":"2026-04-03T08:28:20","guid":{"rendered":"https:\/\/lyfilter.com\/"},"modified":"2026-04-24T23:46:15","modified_gmt":"2026-04-24T23:46:15","slug":"sewage-equipment-machine-water-purification-systems","status":"publish","type":"product","link":"https:\/\/lyfilter.com\/es\/sewage-equipment-machine-water-purification-systems\/","title":{"rendered":"M\u00e1quinas de tratamiento de aguas residuales\/Sistemas de depuraci\u00f3n de agua"},"content":{"rendered":"<p>Dise\u00f1ada para el tratamiento de aguas residuales, esta m\u00e1quina de tratamiento de aguas residuales permite un procesamiento m\u00e1s limpio, un flujo constante y una depuraci\u00f3n fiable. Ayuda a las plantas a gestionar la calidad del agua con un rendimiento duradero y un funcionamiento diario m\u00e1s fluido in situ.<\/p>","protected":false},"excerpt":{"rendered":"<table>\n<thead>\n<tr>\n<th>Art\u00edculo<\/th>\n<th>Valor<\/th>\n<th>Art\u00edculo<\/th>\n<th>Valor<\/th>\n<\/tr>\n<\/thead>\n<tbody>\n<tr>\n<td>Industrias aplicables<\/td>\n<td>Hoteles; F\u00e1brica de alimentos y bebidas; Granjas; Restaurante; Tienda de alimentaci\u00f3n; Energ\u00eda y miner\u00eda; Tiendas de alimentos y bebidas<\/td>\n<td>Servicio post garant\u00eda<\/td>\n<td>Soporte t\u00e9cnico de v\u00eddeo<\/td>\n<\/tr>\n<tr>\n<td>Ubicaci\u00f3n del servicio local<\/td>\n<td>ninguno<\/td>\n<td>Ubicaci\u00f3n de la sala de exposiciones<\/td>\n<td>ninguno<\/td>\n<\/tr>\n<tr>\n<td>V\u00eddeo de la inspecci\u00f3n de salida<\/td>\n<td>Proporcionado<\/td>\n<td>Informe de ensayo de maquinaria<\/td>\n<td>No disponible<\/td>\n<\/tr>\n<tr>\n<td>Tipo de comercializaci\u00f3n<\/td>\n<td>Producto estrella 2019<\/td>\n<td>Garant\u00eda de los componentes principales<\/td>\n<td>1 a\u00f1o<\/td>\n<\/tr>\n<tr>\n<td>Lugar de origen<\/td>\n<td>Guangdong, China<\/td>\n<td>Marca<\/td>\n<td>Guangzhou Lvyuan<\/td>\n<\/tr>\n<tr>\n<td>Garant\u00eda<\/td>\n<td>1 a\u00f1o<\/td>\n<td>Servicio posventa<\/td>\n<td>Soporte t\u00e9cnico de v\u00eddeo<\/td>\n<\/tr>\n<tr>\n<td>Art\u00edculo<\/td>\n<td>Depuradora de aguas residuales MBR<\/td>\n<td>Garant\u00eda<\/td>\n<td>Pieza el\u00e9ctrica para un a\u00f1o<\/td>\n<\/tr>\n<tr>\n<td>certificaci\u00f3n<\/td>\n<td>BV<\/td>\n<td>tecnolog\u00eda 1<\/td>\n<td>tecnolog\u00eda de separaci\u00f3n por membranas<\/td>\n<\/tr>\n<tr>\n<td>tecnolog\u00eda 2<\/td>\n<td>tecnolog\u00eda de tratamiento biol\u00f3gico<\/td>\n<td>tecnolog\u00eda 3<\/td>\n<td>M\u00f3dulo de membrana Alpha<\/td>\n<\/tr>\n<tr>\n<td>duradero<\/td>\n<td>Larga vida \u00fatil<\/td>\n<td>operaci\u00f3n<\/td>\n<td>Simple<\/td>\n<\/tr>\n<tr>\n<td>mantenimiento<\/td>\n<td>c\u00f3modo<\/td>\n<td>calidad<\/td>\n<td>alto nivel<\/td>\n<\/tr>\n<tr>\n<td>Componentes b\u00e1sicos<\/td>\n<td>Parte electr\u00f3nica<\/td>\n<td>Capacidad de suministro<\/td>\n<td>5 piezas\/piezas al mes<\/td>\n<\/tr>\n<\/tbody>\n<\/table>","protected":false},"featured_media":4086,"comment_status":"open","ping_status":"closed","template":"","meta":{"_gspb_post_css":""},"product_brand":[],"product_cat":[1147],"product_tag":[636,1423,1420,1424,1422,1421],"class_list":{"0":"post-4084","1":"product","2":"type-product","3":"status-publish","4":"has-post-thumbnail","6":"product_cat-waste-water-treatment-plant","7":"product_tag-industrial-water-treatment","8":"product_tag-purification-system-machine","9":"product_tag-sewage-equipment-machine","10":"product_tag-sewage-treatment-machine","11":"product_tag-wastewater-treatment-equipment","12":"product_tag-water-purification-systems","14":"first","15":"instock","16":"shipping-taxable","17":"product-type-simple"},"_links":{"self":[{"href":"https:\/\/lyfilter.com\/es\/wp-json\/wp\/v2\/product\/4084","targetHints":{"allow":["GET"]}}],"collection":[{"href":"https:\/\/lyfilter.com\/es\/wp-json\/wp\/v2\/product"}],"about":[{"href":"https:\/\/lyfilter.com\/es\/wp-json\/wp\/v2\/types\/product"}],"replies":[{"embeddable":true,"href":"https:\/\/lyfilter.com\/es\/wp-json\/wp\/v2\/comments?post=4084"}],"wp:featuredmedia":[{"embeddable":true,"href":"https:\/\/lyfilter.com\/es\/wp-json\/wp\/v2\/media\/4086"}],"wp:attachment":[{"href":"https:\/\/lyfilter.com\/es\/wp-json\/wp\/v2\/media?parent=4084"}],"wp:term":[{"taxonomy":"product_brand","embeddable":true,"href":"https:\/\/lyfilter.com\/es\/wp-json\/wp\/v2\/product_brand?post=4084"},{"taxonomy":"product_cat","embeddable":true,"href":"https:\/\/lyfilter.com\/es\/wp-json\/wp\/v2\/product_cat?post=4084"},{"taxonomy":"product_tag","embeddable":true,"href":"https:\/\/lyfilter.com\/es\/wp-json\/wp\/v2\/product_tag?post=4084"}],"curies":[{"name":"wp","href":"https:\/\/api.w.org\/{rel}","templated":true}]}}