{"id":4053,"date":"2026-04-03T08:09:52","date_gmt":"2026-04-03T08:09:52","guid":{"rendered":"https:\/\/lyfilter.com\/"},"modified":"2026-04-24T23:46:37","modified_gmt":"2026-04-24T23:46:37","slug":"sintered-stainless-steel-filter-oem-by-lvyuan-filter","status":"publish","type":"product","link":"https:\/\/lyfilter.com\/es\/sintered-stainless-steel-filter-oem-by-lvyuan-filter\/","title":{"rendered":"Filtro de acero inoxidable sinterizado OEM Por Lvyuan Filtro"},"content":{"rendered":"<div class=\"J_module\">\n<div class=\"detail-decorate-json-renderer-container\">\n<div class=\"magic-0\">\n<h3 class=\"magic-1\" data-id=\"title0\">Filtro de cartucho de pl\u00e1stico sinterizado para l\u00edquidos Tratamiento de aguas residuales industriales Tratamiento de gases y aire<\/h3>\n<\/div>\n<\/div>\n<\/div>\n<div class=\"J_module\">\n<div class=\"detail-decorate-json-renderer-container\">\n<div class=\"magic-0\">\n<div class=\"magic-2\">\n<div class=\"magic-3\">\n<div class=\"magic-4\" data-id=\"paragraph0\">Lvyuan produce una amplia gama de\u00a0<a href=\"https:\/\/lyfilter.com\/es\/sintered-porous-plastic.html\/\">pl\u00e1stico poroso sinterizado<\/a>\u00a0productos de filtro, incluyendo PE poroso, HDPE, PTFE, PVDF, PA, Nylon 6, fibra de vidrio con formas de tubo, varilla, vela, hoja, placa, disco, palo, etc. Con varias tasas de filtraci\u00f3n, formas y caracter\u00edsticas, los cartuchos de filtro de pl\u00e1stico poroso sinterizado son ampliamente utilizados en el tratamiento de agua, ingenier\u00eda qu\u00edmica, tratamiento m\u00e9dico, autom\u00f3vil, protecci\u00f3n del medio ambiente y otras industrias, tales como separador de agua de aceite y silenciador, probador de conducci\u00f3n en estado de ebriedad, tap\u00f3n ciego para tratamiento m\u00e9dico, dispositivo de filtro de jarabe y grasa, rebanadas anti-explosi\u00f3n para bater\u00eda industrial, rebanadas a prueba de \u00e1cido para bater\u00eda de autom\u00f3vil, tratamiento de aguas residuales, sistema de filtro de purificaci\u00f3n de agua y m\u00e1s. Los filtros pl\u00e1sticos porosos sinterizados de Lvyuan pueden satisfacer los requisitos de diferentes clientes. Formas moldeadas a medida est\u00e1n disponibles.<\/div>\n<\/div>\n<\/div>\n<\/div>\n<\/div>\n<\/div>\n<p>&nbsp;<\/p>\n<div class=\"J_module\">\n<div id=\"ali-anchor-AliMagic-9dmlpd\" class=\"magic-5\" data-section=\"AliMagic-9dmlpd\" data-section-title=\"Product Feature\">Caracter\u00edsticas del producto<\/div>\n<\/div>\n<div class=\"J_module\">\n<div class=\"detail-decorate-json-renderer-container\">\n<div class=\"magic-0\">\n<div class=\"magic-2\">\n<div class=\"magic-3\">\n<div class=\"magic-4\">1. Alta porosidad para asegurar un mayor flujo por unidad de \u00e1rea; 2. Superficie exterior lisa, las impurezas no son f\u00e1ciles de adherir, el lavado posterior es f\u00e1cil y completo; 3. Capacidad antiincrustante: el peque\u00f1o tama\u00f1o del filtro hace que las impurezas no puedan quedar retenidas en el cuerpo del filtro; 4. Resistencia al \u00e1cido fuerte, corrosi\u00f3n alcalina, resistencia a disolventes org\u00e1nicos; 5. Excelentes propiedades mec\u00e1nicas; 6. No desprende part\u00edculas. 7. Amplia gama de productos y amplio \u00e1mbito de aplicaci\u00f3n<\/div>\n<\/div>\n<\/div>\n<\/div>\n<\/div>\n<\/div>","protected":false},"excerpt":{"rendered":"<table>\n<thead>\n<tr>\n<th>Art\u00edculo<\/th>\n<th>Valor<\/th>\n<th>Art\u00edculo<\/th>\n<th>Valor<\/th>\n<\/tr>\n<\/thead>\n<tbody>\n<tr>\n<td>Puerto de inicio<\/td>\n<td>Guangzhou<\/td>\n<td>Pago<\/td>\n<td>T\/T; Alibaba Trade Assurance; PayPal (<a title=\"Trade Assurance protege sus pedidos de Alibaba.com\" href=\"https:\/\/tradeassurance.alibaba.com\/?utm_source=chatgpt.com\">tradeassurance.alibaba.com<\/a>)<\/td>\n<\/tr>\n<tr>\n<td>Plazo de entrega<\/td>\n<td>En un plazo de 7 d\u00edas laborables<\/td>\n<td>Marca<\/td>\n<td>OEM\/Lvyuan<\/td>\n<\/tr>\n<\/tbody>\n<\/table>\n<table>\n<thead>\n<tr>\n<th>Art\u00edculo<\/th>\n<th>Valor<\/th>\n<th>Art\u00edculo<\/th>\n<th>Valor<\/th>\n<\/tr>\n<\/thead>\n<tbody>\n<tr>\n<td>Medio filtrante<\/td>\n<td>PE; HDPE; PTFE; PVDF; PA\/Nylon, etc.<\/td>\n<td>Tasa de micra<\/td>\n<td>0,2um; 0,5um; 1um; 3um; 5um; 10um; 25um; 30um; 50um; 75um; 100um; etc.<\/td>\n<\/tr>\n<tr>\n<td>Dimensi\u00f3n de referencia (mm)<\/td>\n<td>31x12x1000; 31x20x1000; 38x20x1000; 38x18x1000; 38x20x1200; 38x20x1300; 38x20x150; 38x20x400; 38x20x250; 38x20x200; 38x20x180; 38x20x150; 50x20x1000; 50x31x1000; 50x38x1000; 65x31x1000; 65x38x1000; 64x44x1000; 78x62x750mm; etc.<\/td>\n<td>Tipo de conector<\/td>\n<td>DOE; SOE; Plano; inserto; rosca; 226; 222; 215; M36; M30; M27; M25; M22; M14; M12; o seg\u00fan se solicite.<\/td>\n<\/tr>\n<tr>\n<td>Temperatura m\u00e1xima de funcionamiento<\/td>\n<td>PE \u226482\u2103; PTFE \u2265200\u2103; PA \u2264120\u2103<\/td>\n<td><\/td>\n<td><\/td>\n<\/tr>\n<\/tbody>\n<\/table>","protected":false},"featured_media":4054,"comment_status":"open","ping_status":"closed","template":"","meta":{"_gspb_post_css":""},"product_brand":[],"product_cat":[24],"product_tag":[1071,1402,1399,1401,1403,1400],"class_list":{"0":"post-4053","1":"product","2":"type-product","3":"status-publish","4":"has-post-thumbnail","6":"product_cat-sintered-porous-plastic","7":"product_tag-corrosion-resistant-filter","8":"product_tag-industrial-metal-filter","9":"product_tag-lvyuan-sintered-stainless-steel-filter","10":"product_tag-oem-stainless-steel-filter","11":"product_tag-reusable-filtration-filter","12":"product_tag-sintered-stainless-steel-filter","14":"first","15":"instock","16":"shipping-taxable","17":"product-type-simple"},"_links":{"self":[{"href":"https:\/\/lyfilter.com\/es\/wp-json\/wp\/v2\/product\/4053","targetHints":{"allow":["GET"]}}],"collection":[{"href":"https:\/\/lyfilter.com\/es\/wp-json\/wp\/v2\/product"}],"about":[{"href":"https:\/\/lyfilter.com\/es\/wp-json\/wp\/v2\/types\/product"}],"replies":[{"embeddable":true,"href":"https:\/\/lyfilter.com\/es\/wp-json\/wp\/v2\/comments?post=4053"}],"wp:featuredmedia":[{"embeddable":true,"href":"https:\/\/lyfilter.com\/es\/wp-json\/wp\/v2\/media\/4054"}],"wp:attachment":[{"href":"https:\/\/lyfilter.com\/es\/wp-json\/wp\/v2\/media?parent=4053"}],"wp:term":[{"taxonomy":"product_brand","embeddable":true,"href":"https:\/\/lyfilter.com\/es\/wp-json\/wp\/v2\/product_brand?post=4053"},{"taxonomy":"product_cat","embeddable":true,"href":"https:\/\/lyfilter.com\/es\/wp-json\/wp\/v2\/product_cat?post=4053"},{"taxonomy":"product_tag","embeddable":true,"href":"https:\/\/lyfilter.com\/es\/wp-json\/wp\/v2\/product_tag?post=4053"}],"curies":[{"name":"wp","href":"https:\/\/api.w.org\/{rel}","templated":true}]}}