{"id":4046,"date":"2026-04-03T08:04:43","date_gmt":"2026-04-03T08:04:43","guid":{"rendered":"https:\/\/lyfilter.com\/"},"modified":"2026-04-03T08:04:43","modified_gmt":"2026-04-03T08:04:43","slug":"factory-price-solid-perfume-tablet-car-perfume-tablet-parfum-tablets","status":"publish","type":"product","link":"https:\/\/lyfilter.com\/es\/factory-price-solid-perfume-tablet-car-perfume-tablet-parfum-tablets\/","title":{"rendered":"Precio de F\u00e1brica Perfume S\u00f3lido Pastillas Pastillas Perfume Coche Pastillas Parfum"},"content":{"rendered":"<p>Estas pastillas de perfume s\u00f3lido, pensadas para los conductores que desean una sencilla mejora arom\u00e1tica, liberan una agradable fragancia sin ensuciar. Caben f\u00e1cilmente en el coche y ayudan a mantener el habit\u00e1culo fresco, acogedor y c\u00f3modo en los viajes diarios.<\/p>","protected":false},"excerpt":{"rendered":"<table>\n<thead>\n<tr>\n<th>Art\u00edculo<\/th>\n<th>Valor<\/th>\n<th>Art\u00edculo<\/th>\n<th>Valor<\/th>\n<\/tr>\n<\/thead>\n<tbody>\n<tr>\n<td>Talla<\/td>\n<td>Tama\u00f1o personalizado<\/td>\n<td>Tipo<\/td>\n<td>Aerosol<\/td>\n<\/tr>\n<tr>\n<td>Lugar de origen<\/td>\n<td>Guangdong, China<\/td>\n<td>Marca<\/td>\n<td>OEM<\/td>\n<\/tr>\n<tr>\n<td>N\u00famero de modelo<\/td>\n<td>LV01<\/td>\n<td>Nombre<\/td>\n<td>ambientador de coche<\/td>\n<\/tr>\n<tr>\n<td>Material<\/td>\n<td>Pl\u00e1stico PE<\/td>\n<td>Utilizaci\u00f3n<\/td>\n<td>Ambientador<\/td>\n<\/tr>\n<tr>\n<td>Color<\/td>\n<td>Blanco<\/td>\n<td>Embalaje<\/td>\n<td>1pc\/opp Bolsa<\/td>\n<\/tr>\n<tr>\n<td>Caracter\u00edstica<\/td>\n<td>Ambientador de coche ecol\u00f3gico<\/td>\n<td>Aroma<\/td>\n<td>lavanda; oc\u00e9ano; lim\u00f3n; colonia; mang\u00e9tico<\/td>\n<\/tr>\n<tr>\n<td>MOQ<\/td>\n<td>1 juego<\/td>\n<td>CONDICIONES DE PAGO<\/td>\n<td>Garant\u00eda comercial; PayPal; T\/T<\/td>\n<\/tr>\n<tr>\n<td>Plazos de entrega<\/td>\n<td>3-10 d\u00edas<\/td>\n<td>Unidades de venta<\/td>\n<td>Art\u00edculo \u00fanico<\/td>\n<\/tr>\n<tr>\n<td>Tama\u00f1o de envase individual<\/td>\n<td>35X15X15 cm<\/td>\n<td>Peso bruto \u00fanico<\/td>\n<td>2.000 kg<\/td>\n<\/tr>\n<tr>\n<td>Tipo de envase<\/td>\n<td>End ca\/p 334 single oring 131mm diameter 10 inch Jumbo high flow activated carbon block water filter cartridge for cto filter poly bag and carton box Dear friend, we can make different size of activated carbon filter, please send inquiry to for the best price. Gracias.<\/td>\n<td>Plazo de entrega (embalaje y entrega)<\/td>\n<td>1 - 10000: 15 d\u00edas; &gt;10000: A negociar<\/td>\n<\/tr>\n<tr>\n<td>T\u00edtulo del producto<\/td>\n<td>Precio de f\u00e1brica pastilla de perfume s\u00f3lido pastilla de perfume de coche pastillas de perfume<\/td>\n<td><\/td>\n<td><\/td>\n<\/tr>\n<\/tbody>\n<\/table>","protected":false},"featured_media":4052,"comment_status":"open","ping_status":"closed","template":"","meta":{"_gspb_post_css":""},"product_brand":[],"product_cat":[15],"product_tag":[1396,1394,1397,1398,1395,1393],"class_list":{"0":"post-4046","1":"product","2":"type-product","3":"status-publish","4":"has-post-thumbnail","6":"product_cat-stainless-steel-filter-housing","7":"product_tag-car-air-freshener-tablet","8":"product_tag-car-perfume-tablet","9":"product_tag-factory-price-perfume-tablet","10":"product_tag-long-lasting-car-fragrance","11":"product_tag-parfum-tablets","12":"product_tag-solid-perfume-tablet","14":"first","15":"instock","16":"shipping-taxable","17":"product-type-simple"},"_links":{"self":[{"href":"https:\/\/lyfilter.com\/es\/wp-json\/wp\/v2\/product\/4046","targetHints":{"allow":["GET"]}}],"collection":[{"href":"https:\/\/lyfilter.com\/es\/wp-json\/wp\/v2\/product"}],"about":[{"href":"https:\/\/lyfilter.com\/es\/wp-json\/wp\/v2\/types\/product"}],"replies":[{"embeddable":true,"href":"https:\/\/lyfilter.com\/es\/wp-json\/wp\/v2\/comments?post=4046"}],"wp:featuredmedia":[{"embeddable":true,"href":"https:\/\/lyfilter.com\/es\/wp-json\/wp\/v2\/media\/4052"}],"wp:attachment":[{"href":"https:\/\/lyfilter.com\/es\/wp-json\/wp\/v2\/media?parent=4046"}],"wp:term":[{"taxonomy":"product_brand","embeddable":true,"href":"https:\/\/lyfilter.com\/es\/wp-json\/wp\/v2\/product_brand?post=4046"},{"taxonomy":"product_cat","embeddable":true,"href":"https:\/\/lyfilter.com\/es\/wp-json\/wp\/v2\/product_cat?post=4046"},{"taxonomy":"product_tag","embeddable":true,"href":"https:\/\/lyfilter.com\/es\/wp-json\/wp\/v2\/product_tag?post=4046"}],"curies":[{"name":"wp","href":"https:\/\/api.w.org\/{rel}","templated":true}]}}