{"id":4038,"date":"2026-04-03T08:01:10","date_gmt":"2026-04-03T08:01:10","guid":{"rendered":"https:\/\/lyfilter.com\/"},"modified":"2026-04-03T08:01:10","modified_gmt":"2026-04-03T08:01:10","slug":"lvyuan-filter-sintered-mesh-filter-series","status":"publish","type":"product","link":"https:\/\/lyfilter.com\/es\/lvyuan-filter-sintered-mesh-filter-series\/","title":{"rendered":"Lvyuan Filter Filtro de malla sinterizada Serie"},"content":{"rendered":"<p>La serie de filtros de malla sinterizada Lvyuan filter est\u00e1 dise\u00f1ada para una filtraci\u00f3n estable y repetible en sistemas exigentes. Su estructura de malla duradera permite un flujo limpio, una captura de part\u00edculas fiable y una vida \u00fatil m\u00e1s larga en el uso industrial.<\/p>","protected":false},"excerpt":{"rendered":"<table>\n<thead>\n<tr>\n<th>Art\u00edculo<\/th>\n<th>Valor<\/th>\n<th>Art\u00edculo<\/th>\n<th>Valor<\/th>\n<\/tr>\n<\/thead>\n<tbody>\n<tr>\n<td>Informaci\u00f3n sobre el producto<\/td>\n<td>La calidad general del filtro de malla sinterizada se ha mejorado considerablemente gracias a la optimizaci\u00f3n de los siguientes detalles.<\/td>\n<td>Industrias aplicables<\/td>\n<td>Hoteles; tiendas de ropa; tiendas de materiales de construcci\u00f3n; planta de fabricaci\u00f3n; talleres de reparaci\u00f3n de maquinaria; f\u00e1brica de alimentos y bebidas; granjas; restaurante; uso dom\u00e9stico; comercio minorista; tienda de alimentaci\u00f3n; imprentas; obras de construcci\u00f3n; energ\u00eda y miner\u00eda; tiendas de alimentos y bebidas; empresa de publicidad.<\/td>\n<\/tr>\n<tr>\n<td>Servicio post garant\u00eda<\/td>\n<td>Asistencia en l\u00ednea<\/td>\n<td>Ubicaci\u00f3n del servicio local<\/td>\n<td>ninguno<\/td>\n<\/tr>\n<tr>\n<td>Ubicaci\u00f3n de la sala de exposiciones<\/td>\n<td>ninguno<\/td>\n<td>V\u00eddeo de la inspecci\u00f3n de salida<\/td>\n<td>Proporcionado<\/td>\n<\/tr>\n<tr>\n<td>Informe de ensayo de maquinaria<\/td>\n<td>Proporcionado<\/td>\n<td>Tipo de comercializaci\u00f3n<\/td>\n<td>Producto ordinario<\/td>\n<\/tr>\n<tr>\n<td>Garant\u00eda de los componentes principales<\/td>\n<td>1 a\u00f1o<\/td>\n<td>Componentes b\u00e1sicos<\/td>\n<td>Recipiente a presi\u00f3n<\/td>\n<\/tr>\n<tr>\n<td>Lugar de origen<\/td>\n<td>Guangdong, China<\/td>\n<td>Marca<\/td>\n<td>Lvyuan\/OEM<\/td>\n<\/tr>\n<tr>\n<td>Garant\u00eda<\/td>\n<td>1 a\u00f1o<\/td>\n<td>Servicio posventa<\/td>\n<td>Asistencia en l\u00ednea<\/td>\n<\/tr>\n<tr>\n<td>Palabras clave<\/td>\n<td>sus304 cartucho filtrante plisado<\/td>\n<td>Di\u00e1metro<\/td>\n<td>Demanda del cliente<\/td>\n<\/tr>\n<tr>\n<td>Material<\/td>\n<td>acero inoxidable<\/td>\n<td>Forma<\/td>\n<td>cilindro<\/td>\n<\/tr>\n<tr>\n<td>Utilizaci\u00f3n<\/td>\n<td>tratamiento del agua<\/td>\n<td>Aplicaci\u00f3n<\/td>\n<td>industria<\/td>\n<\/tr>\n<tr>\n<td>Color<\/td>\n<td>astilla<\/td>\n<td>Embalaje<\/td>\n<td>caja de papel<\/td>\n<\/tr>\n<tr>\n<td>longitud<\/td>\n<td>10\/20\/30\/40 pulgadas<\/td>\n<td>Ventaja<\/td>\n<td>reutilizar<\/td>\n<\/tr>\n<tr>\n<td>Capacidad de suministro<\/td>\n<td>10000 Piezas\/Pieza por Mes<\/td>\n<td><\/td>\n<td><\/td>\n<\/tr>\n<\/tbody>\n<\/table>","protected":false},"featured_media":4042,"comment_status":"open","ping_status":"closed","template":"","meta":{"_gspb_post_css":""},"product_brand":[],"product_cat":[18],"product_tag":[1390,1392,1388,1391,1389,1159],"class_list":{"0":"post-4038","1":"product","2":"type-product","3":"status-publish","4":"has-post-thumbnail","6":"product_cat-sintered-metal-filters","7":"product_tag-industrial-mesh-filter","8":"product_tag-liquid-and-gas-filtration","9":"product_tag-lvyuan-sintered-mesh-filter","10":"product_tag-reusable-filtration-cartridge","11":"product_tag-sintered-mesh-filter-series","12":"product_tag-stainless-steel-sintered-filter","14":"first","15":"instock","16":"shipping-taxable","17":"product-type-simple"},"_links":{"self":[{"href":"https:\/\/lyfilter.com\/es\/wp-json\/wp\/v2\/product\/4038","targetHints":{"allow":["GET"]}}],"collection":[{"href":"https:\/\/lyfilter.com\/es\/wp-json\/wp\/v2\/product"}],"about":[{"href":"https:\/\/lyfilter.com\/es\/wp-json\/wp\/v2\/types\/product"}],"replies":[{"embeddable":true,"href":"https:\/\/lyfilter.com\/es\/wp-json\/wp\/v2\/comments?post=4038"}],"wp:featuredmedia":[{"embeddable":true,"href":"https:\/\/lyfilter.com\/es\/wp-json\/wp\/v2\/media\/4042"}],"wp:attachment":[{"href":"https:\/\/lyfilter.com\/es\/wp-json\/wp\/v2\/media?parent=4038"}],"wp:term":[{"taxonomy":"product_brand","embeddable":true,"href":"https:\/\/lyfilter.com\/es\/wp-json\/wp\/v2\/product_brand?post=4038"},{"taxonomy":"product_cat","embeddable":true,"href":"https:\/\/lyfilter.com\/es\/wp-json\/wp\/v2\/product_cat?post=4038"},{"taxonomy":"product_tag","embeddable":true,"href":"https:\/\/lyfilter.com\/es\/wp-json\/wp\/v2\/product_tag?post=4038"}],"curies":[{"name":"wp","href":"https:\/\/api.w.org\/{rel}","templated":true}]}}