{"id":4028,"date":"2026-04-03T07:49:31","date_gmt":"2026-04-03T07:49:31","guid":{"rendered":"https:\/\/lyfilter.com\/"},"modified":"2026-04-03T07:49:31","modified_gmt":"2026-04-03T07:49:31","slug":"absolute-microns-pes-material-2-5-5-inch-0-1-micron-filter-cartridge-with-pes-pleated-membrane","status":"publish","type":"product","link":"https:\/\/lyfilter.com\/es\/absolute-microns-pes-material-2-5-5-inch-0-1-micron-filter-cartridge-with-pes-pleated-membrane\/","title":{"rendered":"Absolute Microns Pes Material 2.5\/5 Pulgadas 0.1 Micras Cartucho Filtrante Con Membrana Plisada Pes"},"content":{"rendered":"<p>Dise\u00f1ado para una filtraci\u00f3n precisa, este cartucho de membrana plisada PES ofrece un rendimiento absoluto de 0,1 micras en formatos de 2,5 y 5 pulgadas. Ayuda a mantener un flujo limpio, una retenci\u00f3n fiable y unos resultados estables en aplicaciones l\u00edquidas.<\/p>","protected":false},"excerpt":{"rendered":"<table>\n<thead>\n<tr>\n<th>Art\u00edculo<\/th>\n<th>Valor<\/th>\n<th>Art\u00edculo<\/th>\n<th>Valor<\/th>\n<\/tr>\n<\/thead>\n<tbody>\n<tr>\n<td>Industrias aplicables<\/td>\n<td>Hoteles; tiendas de ropa; tiendas de materiales de construcci\u00f3n; planta de fabricaci\u00f3n; talleres de reparaci\u00f3n de maquinaria; f\u00e1brica de alimentos y bebidas; granjas; restaurante; uso dom\u00e9stico; comercio minorista; tienda de alimentaci\u00f3n; imprentas; obras de construcci\u00f3n; energ\u00eda y miner\u00eda; tiendas de alimentos y bebidas; empresa de publicidad.<\/td>\n<td>Lugar de origen<\/td>\n<td>Guangdong, China<\/td>\n<\/tr>\n<tr>\n<td>Marca<\/td>\n<td>Personalizado<\/td>\n<td>Material<\/td>\n<td>Personalizado<\/td>\n<\/tr>\n<tr>\n<td>Peso<\/td>\n<td>Personalizado<\/td>\n<td>Talla<\/td>\n<td>Personalizado<\/td>\n<\/tr>\n<tr>\n<td>Potencia<\/td>\n<td>0<\/td>\n<td>Garant\u00eda<\/td>\n<td>No disponible<\/td>\n<\/tr>\n<tr>\n<td>Nombre<\/td>\n<td>Cartucho filtrante de 0,1 micras de material PES de 2,5\/5 pulgadas<\/td>\n<td>Material de la membrana filtrante<\/td>\n<td>PP\/PVDF\/PTFE\/PES\/Nil\u00f3n<\/td>\n<\/tr>\n<tr>\n<td>Longitud<\/td>\n<td>5 \/ 10 \/ 20 \/ 30 \/ 40 \/ 50 \/ 60 pulgadas<\/td>\n<td>Conector<\/td>\n<td>Fin\/222\/226\/215\/DOE\/Thread<\/td>\n<\/tr>\n<tr>\n<td>Micron<\/td>\n<td>0.22\/0.5\/1\/3\/5\/10\/25\/50\/75\/100\/150<\/td>\n<td>Material de la junta t\u00f3rica<\/td>\n<td>EPDM\/Vit\u00f3n\/Silicona\/Te-fl\u00f3n<\/td>\n<\/tr>\n<tr>\n<td>M\u00e9todo de sellado<\/td>\n<td>Soldadura por fusi\u00f3n en caliente<\/td>\n<td>Di\u00e1metro<\/td>\n<td>70 mm\/OEM<\/td>\n<\/tr>\n<tr>\n<td>N\u00facleo interior<\/td>\n<td>PP\/SS\/OEM<\/td>\n<td>MOQ<\/td>\n<td>Actualmente no hay<\/td>\n<\/tr>\n<tr>\n<td>Servicio posventa<\/td>\n<td>Asistencia en l\u00ednea<\/td>\n<td>Unidades de venta<\/td>\n<td>Art\u00edculo \u00fanico<\/td>\n<\/tr>\n<tr>\n<td>Tama\u00f1o de envase individual<\/td>\n<td>68X40X40 cm<\/td>\n<td>Peso bruto \u00fanico<\/td>\n<td>23.000 kg<\/td>\n<\/tr>\n<tr>\n<td>Tipo de envase<\/td>\n<td>Absoluted micras PES material 2,5\/5 pulgadas 0,1 micras cartucho de filtro con membrana plisada PES: 10\u2033 50PCS\/CTN, 20\u2033 25PCS\/CTN, 30\u2033 25PCS\/CTN, 40\u2033 25PCS\/CTN.<\/td>\n<td>Plazos de entrega<\/td>\n<td>1 - 100: 2 d\u00edas; 101 - 500: 5 d\u00edas; 501 - 1000: 7 d\u00edas; &gt;1000: A negociar<\/td>\n<\/tr>\n<\/tbody>\n<\/table>","protected":false},"featured_media":4030,"comment_status":"open","ping_status":"closed","template":"","meta":{"_gspb_post_css":""},"product_brand":[],"product_cat":[21],"product_tag":[1380,1383,1384,1382,1379,1381],"class_list":{"0":"post-4028","1":"product","2":"type-product","3":"status-publish","4":"has-post-thumbnail","6":"product_cat-pleated-filter-cartridge","7":"product_tag-0-1-micron-filter-cartridge","8":"product_tag-2-5-inch-filter-cartridge","9":"product_tag-5-inch-filter-cartridge","10":"product_tag-absolute-micron-filter","11":"product_tag-pes-filter-cartridge","12":"product_tag-pes-pleated-membrane","14":"first","15":"instock","16":"shipping-taxable","17":"product-type-simple"},"_links":{"self":[{"href":"https:\/\/lyfilter.com\/es\/wp-json\/wp\/v2\/product\/4028","targetHints":{"allow":["GET"]}}],"collection":[{"href":"https:\/\/lyfilter.com\/es\/wp-json\/wp\/v2\/product"}],"about":[{"href":"https:\/\/lyfilter.com\/es\/wp-json\/wp\/v2\/types\/product"}],"replies":[{"embeddable":true,"href":"https:\/\/lyfilter.com\/es\/wp-json\/wp\/v2\/comments?post=4028"}],"wp:featuredmedia":[{"embeddable":true,"href":"https:\/\/lyfilter.com\/es\/wp-json\/wp\/v2\/media\/4030"}],"wp:attachment":[{"href":"https:\/\/lyfilter.com\/es\/wp-json\/wp\/v2\/media?parent=4028"}],"wp:term":[{"taxonomy":"product_brand","embeddable":true,"href":"https:\/\/lyfilter.com\/es\/wp-json\/wp\/v2\/product_brand?post=4028"},{"taxonomy":"product_cat","embeddable":true,"href":"https:\/\/lyfilter.com\/es\/wp-json\/wp\/v2\/product_cat?post=4028"},{"taxonomy":"product_tag","embeddable":true,"href":"https:\/\/lyfilter.com\/es\/wp-json\/wp\/v2\/product_tag?post=4028"}],"curies":[{"name":"wp","href":"https:\/\/api.w.org\/{rel}","templated":true}]}}