{"id":4022,"date":"2026-04-03T07:45:41","date_gmt":"2026-04-03T07:45:41","guid":{"rendered":"https:\/\/lyfilter.com\/"},"modified":"2026-04-03T07:45:41","modified_gmt":"2026-04-03T07:45:41","slug":"factory-supply-large-capacity-ss304-ss316-stainless-steel-liquid-cartridge-filter-housing-filter-water","status":"publish","type":"product","link":"https:\/\/lyfilter.com\/es\/factory-supply-large-capacity-ss304-ss316-stainless-steel-liquid-cartridge-filter-housing-filter-water\/","title":{"rendered":"Suministro de f\u00e1brica de gran capacidad SS304 SS316 de acero inoxidable de cartuchos de filtro de l\u00edquido de la carcasa del filtro de agua"},"content":{"rendered":"<p>Construido para una filtraci\u00f3n de agua fiable, este cartucho filtrante de acero inoxidable de gran capacidad est\u00e1 fabricado en SS304 y SS316 para garantizar un caudal limpio, una larga vida \u00fatil y un rendimiento estable en entornos industriales exigentes.<\/p>","protected":false},"excerpt":{"rendered":"<table>\n<thead>\n<tr>\n<th>Art\u00edculo<\/th>\n<th>Valor<\/th>\n<th>Art\u00edculo<\/th>\n<th>Valor<\/th>\n<\/tr>\n<\/thead>\n<tbody>\n<tr>\n<td>Industrias aplicables<\/td>\n<td>Planta de fabricaci\u00f3n; f\u00e1brica de alimentos y bebidas; tratamiento de aguas<\/td>\n<td>Lugar de origen<\/td>\n<td>Guangdong, China<\/td>\n<\/tr>\n<tr>\n<td>Marca<\/td>\n<td>Lvyuan, OEM, ODM<\/td>\n<td>Material<\/td>\n<td>acero inoxidable 304\/316<\/td>\n<\/tr>\n<tr>\n<td>Peso<\/td>\n<td>personalizado<\/td>\n<td>Talla<\/td>\n<td>a medida; 10\u201d; 20\u201d; 30\u201d; 40\u201d<\/td>\n<\/tr>\n<tr>\n<td>Potencia<\/td>\n<td>0<\/td>\n<td>Garant\u00eda<\/td>\n<td>No disponible<\/td>\n<\/tr>\n<tr>\n<td>Caracter\u00edstica<\/td>\n<td>f\u00e1cil instalaci\u00f3n<\/td>\n<td>Certificaci\u00f3n<\/td>\n<td>SGS<\/td>\n<\/tr>\n<tr>\n<td>material<\/td>\n<td>SS304\/SS316<\/td>\n<td>Utilizaci\u00f3n<\/td>\n<td>filtraci\u00f3n de agua<\/td>\n<\/tr>\n<tr>\n<td>Aplicaci\u00f3n<\/td>\n<td>industria<\/td>\n<td>superficie<\/td>\n<td>pulido<\/td>\n<\/tr>\n<tr>\n<td>Modelo<\/td>\n<td>LY02<\/td>\n<td>Materia prima<\/td>\n<td>acero inoxidable<\/td>\n<\/tr>\n<tr>\n<td>Presi\u00f3n de trabajo<\/td>\n<td>150Psi<\/td>\n<td>Servicio posventa<\/td>\n<td>Asistencia en l\u00ednea<\/td>\n<\/tr>\n<\/tbody>\n<\/table>","protected":false},"featured_media":4023,"comment_status":"open","ping_status":"closed","template":"","meta":{"_gspb_post_css":""},"product_brand":[],"product_cat":[15],"product_tag":[1378,1264,1377,681,1376,34],"class_list":{"0":"post-4022","1":"product","2":"type-product","3":"status-publish","4":"has-post-thumbnail","6":"product_cat-stainless-steel-filter-housing","7":"product_tag-factory-supply-water-filter","8":"product_tag-industrial-water-filter-housing","9":"product_tag-large-capacity-filter-housing","10":"product_tag-liquid-cartridge-filter","11":"product_tag-ss304-ss316-filter-housing","12":"product_tag-stainless-steel-filter-housing","14":"first","15":"instock","16":"shipping-taxable","17":"product-type-simple"},"_links":{"self":[{"href":"https:\/\/lyfilter.com\/es\/wp-json\/wp\/v2\/product\/4022","targetHints":{"allow":["GET"]}}],"collection":[{"href":"https:\/\/lyfilter.com\/es\/wp-json\/wp\/v2\/product"}],"about":[{"href":"https:\/\/lyfilter.com\/es\/wp-json\/wp\/v2\/types\/product"}],"replies":[{"embeddable":true,"href":"https:\/\/lyfilter.com\/es\/wp-json\/wp\/v2\/comments?post=4022"}],"wp:featuredmedia":[{"embeddable":true,"href":"https:\/\/lyfilter.com\/es\/wp-json\/wp\/v2\/media\/4023"}],"wp:attachment":[{"href":"https:\/\/lyfilter.com\/es\/wp-json\/wp\/v2\/media?parent=4022"}],"wp:term":[{"taxonomy":"product_brand","embeddable":true,"href":"https:\/\/lyfilter.com\/es\/wp-json\/wp\/v2\/product_brand?post=4022"},{"taxonomy":"product_cat","embeddable":true,"href":"https:\/\/lyfilter.com\/es\/wp-json\/wp\/v2\/product_cat?post=4022"},{"taxonomy":"product_tag","embeddable":true,"href":"https:\/\/lyfilter.com\/es\/wp-json\/wp\/v2\/product_tag?post=4022"}],"curies":[{"name":"wp","href":"https:\/\/api.w.org\/{rel}","templated":true}]}}