{"id":4019,"date":"2026-04-03T07:41:22","date_gmt":"2026-04-03T07:41:22","guid":{"rendered":"https:\/\/lyfilter.com\/"},"modified":"2026-04-03T07:41:22","modified_gmt":"2026-04-03T07:41:22","slug":"5-10-micron-sus304-40-inch-single-cartridge-filter-housing","status":"publish","type":"product","link":"https:\/\/lyfilter.com\/es\/5-10-micron-sus304-40-inch-single-cartridge-filter-housing\/","title":{"rendered":"5 10 micras SUS304 40 pulgadas de un solo cartucho de filtro de la vivienda"},"content":{"rendered":"<div class=\"icbu-pc-images magic-1\">\n<div class=\"flex-layout-v\">\n<div class=\"flex-layout-h magic-1\">\n<div class=\"magic-2\"><strong>SS acero inoxidable 304 316L 10 20 30 40 pulgadas cartucho de filtro simple vivienda<\/strong><\/div>\n<div class=\"magic-2\"><\/div>\n<div class=\"magic-2\">SS acero inoxidable 304 316L 10 20 30 40 pulgadas carcasa de filtro simple con filtro de cartucho de cuerda 5 10 micras<\/div>\n<\/div>\n<\/div>\n<\/div>\n<div class=\"detail-decorate-json-renderer-container\">\n<div class=\"magic-4\">\n<div class=\"magic-8\">\n<div class=\"magic-9\">\n<div class=\"magic-10\">\n<p class=\"magic-11\">LVYUAN carcasa del filtro de cartucho de acero inoxidable ofrece una amplia gama de capacidades de flujo y capacidades de retenci\u00f3n de contaminantes.<\/p>\n<p class=\"magic-11\">Los filtros de cartucho se utilizan normalmente como filtro de pulido en casi todas las industrias de proceso. Filtro de cartucho se construye de carcasa del filtro,<\/p>\n<p class=\"magic-11\">cartuchos filtrantes,hoja tubular, disposici\u00f3n de sellado positivo para cartucho dependiendo del tipo de cartucho&amp; elecci\u00f3n de conexiones finales. La disposici\u00f3n de sellado positivo para el filtro de cartucho asegura que no haya migraci\u00f3n de part\u00edculas ni migraci\u00f3n de fibras, incluso despu\u00e9s de altas presiones diferenciales.<\/p>\n<\/div>\n<\/div>\n<\/div>\n<\/div>\n<\/div>\n<div class=\"detail-decorate-json-renderer-container\">\n<div class=\"magic-4\">\n<h3 class=\"magic-26\">Caracter\u00edsticas:<\/h3>\n<div class=\"magic-8\">\n<div class=\"magic-9\">\n<div class=\"magic-10\">\n<p class=\"magic-11\">1. Tama\u00f1o de entrada y salida es 1\/2\u2033, 3\/4\u2033. 1\u2033 para facilitar la instalaci\u00f3n.<\/p>\n<p class=\"magic-11\">2. Presi\u00f3n de trabajo 8kg\/0.8Mpa, 10kg\/1Mpa es compatible.<\/p>\n<p class=\"magic-11\">3. Utiliza la presi\u00f3n del agua del grifo para proporcionar energ\u00eda, sin consumo de energ\u00eda.<\/p>\n<p class=\"magic-11\">4. Montaje mural, sobre encimera, instalaci\u00f3n muy sencilla.<\/p>\n<p class=\"magic-11\">5. Es adecuado para su uso en el interruptor de agua mater, para el sistema de prefiltraci\u00f3n y la protecci\u00f3n del sistema de \u00f3smosis inversa.<\/p>\n<p class=\"magic-11\">6. Resistencia a \u00e1cidos y \u00e1lcalis fuertes.<\/p>\n<p class=\"magic-11\">7. Bajo coste, se adapta a diferentes tipos de\u00a0<a href=\"https:\/\/lyfilter.com\/es\/products.html\/\">elemento filtrante<\/a>s.<\/p>\n<\/div>\n<\/div>\n<\/div>\n<\/div>\n<\/div>","protected":false},"excerpt":{"rendered":"<table>\n<thead>\n<tr>\n<th>Art\u00edculo<\/th>\n<th>Valor<\/th>\n<th>Art\u00edculo<\/th>\n<th>Valor<\/th>\n<\/tr>\n<\/thead>\n<tbody>\n<tr>\n<td>Puerto de inicio<\/td>\n<td>Guangzhou<\/td>\n<td>Lugar de origen<\/td>\n<td>Guangdong, China<\/td>\n<\/tr>\n<tr>\n<td>Pago<\/td>\n<td>T\/T, Garant\u00eda Comercial Alibaba<\/td>\n<td>MOQ<\/td>\n<td>1 unidad<\/td>\n<\/tr>\n<tr>\n<td>Modelo<\/td>\n<td>LY-HFPL<\/td>\n<td>Plazo de entrega<\/td>\n<td>En un plazo de 7 d\u00edas laborables<\/td>\n<\/tr>\n<tr>\n<td>Certificaci\u00f3n<\/td>\n<td>ISO 9001<\/td>\n<td>Marca<\/td>\n<td>OEM\/Lvyuan<\/td>\n<\/tr>\n<\/tbody>\n<\/table>","protected":false},"featured_media":4021,"comment_status":"open","ping_status":"closed","template":"","meta":{"_gspb_post_css":""},"product_brand":[],"product_cat":[15],"product_tag":[1372,1374,42,1375,1373,1257],"class_list":{"0":"post-4019","1":"product","2":"type-product","3":"status-publish","4":"has-post-thumbnail","6":"product_cat-stainless-steel-filter-housing","7":"product_tag-50-micron-cartridge-filter","8":"product_tag-glue-liquid-filter","9":"product_tag-industrial-liquid-filtration","10":"product_tag-ss-pneumatic-diaphragm-pump","11":"product_tag-ss304-316l-filter-machine","12":"product_tag-stainless-steel-cartridge-filter","14":"first","15":"instock","16":"shipping-taxable","17":"product-type-simple"},"_links":{"self":[{"href":"https:\/\/lyfilter.com\/es\/wp-json\/wp\/v2\/product\/4019","targetHints":{"allow":["GET"]}}],"collection":[{"href":"https:\/\/lyfilter.com\/es\/wp-json\/wp\/v2\/product"}],"about":[{"href":"https:\/\/lyfilter.com\/es\/wp-json\/wp\/v2\/types\/product"}],"replies":[{"embeddable":true,"href":"https:\/\/lyfilter.com\/es\/wp-json\/wp\/v2\/comments?post=4019"}],"wp:featuredmedia":[{"embeddable":true,"href":"https:\/\/lyfilter.com\/es\/wp-json\/wp\/v2\/media\/4021"}],"wp:attachment":[{"href":"https:\/\/lyfilter.com\/es\/wp-json\/wp\/v2\/media?parent=4019"}],"wp:term":[{"taxonomy":"product_brand","embeddable":true,"href":"https:\/\/lyfilter.com\/es\/wp-json\/wp\/v2\/product_brand?post=4019"},{"taxonomy":"product_cat","embeddable":true,"href":"https:\/\/lyfilter.com\/es\/wp-json\/wp\/v2\/product_cat?post=4019"},{"taxonomy":"product_tag","embeddable":true,"href":"https:\/\/lyfilter.com\/es\/wp-json\/wp\/v2\/product_tag?post=4019"}],"curies":[{"name":"wp","href":"https:\/\/api.w.org\/{rel}","templated":true}]}}