{"id":4011,"date":"2026-04-03T07:34:57","date_gmt":"2026-04-03T07:34:57","guid":{"rendered":"https:\/\/lyfilter.com\/"},"modified":"2026-04-03T07:34:57","modified_gmt":"2026-04-03T07:34:57","slug":"lvyuan-wound-filter-cartridge-wholesaler-for-industry","status":"publish","type":"product","link":"https:\/\/lyfilter.com\/es\/lvyuan-wound-filter-cartridge-wholesaler-for-industry\/","title":{"rendered":"Lvyuan Wound Cartucho De Filtro Mayorista Para La Industria"},"content":{"rendered":"<p>Fabricado para la filtraci\u00f3n industrial, el cartucho filtrante bobinado Lvyuan captura los sedimentos y las part\u00edculas finas a la vez que mantiene un flujo estable. Es una opci\u00f3n pr\u00e1ctica al por mayor para las f\u00e1bricas que necesitan un rendimiento fiable d\u00eda tras d\u00eda.<\/p>","protected":false},"excerpt":{"rendered":"<table>\n<thead>\n<tr>\n<th>Art\u00edculo<\/th>\n<th>Valor<\/th>\n<th>Art\u00edculo<\/th>\n<th>Valor<\/th>\n<\/tr>\n<\/thead>\n<tbody>\n<tr>\n<td>Condici\u00f3n<\/td>\n<td>Nuevo<\/td>\n<td>Industrias aplicables<\/td>\n<td>Hoteles; tiendas de ropa; tiendas de materiales de construcci\u00f3n; planta de fabricaci\u00f3n; talleres de reparaci\u00f3n de maquinaria; f\u00e1brica de alimentos y bebidas; granjas; restaurante; uso dom\u00e9stico; comercio minorista; tienda de alimentaci\u00f3n; imprentas; obras de construcci\u00f3n; energ\u00eda y miner\u00eda; tiendas de alimentos y bebidas; empresa de publicidad.<\/td>\n<\/tr>\n<tr>\n<td>Lugar de origen<\/td>\n<td>Guangdong, China<\/td>\n<td>Marca<\/td>\n<td>Personalizado<\/td>\n<\/tr>\n<tr>\n<td>Material<\/td>\n<td>A medida; fibra de polipropileno; algod\u00f3n absorbente; fibra de vidrio<\/td>\n<td>Peso<\/td>\n<td>Personalizado<\/td>\n<\/tr>\n<tr>\n<td>Talla<\/td>\n<td>Personalizado<\/td>\n<td>Potencia<\/td>\n<td>0<\/td>\n<\/tr>\n<tr>\n<td>Garant\u00eda<\/td>\n<td>No disponible<\/td>\n<td>Art\u00edculo<\/td>\n<td>cartucho filtrante pp de 10 micras para equipos electr\u00f3nicos<\/td>\n<\/tr>\n<tr>\n<td>N\u00facleo<\/td>\n<td>PP\/SS<\/td>\n<td>Micron<\/td>\n<td>1\/5\/10\/20\/30\/50\/75\/100<\/td>\n<\/tr>\n<tr>\n<td>Di\u00e1metro interior<\/td>\n<td>28mm \/ 30mm \/ OEM<\/td>\n<td>Longitud<\/td>\n<td>5\u2033 \/ 10\u2033 \/ 20\u2033 \/ 30\u2033 \/ 40\u2033 \/ 50\u2033 \/ 60\u2033<\/td>\n<\/tr>\n<tr>\n<td>Filtro bobinado de PP+n\u00facleo de PP<\/td>\n<td>60\u2103<\/td>\n<td>Filtro bobinado PP+SS<\/td>\n<td>100\u2103<\/td>\n<\/tr>\n<tr>\n<td>Filtro de algod\u00f3n+SS<\/td>\n<td>120\u2103<\/td>\n<td>Fibra de vidrio+SS<\/td>\n<td>180 - 300\u2103<\/td>\n<\/tr>\n<tr>\n<td>Servicio posventa<\/td>\n<td>Asistencia en l\u00ednea<\/td>\n<td>Unidades de venta<\/td>\n<td>Art\u00edculo \u00fanico<\/td>\n<\/tr>\n<tr>\n<td>Tama\u00f1o de envase individual<\/td>\n<td>104X5X5 cm<\/td>\n<td>Peso bruto \u00fanico<\/td>\n<td>0,200 kg<\/td>\n<\/tr>\n<tr>\n<td>Tipo de envase<\/td>\n<td>China filtro de hilo de polipropileno puro 10 micras pp hilo enrollado cartucho de filtro para la f\u00e1brica de equipos electr\u00f3nicos: 51x31x33cm- 10\u2033 25pcs\/20\u2033 25pcs<\/td>\n<td>Plazos de entrega<\/td>\n<td>1 - 500: 2 d\u00edas; 501 - 1000: 5 d\u00edas; 1001 - 5000: 7 d\u00edas; &gt;5000: A negociar<\/td>\n<\/tr>\n<\/tbody>\n<\/table>","protected":false},"featured_media":4012,"comment_status":"open","ping_status":"closed","template":"","meta":{"_gspb_post_css":""},"product_brand":[],"product_cat":[1095],"product_tag":[1371,743,1370,1369,325,1098],"class_list":{"0":"post-4011","1":"product","2":"type-product","3":"status-publish","4":"has-post-thumbnail","6":"product_cat-string-wound-filter-cartridge","7":"product_tag-filter-cartridge-wholesaler","8":"product_tag-industrial-water-filter-cartridge","9":"product_tag-industrial-wound-filter","10":"product_tag-lvyuan-wound-filter-cartridge","11":"product_tag-sediment-filter-cartridge","12":"product_tag-string-wound-filter-cartridge","14":"first","15":"instock","16":"shipping-taxable","17":"product-type-simple"},"_links":{"self":[{"href":"https:\/\/lyfilter.com\/es\/wp-json\/wp\/v2\/product\/4011","targetHints":{"allow":["GET"]}}],"collection":[{"href":"https:\/\/lyfilter.com\/es\/wp-json\/wp\/v2\/product"}],"about":[{"href":"https:\/\/lyfilter.com\/es\/wp-json\/wp\/v2\/types\/product"}],"replies":[{"embeddable":true,"href":"https:\/\/lyfilter.com\/es\/wp-json\/wp\/v2\/comments?post=4011"}],"wp:featuredmedia":[{"embeddable":true,"href":"https:\/\/lyfilter.com\/es\/wp-json\/wp\/v2\/media\/4012"}],"wp:attachment":[{"href":"https:\/\/lyfilter.com\/es\/wp-json\/wp\/v2\/media?parent=4011"}],"wp:term":[{"taxonomy":"product_brand","embeddable":true,"href":"https:\/\/lyfilter.com\/es\/wp-json\/wp\/v2\/product_brand?post=4011"},{"taxonomy":"product_cat","embeddable":true,"href":"https:\/\/lyfilter.com\/es\/wp-json\/wp\/v2\/product_cat?post=4011"},{"taxonomy":"product_tag","embeddable":true,"href":"https:\/\/lyfilter.com\/es\/wp-json\/wp\/v2\/product_tag?post=4011"}],"curies":[{"name":"wp","href":"https:\/\/api.w.org\/{rel}","templated":true}]}}