{"id":4000,"date":"2026-04-03T07:25:15","date_gmt":"2026-04-03T07:25:15","guid":{"rendered":"https:\/\/lyfilter.com\/"},"modified":"2026-04-03T07:25:15","modified_gmt":"2026-04-03T07:25:15","slug":"standard-carbon-filter-manufacturers-for-purify","status":"publish","type":"product","link":"https:\/\/lyfilter.com\/es\/standard-carbon-filter-manufacturers-for-purify\/","title":{"rendered":"Filtro de carb\u00f3n est\u00e1ndar Fabricantes Para Purificar"},"content":{"rendered":"<p>Dise\u00f1ado para las necesidades pr\u00e1cticas de purificaci\u00f3n, este filtro de carb\u00f3n est\u00e1ndar ayuda a reducir las impurezas no deseadas a la vez que mantiene el caudal constante. Su estructura fiable permite una salida m\u00e1s limpia, una sustituci\u00f3n sencilla y un rendimiento diario fiable.<\/p>","protected":false},"excerpt":{"rendered":"<table>\n<thead>\n<tr>\n<th>Campo<\/th>\n<th>Valor<\/th>\n<\/tr>\n<\/thead>\n<tbody>\n<tr>\n<td>Tipo<\/td>\n<td>Piezas de filtros de agua<\/td>\n<\/tr>\n<tr>\n<td>Servicio posventa<\/td>\n<td>Centros de llamadas en el extranjero<\/td>\n<\/tr>\n<tr>\n<td>Garant\u00eda<\/td>\n<td>ninguno<\/td>\n<\/tr>\n<tr>\n<td>Aplicaci\u00f3n<\/td>\n<td>Coche, RV, Exterior, Hotel, Garaje, Comercial, Hogar<\/td>\n<\/tr>\n<tr>\n<td>Fuente de energ\u00eda<\/td>\n<td>Manual<\/td>\n<\/tr>\n<tr>\n<td>Lugar de origen<\/td>\n<td>Guangdong, China<\/td>\n<\/tr>\n<tr>\n<td>Marca<\/td>\n<td>Lvyuan \/ OEM<\/td>\n<\/tr>\n<tr>\n<td>N\u00famero de modelo<\/td>\n<td>LY-AC-DF<\/td>\n<\/tr>\n<tr>\n<td>Nombre del producto<\/td>\n<td>filtro de botella de disco de carb\u00f3n<\/td>\n<\/tr>\n<tr>\n<td>Talla<\/td>\n<td>Personalizado<\/td>\n<\/tr>\n<tr>\n<td>Tasa de micras<\/td>\n<td>1, 3, 5, 10, 20, 50, 100um<\/td>\n<\/tr>\n<tr>\n<td>Material<\/td>\n<td>carb\u00f3n activo, c\u00e1scara de coco<\/td>\n<\/tr>\n<tr>\n<td>Longitud<\/td>\n<td>OEM, 5\u2033, 10\u2033, 20\u2033, 30\u2033, 40\u2033<\/td>\n<\/tr>\n<tr>\n<td>Di\u00e1metro exterior<\/td>\n<td>OEM, 50, 60, 70, 80 mm<\/td>\n<\/tr>\n<tr>\n<td>Tapa<\/td>\n<td>Interfaz de rosca DOE, SOE, 222, 226, 215, M36, M24, M22, M20<\/td>\n<\/tr>\n<tr>\n<td>Certificaci\u00f3n<\/td>\n<td>SGS\/ISO9001<\/td>\n<\/tr>\n<tr>\n<td>Utilizaci\u00f3n<\/td>\n<td>Purificaci\u00f3n del aire o del agua<\/td>\n<\/tr>\n<tr>\n<td>Presi\u00f3n de trabajo<\/td>\n<td>0,1 a 30Mpa<\/td>\n<\/tr>\n<tr>\n<td>Capacidad de suministro<\/td>\n<td>5000 Piezas\/Piezas por D\u00eda placa de filtro de carb\u00f3n<\/td>\n<\/tr>\n<tr>\n<td>Descripci\u00f3n<\/td>\n<td>China Fabricaci\u00f3n de alta calidad del disco de carb\u00f3n activo filtro de agua botella para filtrar el agua purificadora<\/td>\n<\/tr>\n<\/tbody>\n<\/table>","protected":false},"featured_media":4002,"comment_status":"open","ping_status":"closed","template":"","meta":{"_gspb_post_css":""},"product_brand":[],"product_cat":[1339],"product_tag":[1360,1363,1362,1359,1136,1361],"class_list":{"0":"post-4000","1":"product","2":"type-product","3":"status-publish","4":"has-post-thumbnail","6":"product_cat-carbon-filter","7":"product_tag-carbon-filter-for-purification","8":"product_tag-filtration-carbon-element","9":"product_tag-replacement-carbon-filter","10":"product_tag-standard-carbon-filter","11":"product_tag-water-filter-locks","12":"product_tag-water-treatment-carbon-filter","14":"first","15":"instock","16":"shipping-taxable","17":"product-type-simple"},"_links":{"self":[{"href":"https:\/\/lyfilter.com\/es\/wp-json\/wp\/v2\/product\/4000","targetHints":{"allow":["GET"]}}],"collection":[{"href":"https:\/\/lyfilter.com\/es\/wp-json\/wp\/v2\/product"}],"about":[{"href":"https:\/\/lyfilter.com\/es\/wp-json\/wp\/v2\/types\/product"}],"replies":[{"embeddable":true,"href":"https:\/\/lyfilter.com\/es\/wp-json\/wp\/v2\/comments?post=4000"}],"wp:featuredmedia":[{"embeddable":true,"href":"https:\/\/lyfilter.com\/es\/wp-json\/wp\/v2\/media\/4002"}],"wp:attachment":[{"href":"https:\/\/lyfilter.com\/es\/wp-json\/wp\/v2\/media?parent=4000"}],"wp:term":[{"taxonomy":"product_brand","embeddable":true,"href":"https:\/\/lyfilter.com\/es\/wp-json\/wp\/v2\/product_brand?post=4000"},{"taxonomy":"product_cat","embeddable":true,"href":"https:\/\/lyfilter.com\/es\/wp-json\/wp\/v2\/product_cat?post=4000"},{"taxonomy":"product_tag","embeddable":true,"href":"https:\/\/lyfilter.com\/es\/wp-json\/wp\/v2\/product_tag?post=4000"}],"curies":[{"name":"wp","href":"https:\/\/api.w.org\/{rel}","templated":true}]}}