{"id":3994,"date":"2026-04-03T07:21:05","date_gmt":"2026-04-03T07:21:05","guid":{"rendered":"https:\/\/lyfilter.com\/"},"modified":"2026-05-08T01:28:01","modified_gmt":"2026-05-08T01:28:01","slug":"swing-bolts-single-bag-basket-type-industrial-water-filter-housing-with-stainless-steel-304-316l-material","status":"publish","type":"product","link":"https:\/\/lyfilter.com\/es\/swing-bolts-single-bag-basket-type-industrial-water-filter-housing-with-stainless-steel-304-316l-material\/","title":{"rendered":"Pernos de oscilaci\u00f3n de una sola bolsa de tipo cesta filtro de agua industrial de la vivienda con acero inoxidable 304 316L Material"},"content":{"rendered":"<p>Fabricado para la filtraci\u00f3n industrial de l\u00edquidos, este filtro de agua tipo cesta de bolsa simple utiliza pernos giratorios y acero inoxidable 304 \u00f3 316L para ofrecer resistencia, un flujo constante y un mantenimiento sencillo. Admite un uso diario fiable en sistemas exigentes.<\/p>","protected":false},"excerpt":{"rendered":"<table>\n<thead>\n<tr>\n<th>Campo<\/th>\n<th>Valor<\/th>\n<\/tr>\n<\/thead>\n<tbody>\n<tr>\n<td>Industrias aplicables<\/td>\n<td>Hoteles, tiendas de ropa, tiendas de materiales de construcci\u00f3n, plantas de fabricaci\u00f3n, talleres de reparaci\u00f3n de maquinaria, f\u00e1bricas de alimentos y bebidas, granjas, restaurantes, uso dom\u00e9stico, comercio minorista, tiendas de alimentaci\u00f3n, imprentas, obras de construcci\u00f3n, energ\u00eda y miner\u00eda, tiendas de alimentos y bebidas, empresas de publicidad<\/td>\n<\/tr>\n<tr>\n<td>Servicio post garant\u00eda<\/td>\n<td>Asistencia en l\u00ednea<\/td>\n<\/tr>\n<tr>\n<td>Ubicaci\u00f3n del servicio local<\/td>\n<td>ninguno<\/td>\n<\/tr>\n<tr>\n<td>Ubicaci\u00f3n de la sala de exposiciones<\/td>\n<td>ninguno<\/td>\n<\/tr>\n<tr>\n<td>Lugar de origen<\/td>\n<td>Guangdong, China<\/td>\n<\/tr>\n<tr>\n<td>Marca<\/td>\n<td>Personalizado<\/td>\n<\/tr>\n<tr>\n<td>Material<\/td>\n<td>A medida, SS304 \/ SS316L<\/td>\n<\/tr>\n<tr>\n<td>Peso<\/td>\n<td>Personalizado<\/td>\n<\/tr>\n<tr>\n<td>Talla<\/td>\n<td>Personalizado<\/td>\n<\/tr>\n<tr>\n<td>Potencia<\/td>\n<td>0<\/td>\n<\/tr>\n<tr>\n<td>Garant\u00eda<\/td>\n<td>1 a\u00f1o<\/td>\n<\/tr>\n<tr>\n<td>Servicio posventa<\/td>\n<td>Asistencia en l\u00ednea<\/td>\n<\/tr>\n<tr>\n<td>Nombre del art\u00edculo<\/td>\n<td>Carcasa de filtro de agua industrial tipo cesta de bolsa simple<\/td>\n<\/tr>\n<tr>\n<td>Material de la bolsa filtrante<\/td>\n<td>BOLSA PE \/ BOLSA PP<\/td>\n<\/tr>\n<tr>\n<td>Cantidad de filtros de bolsa<\/td>\n<td>Carcasa de filtro de bolsa simple<\/td>\n<\/tr>\n<tr>\n<td>Tratamiento de superficies<\/td>\n<td>Pulido y chorro de arena<\/td>\n<\/tr>\n<tr>\n<td>Junta t\u00f3rica<\/td>\n<td>Silastic \/ NBR \/ EPDM \/ Viton<\/td>\n<\/tr>\n<tr>\n<td>Tipo de tapa superior instalada<\/td>\n<td>Tipo abrazadera \/ tipo perno<\/td>\n<\/tr>\n<tr>\n<td>Tipo de entrada y salida<\/td>\n<td>Rosca interior \/ Brida<\/td>\n<\/tr>\n<tr>\n<td>Tipo de conector<\/td>\n<td>222 \/ 226 \/ CIERVA<\/td>\n<\/tr>\n<tr>\n<td>M\u00e9todo de envasado<\/td>\n<td>Caja est\u00e1ndar para exportaci\u00f3n<\/td>\n<\/tr>\n<tr>\n<td>Unidades de venta<\/td>\n<td>Art\u00edculo \u00fanico<\/td>\n<\/tr>\n<tr>\n<td>Tama\u00f1o de envase individual<\/td>\n<td>88X38X68 cm<\/td>\n<\/tr>\n<tr>\n<td>Peso bruto \u00fanico<\/td>\n<td>68.000 kg<\/td>\n<\/tr>\n<tr>\n<td>Tipo de envase<\/td>\n<td>Pernos basculantes tipo cesta de bolsa simple carcasa del filtro de agua industrial con material de acero inoxidable 304 316L: Embalaje: Exportaci\u00f3n caja est\u00e1ndar \/ Seg\u00fan sea necesario<\/td>\n<\/tr>\n<tr>\n<td>Plazos de entrega<\/td>\n<td>Cantidad(Unidades): 1 - 10, Est. Tiempo(d\u00edas): 5; Cantidad(Unidades): 11 - 100, Est. Tiempo(d\u00edas): 10; Cantidad(Unidades): &gt;100, Est. Tiempo(d\u00edas): A negociar<\/td>\n<\/tr>\n<\/tbody>\n<\/table>","protected":false},"featured_media":3999,"comment_status":"open","ping_status":"closed","template":"","meta":{"_gspb_post_css":""},"product_brand":[],"product_cat":[15],"product_tag":[1357,1355,1354,1356,1358,1136],"class_list":{"0":"post-3994","1":"product","2":"type-product","3":"status-publish","4":"has-post-thumbnail","6":"product_cat-stainless-steel-filter-housing","7":"product_tag-316l-industrial-water-filter","8":"product_tag-basket-type-filter-housing","9":"product_tag-single-bag-filter-housing","10":"product_tag-stainless-steel-304-filter-housing","11":"product_tag-swing-bolts-filter-housing","12":"product_tag-water-filter-locks","14":"first","15":"instock","16":"shipping-taxable","17":"product-type-simple"},"_links":{"self":[{"href":"https:\/\/lyfilter.com\/es\/wp-json\/wp\/v2\/product\/3994","targetHints":{"allow":["GET"]}}],"collection":[{"href":"https:\/\/lyfilter.com\/es\/wp-json\/wp\/v2\/product"}],"about":[{"href":"https:\/\/lyfilter.com\/es\/wp-json\/wp\/v2\/types\/product"}],"replies":[{"embeddable":true,"href":"https:\/\/lyfilter.com\/es\/wp-json\/wp\/v2\/comments?post=3994"}],"wp:featuredmedia":[{"embeddable":true,"href":"https:\/\/lyfilter.com\/es\/wp-json\/wp\/v2\/media\/3999"}],"wp:attachment":[{"href":"https:\/\/lyfilter.com\/es\/wp-json\/wp\/v2\/media?parent=3994"}],"wp:term":[{"taxonomy":"product_brand","embeddable":true,"href":"https:\/\/lyfilter.com\/es\/wp-json\/wp\/v2\/product_brand?post=3994"},{"taxonomy":"product_cat","embeddable":true,"href":"https:\/\/lyfilter.com\/es\/wp-json\/wp\/v2\/product_cat?post=3994"},{"taxonomy":"product_tag","embeddable":true,"href":"https:\/\/lyfilter.com\/es\/wp-json\/wp\/v2\/product_tag?post=3994"}],"curies":[{"name":"wp","href":"https:\/\/api.w.org\/{rel}","templated":true}]}}