{"id":3985,"date":"2026-04-03T07:18:19","date_gmt":"2026-04-03T07:18:19","guid":{"rendered":"https:\/\/lyfilter.com\/"},"modified":"2026-04-03T07:18:19","modified_gmt":"2026-04-03T07:18:19","slug":"20-inch-5-micron-jumbo-pp-membrane-pleated-water-filter-cartridge-with-net-end-code-connection-227-fin-flat-doe","status":"publish","type":"product","link":"https:\/\/lyfilter.com\/es\/20-inch-5-micron-jumbo-pp-membrane-pleated-water-filter-cartridge-with-net-end-code-connection-227-fin-flat-doe\/","title":{"rendered":"20 Pulgadas 5 Micras Jumbo PP Membrana Plisada Cartucho de Filtro de Agua Con Conexi\u00f3n de C\u00f3digo de Extremo de Red 227\/Fin\/Flat\/Doe"},"content":{"rendered":"<p>Fabricado para una filtraci\u00f3n de agua fiable, este cartucho plisado de membrana PP jumbo de 20 pulgadas captura part\u00edculas finas con una precisi\u00f3n de 5 micras. Sus opciones de conexi\u00f3n 227, aleta, plana y DOE permiten un montaje flexible y un rendimiento diario constante.<\/p>","protected":false},"excerpt":{"rendered":"<table>\n<thead>\n<tr>\n<th>Campo<\/th>\n<th>Valor<\/th>\n<\/tr>\n<\/thead>\n<tbody>\n<tr>\n<td>Condici\u00f3n<\/td>\n<td>Nuevo<\/td>\n<\/tr>\n<tr>\n<td>Industrias aplicables<\/td>\n<td>Hoteles, tiendas de ropa, tiendas de materiales de construcci\u00f3n, plantas de fabricaci\u00f3n, talleres de reparaci\u00f3n de maquinaria, f\u00e1bricas de alimentos y bebidas, granjas, restaurantes, uso dom\u00e9stico, comercio minorista, tiendas de alimentaci\u00f3n, imprentas, obras de construcci\u00f3n, energ\u00eda y miner\u00eda, tiendas de alimentos y bebidas, empresas de publicidad<\/td>\n<\/tr>\n<tr>\n<td>Servicio post garant\u00eda<\/td>\n<td>Asistencia en l\u00ednea<\/td>\n<\/tr>\n<tr>\n<td>Ubicaci\u00f3n del servicio local<\/td>\n<td>ninguno<\/td>\n<\/tr>\n<tr>\n<td>Ubicaci\u00f3n de la sala de exposiciones<\/td>\n<td>ninguno<\/td>\n<\/tr>\n<tr>\n<td>V\u00eddeo de la inspecci\u00f3n de salida<\/td>\n<td>Proporcionado<\/td>\n<\/tr>\n<tr>\n<td>Informe de ensayo de maquinaria<\/td>\n<td>No disponible<\/td>\n<\/tr>\n<tr>\n<td>Tipo de comercializaci\u00f3n<\/td>\n<td>Producto ordinario<\/td>\n<\/tr>\n<tr>\n<td>Garant\u00eda de los componentes principales<\/td>\n<td>No disponible<\/td>\n<\/tr>\n<tr>\n<td>Lugar de origen<\/td>\n<td>Guangdong, China<\/td>\n<\/tr>\n<tr>\n<td>Marca<\/td>\n<td>Lvyuan \/ OEM<\/td>\n<\/tr>\n<tr>\n<td>Material<\/td>\n<td>Elemento filtrante plegado<\/td>\n<\/tr>\n<tr>\n<td>Peso<\/td>\n<td>depende<\/td>\n<\/tr>\n<tr>\n<td>Talla<\/td>\n<td>est\u00e1ndar, personalizaci\u00f3n<\/td>\n<\/tr>\n<tr>\n<td>Potencia<\/td>\n<td>0<\/td>\n<\/tr>\n<tr>\n<td>Garant\u00eda<\/td>\n<td>No disponible<\/td>\n<\/tr>\n<tr>\n<td>Nombre del producto<\/td>\n<td>cartucho filtrante de pp<\/td>\n<\/tr>\n<tr>\n<td>Tasa de micras<\/td>\n<td>0,1, 0,5, 1, 5, 10 ~60um<\/td>\n<\/tr>\n<tr>\n<td>Cartucho plisado Material<\/td>\n<td>PP\/PTFE\/PES \/Nil\u00f3n 6 \/PVDF<\/td>\n<\/tr>\n<tr>\n<td>Longitud<\/td>\n<td>5\u2033, 10\u2033, 20\u2033, 30\u2033, 40\u2033, OEM<\/td>\n<\/tr>\n<tr>\n<td>Medio filtrante<\/td>\n<td>Membrana de polipropileno<\/td>\n<\/tr>\n<tr>\n<td>Tapa<\/td>\n<td>DOE, 222+Fin, 222+Piso, 226+Fin, 226+Piso<\/td>\n<\/tr>\n<tr>\n<td>Material de la junta\/anillo<\/td>\n<td>Silicio\/EPDM\/NBR\/Vit\u00f3n\/Telf\u00f3n<\/td>\n<\/tr>\n<tr>\n<td>Utilizaci\u00f3n<\/td>\n<td>elementos filtrantes para l\u00edquidos, piezas para filtros de agua<\/td>\n<\/tr>\n<tr>\n<td>N\u00facleo interno<\/td>\n<td>PP \/ acero inoxidable<\/td>\n<\/tr>\n<tr>\n<td>Certificaci\u00f3n<\/td>\n<td>SG\/S\/ISO9001<\/td>\n<\/tr>\n<tr>\n<td>Componentes b\u00e1sicos<\/td>\n<td>cartuchos filtrantes de l\u00edquidos<\/td>\n<\/tr>\n<tr>\n<td>Capacidad de suministro<\/td>\n<td>5000 Piezas\/Piezas por D\u00eda 5 micron pp filter<\/td>\n<\/tr>\n<\/tbody>\n<\/table>","protected":false},"featured_media":3989,"comment_status":"open","ping_status":"closed","template":"","meta":{"_gspb_post_css":""},"product_brand":[],"product_cat":[1339],"product_tag":[691,1353,1351,1352,1350,1136],"class_list":{"0":"post-3985","1":"product","2":"type-product","3":"status-publish","4":"has-post-thumbnail","6":"product_cat-carbon-filter","7":"product_tag-20-inch-water-filter-cartridge","8":"product_tag-227-fin-flat-connection-filter","9":"product_tag-5-micron-pleated-filter","10":"product_tag-doe-end-code-filter","11":"product_tag-jumbo-pp-pleated-filter-cartridge","12":"product_tag-water-filter-locks","14":"first","15":"instock","16":"shipping-taxable","17":"product-type-simple"},"_links":{"self":[{"href":"https:\/\/lyfilter.com\/es\/wp-json\/wp\/v2\/product\/3985","targetHints":{"allow":["GET"]}}],"collection":[{"href":"https:\/\/lyfilter.com\/es\/wp-json\/wp\/v2\/product"}],"about":[{"href":"https:\/\/lyfilter.com\/es\/wp-json\/wp\/v2\/types\/product"}],"replies":[{"embeddable":true,"href":"https:\/\/lyfilter.com\/es\/wp-json\/wp\/v2\/comments?post=3985"}],"wp:featuredmedia":[{"embeddable":true,"href":"https:\/\/lyfilter.com\/es\/wp-json\/wp\/v2\/media\/3989"}],"wp:attachment":[{"href":"https:\/\/lyfilter.com\/es\/wp-json\/wp\/v2\/media?parent=3985"}],"wp:term":[{"taxonomy":"product_brand","embeddable":true,"href":"https:\/\/lyfilter.com\/es\/wp-json\/wp\/v2\/product_brand?post=3985"},{"taxonomy":"product_cat","embeddable":true,"href":"https:\/\/lyfilter.com\/es\/wp-json\/wp\/v2\/product_cat?post=3985"},{"taxonomy":"product_tag","embeddable":true,"href":"https:\/\/lyfilter.com\/es\/wp-json\/wp\/v2\/product_tag?post=3985"}],"curies":[{"name":"wp","href":"https:\/\/api.w.org\/{rel}","templated":true}]}}