{"id":3966,"date":"2026-04-03T07:12:15","date_gmt":"2026-04-03T07:12:15","guid":{"rendered":"https:\/\/lyfilter.com\/"},"modified":"2026-04-03T07:12:15","modified_gmt":"2026-04-03T07:12:15","slug":"lvyuan-filter-stainless-steel-powder-sintered-filter-quality-assurance-for-industry","status":"publish","type":"product","link":"https:\/\/lyfilter.com\/es\/lvyuan-filter-stainless-steel-powder-sintered-filter-quality-assurance-for-industry\/","title":{"rendered":"Lvyuan filtro de acero inoxidable en polvo sinterizado filtro de garant\u00eda de calidad para la industria"},"content":{"rendered":"<p>Construido para la filtraci\u00f3n industrial, este filtro sinterizado en polvo de acero inoxidable Lvyuan ofrece un flujo constante, una retenci\u00f3n de part\u00edculas fiable y una resistencia duradera. Su dise\u00f1o de calidad garantizada permite un procesamiento limpio y un funcionamiento fiable a largo plazo.<\/p>","protected":false},"excerpt":{"rendered":"<table>\n<thead>\n<tr>\n<th>Campo<\/th>\n<th>Valor<\/th>\n<\/tr>\n<\/thead>\n<tbody>\n<tr>\n<td>Condici\u00f3n<\/td>\n<td>Nuevo<\/td>\n<\/tr>\n<tr>\n<td>Industrias aplicables<\/td>\n<td>Hoteles, tiendas de ropa, tiendas de materiales de construcci\u00f3n, plantas de fabricaci\u00f3n, talleres de reparaci\u00f3n de maquinaria, f\u00e1bricas de alimentos y bebidas, granjas, restaurantes, uso dom\u00e9stico, comercio minorista, tiendas de alimentaci\u00f3n, imprentas, obras de construcci\u00f3n, energ\u00eda y miner\u00eda, tiendas de alimentos y bebidas<\/td>\n<\/tr>\n<tr>\n<td>Servicio post garant\u00eda<\/td>\n<td>Asistencia en l\u00ednea<\/td>\n<\/tr>\n<tr>\n<td>Ubicaci\u00f3n del servicio local<\/td>\n<td>ninguno<\/td>\n<\/tr>\n<tr>\n<td>Ubicaci\u00f3n de la sala de exposiciones<\/td>\n<td>ninguno<\/td>\n<\/tr>\n<tr>\n<td>V\u00eddeo de la inspecci\u00f3n de salida<\/td>\n<td>Proporcionado<\/td>\n<\/tr>\n<tr>\n<td>Informe de ensayo de maquinaria<\/td>\n<td>Proporcionado<\/td>\n<\/tr>\n<tr>\n<td>Tipo de comercializaci\u00f3n<\/td>\n<td>Producto ordinario<\/td>\n<\/tr>\n<tr>\n<td>Garant\u00eda de los componentes principales<\/td>\n<td>1 a\u00f1o<\/td>\n<\/tr>\n<tr>\n<td>Componentes b\u00e1sicos<\/td>\n<td>Recipiente a presi\u00f3n<\/td>\n<\/tr>\n<tr>\n<td>Lugar de origen<\/td>\n<td>Guangdong, China<\/td>\n<\/tr>\n<tr>\n<td>Marca<\/td>\n<td>Lvyuan\/OEM<\/td>\n<\/tr>\n<tr>\n<td>Garant\u00eda<\/td>\n<td>1 a\u00f1o<\/td>\n<\/tr>\n<tr>\n<td>Servicio posventa<\/td>\n<td>Asistencia en l\u00ednea<\/td>\n<\/tr>\n<tr>\n<td>Palabras clave<\/td>\n<td>cartucho filtrante inoxidable<\/td>\n<\/tr>\n<tr>\n<td>Di\u00e1metro<\/td>\n<td>Demanda del cliente<\/td>\n<\/tr>\n<tr>\n<td>Material<\/td>\n<td>acero inoxidable<\/td>\n<\/tr>\n<tr>\n<td>Forma<\/td>\n<td>cilindro<\/td>\n<\/tr>\n<tr>\n<td>Utilizaci\u00f3n<\/td>\n<td>tratamiento del agua<\/td>\n<\/tr>\n<tr>\n<td>Aplicaci\u00f3n<\/td>\n<td>industria<\/td>\n<\/tr>\n<tr>\n<td>Color<\/td>\n<td>astilla<\/td>\n<\/tr>\n<tr>\n<td>Embalaje<\/td>\n<td>caja de papel<\/td>\n<\/tr>\n<tr>\n<td>longitud<\/td>\n<td>10\/20\/30\/40 pulgadas<\/td>\n<\/tr>\n<tr>\n<td>Ventaja<\/td>\n<td>reutilizar<\/td>\n<\/tr>\n<\/tbody>\n<\/table>","protected":false},"featured_media":3974,"comment_status":"open","ping_status":"closed","template":"","meta":{"_gspb_post_css":""},"product_brand":[],"product_cat":[15],"product_tag":[1346,1344,1348,1347,1345,1136],"class_list":{"0":"post-3966","1":"product","2":"type-product","3":"status-publish","4":"has-post-thumbnail","6":"product_cat-stainless-steel-filter-housing","7":"product_tag-industrial-sintered-filter","8":"product_tag-lvyuan-sintered-filter","9":"product_tag-metal-powder-filter-cartridge","10":"product_tag-quality-assurance-filter","11":"product_tag-stainless-steel-powder-filter","12":"product_tag-water-filter-locks","14":"first","15":"instock","16":"shipping-taxable","17":"product-type-simple"},"_links":{"self":[{"href":"https:\/\/lyfilter.com\/es\/wp-json\/wp\/v2\/product\/3966","targetHints":{"allow":["GET"]}}],"collection":[{"href":"https:\/\/lyfilter.com\/es\/wp-json\/wp\/v2\/product"}],"about":[{"href":"https:\/\/lyfilter.com\/es\/wp-json\/wp\/v2\/types\/product"}],"replies":[{"embeddable":true,"href":"https:\/\/lyfilter.com\/es\/wp-json\/wp\/v2\/comments?post=3966"}],"wp:featuredmedia":[{"embeddable":true,"href":"https:\/\/lyfilter.com\/es\/wp-json\/wp\/v2\/media\/3974"}],"wp:attachment":[{"href":"https:\/\/lyfilter.com\/es\/wp-json\/wp\/v2\/media?parent=3966"}],"wp:term":[{"taxonomy":"product_brand","embeddable":true,"href":"https:\/\/lyfilter.com\/es\/wp-json\/wp\/v2\/product_brand?post=3966"},{"taxonomy":"product_cat","embeddable":true,"href":"https:\/\/lyfilter.com\/es\/wp-json\/wp\/v2\/product_cat?post=3966"},{"taxonomy":"product_tag","embeddable":true,"href":"https:\/\/lyfilter.com\/es\/wp-json\/wp\/v2\/product_tag?post=3966"}],"curies":[{"name":"wp","href":"https:\/\/api.w.org\/{rel}","templated":true}]}}