{"id":3960,"date":"2026-04-03T07:06:43","date_gmt":"2026-04-03T07:06:43","guid":{"rendered":"https:\/\/lyfilter.com\/"},"modified":"2026-04-03T07:06:43","modified_gmt":"2026-04-03T07:06:43","slug":"factory-customization-4-5-8-sintered-activated-carbon-filter-for-refrigerator-spare-parts-filter-element","status":"publish","type":"product","link":"https:\/\/lyfilter.com\/es\/factory-customization-4-5-8-sintered-activated-carbon-filter-for-refrigerator-spare-parts-filter-element\/","title":{"rendered":"Personalizaci\u00f3n de la f\u00e1brica 4\u2033 5\u2033 8\u2033 filtro de carb\u00f3n activado sinterizado para refrigerador piezas de repuesto elemento filtrante"},"content":{"rendered":"<p>Fabricado para la filtraci\u00f3n en frigor\u00edficos, este elemento filtrante de carb\u00f3n activado sinterizado ayuda a reducir los olores y las impurezas a la vez que mantiene el agua fresca. Con opciones de 4, 5 y 8 pulgadas, ofrece un ajuste pr\u00e1ctico para una f\u00e1cil sustituci\u00f3n.<\/p>","protected":false},"excerpt":{"rendered":"<table>\n<thead>\n<tr>\n<th>Campo<\/th>\n<th>Valor<\/th>\n<\/tr>\n<\/thead>\n<tbody>\n<tr>\n<td>Lugar de origen<\/td>\n<td>Guangdong, China<\/td>\n<\/tr>\n<tr>\n<td>Marca<\/td>\n<td>OEM\/LVYUAN<\/td>\n<\/tr>\n<tr>\n<td>Material<\/td>\n<td>CARB\u00d3N, Carb\u00f3n de coco activado sinterizado<\/td>\n<\/tr>\n<tr>\n<td>Peso<\/td>\n<td>200<\/td>\n<\/tr>\n<tr>\n<td>Talla<\/td>\n<td>68x28x250mm<\/td>\n<\/tr>\n<tr>\n<td>Potencia<\/td>\n<td>0<\/td>\n<\/tr>\n<tr>\n<td>Garant\u00eda<\/td>\n<td>No disponible<\/td>\n<\/tr>\n<tr>\n<td>Nombre del producto<\/td>\n<td>Filtro de carb\u00f3n activo sinterizado personalizado de f\u00e1brica<\/td>\n<\/tr>\n<tr>\n<td>Servicio posventa<\/td>\n<td>Asistencia en l\u00ednea, Asistencia en l\u00ednea<\/td>\n<\/tr>\n<tr>\n<td>Certificaci\u00f3n<\/td>\n<td>SGS\/ISO<\/td>\n<\/tr>\n<tr>\n<td>Longitud<\/td>\n<td>10-1050 mm<\/td>\n<\/tr>\n<tr>\n<td>OD<\/td>\n<td>14-121 mm<\/td>\n<\/tr>\n<tr>\n<td>ID<\/td>\n<td>6-50 mm<\/td>\n<\/tr>\n<tr>\n<td>Tasa de micra<\/td>\n<td>0,5-20um<\/td>\n<\/tr>\n<tr>\n<td>Valor de yodo<\/td>\n<td>hasta 1000<\/td>\n<\/tr>\n<tr>\n<td>Caudal<\/td>\n<td>\u2264300L\/h<\/td>\n<\/tr>\n<tr>\n<td>Unidades de venta<\/td>\n<td>Art\u00edculo \u00fanico<\/td>\n<\/tr>\n<tr>\n<td>Tama\u00f1o de envase individual<\/td>\n<td>6,5X2,8X25 cm<\/td>\n<\/tr>\n<tr>\n<td>Peso bruto \u00fanico<\/td>\n<td>0,200 kg<\/td>\n<\/tr>\n<tr>\n<td>Tipo de envase<\/td>\n<td>53x33x33cm, 64x33x33cm<\/td>\n<\/tr>\n<tr>\n<td>Plazos de entrega<\/td>\n<td>Cantidad(Piezas): 1 - 100, Est. Tiempo(d\u00edas): 3; Cantidad(Piezas): 101 - 500, Est. Tiempo(d\u00edas): 5; Cantidad(Piezas): 501 - 1000, Est. Tiempo(d\u00edas): 7; Cantidad(Piezas): &gt;1000, Est. Tiempo(d\u00edas): A negociar<\/td>\n<\/tr>\n<\/tbody>\n<\/table>","protected":false},"featured_media":3965,"comment_status":"open","ping_status":"closed","template":"","meta":{"_gspb_post_css":""},"product_brand":[],"product_cat":[1339],"product_tag":[1343,1342,1341,1162,1340,1136],"class_list":{"0":"post-3960","1":"product","2":"type-product","3":"status-publish","4":"has-post-thumbnail","6":"product_cat-carbon-filter","7":"product_tag-custom-carbon-filter","8":"product_tag-refrigerator-filter-element","9":"product_tag-refrigerator-spare-parts-filter","10":"product_tag-replacement-water-filter","11":"product_tag-sintered-activated-carbon-filter","12":"product_tag-water-filter-locks","14":"first","15":"instock","16":"shipping-taxable","17":"product-type-simple"},"_links":{"self":[{"href":"https:\/\/lyfilter.com\/es\/wp-json\/wp\/v2\/product\/3960","targetHints":{"allow":["GET"]}}],"collection":[{"href":"https:\/\/lyfilter.com\/es\/wp-json\/wp\/v2\/product"}],"about":[{"href":"https:\/\/lyfilter.com\/es\/wp-json\/wp\/v2\/types\/product"}],"replies":[{"embeddable":true,"href":"https:\/\/lyfilter.com\/es\/wp-json\/wp\/v2\/comments?post=3960"}],"wp:featuredmedia":[{"embeddable":true,"href":"https:\/\/lyfilter.com\/es\/wp-json\/wp\/v2\/media\/3965"}],"wp:attachment":[{"href":"https:\/\/lyfilter.com\/es\/wp-json\/wp\/v2\/media?parent=3960"}],"wp:term":[{"taxonomy":"product_brand","embeddable":true,"href":"https:\/\/lyfilter.com\/es\/wp-json\/wp\/v2\/product_brand?post=3960"},{"taxonomy":"product_cat","embeddable":true,"href":"https:\/\/lyfilter.com\/es\/wp-json\/wp\/v2\/product_cat?post=3960"},{"taxonomy":"product_tag","embeddable":true,"href":"https:\/\/lyfilter.com\/es\/wp-json\/wp\/v2\/product_tag?post=3960"}],"curies":[{"name":"wp","href":"https:\/\/api.w.org\/{rel}","templated":true}]}}