{"id":3949,"date":"2026-04-03T07:00:04","date_gmt":"2026-04-03T07:00:04","guid":{"rendered":"https:\/\/lyfilter.com\/"},"modified":"2026-04-03T07:00:04","modified_gmt":"2026-04-03T07:00:04","slug":"20-30-inch-100-polypropylene-pp-yarn-wire-wound-water-filter-for-water-treatment-5-micron-cartridge-filter-replaced","status":"publish","type":"product","link":"https:\/\/lyfilter.com\/es\/20-30-inch-100-polypropylene-pp-yarn-wire-wound-water-filter-for-water-treatment-5-micron-cartridge-filter-replaced\/","title":{"rendered":"20 30 pulgadas 100% Polipropileno PP hilo de alambre de filtro de agua para el tratamiento de agua de 5 micras cartucho de filtro reemplazado"},"content":{"rendered":"<p>Fabricado para el tratamiento del agua, este filtro de hilo de polipropileno PP 100% ayuda a capturar los sedimentos con una precisi\u00f3n de 5 micras. Sus opciones de 20 y 30 pulgadas permiten un flujo constante, una filtraci\u00f3n fiable y un uso pr\u00e1ctico de sustituci\u00f3n diaria.<\/p>","protected":false},"excerpt":{"rendered":"<table>\n<thead>\n<tr>\n<th>Campo<\/th>\n<th>Valor<\/th>\n<\/tr>\n<\/thead>\n<tbody>\n<tr>\n<td>Industrias aplicables<\/td>\n<td>F\u00e1brica de alimentos y bebidas, Restaurante, Uso dom\u00e9stico, Tienda de alimentaci\u00f3n, Imprentas, Obras de construcci\u00f3n, Energ\u00eda y miner\u00eda, Tiendas de alimentos y bebidas, Empresa de publicidad<\/td>\n<\/tr>\n<tr>\n<td>Lugar de origen<\/td>\n<td>Guangdong, China<\/td>\n<\/tr>\n<tr>\n<td>Marca<\/td>\n<td>LVYUAN\/OEM<\/td>\n<\/tr>\n<tr>\n<td>Material<\/td>\n<td>Polipropileno\/fibra de vidrio\/algod\u00f3n, fibra de polipropileno, algod\u00f3n absorbente, fibra de vidrio<\/td>\n<\/tr>\n<tr>\n<td>Peso<\/td>\n<td>Referencia<\/td>\n<\/tr>\n<tr>\n<td>Talla<\/td>\n<td>10\u2033\/20\u2033\/30\u2033\/40\u2033\/50\u2033<\/td>\n<\/tr>\n<tr>\n<td>Potencia<\/td>\n<td>0<\/td>\n<\/tr>\n<tr>\n<td>Garant\u00eda<\/td>\n<td>No disponible<\/td>\n<\/tr>\n<tr>\n<td>Art\u00edculo<\/td>\n<td>10 20 30 pulgadas 100% hilo de polipropileno PP devanado filtro de agua<\/td>\n<\/tr>\n<tr>\n<td>N\u00facleo<\/td>\n<td>PP\/SS<\/td>\n<\/tr>\n<tr>\n<td>Micron<\/td>\n<td>1\/5\/10\/20\/30\/50\/75\/100<\/td>\n<\/tr>\n<tr>\n<td>Di\u00e1metro interior<\/td>\n<td>28mm \/ 30mm \/ OEM<\/td>\n<\/tr>\n<tr>\n<td>Longitud<\/td>\n<td>5\u2033 \/ 10\u2033 \/ 20\u2033 \/ 30\u2033 \/ 40\u2033 \/ 50\u2033 \/ 60\u2033<\/td>\n<\/tr>\n<tr>\n<td>Filtro bobinado de PP+n\u00facleo de PP<\/td>\n<td>65\u2103<\/td>\n<\/tr>\n<tr>\n<td>Filtro bobinado PP+SS<\/td>\n<td>120\u2103<\/td>\n<\/tr>\n<tr>\n<td>Filtro de algod\u00f3n+SS<\/td>\n<td>180\u2103<\/td>\n<\/tr>\n<tr>\n<td>Fibra de vidrio+SS<\/td>\n<td>180 - 300\u2103<\/td>\n<\/tr>\n<tr>\n<td>Servicio posventa<\/td>\n<td>Asistencia en l\u00ednea<\/td>\n<\/tr>\n<tr>\n<td>Capacidad de suministro<\/td>\n<td>1000 piezas por d\u00eda<\/td>\n<\/tr>\n<\/tbody>\n<\/table>","protected":false},"featured_media":3953,"comment_status":"open","ping_status":"closed","template":"","meta":{"_gspb_post_css":""},"product_brand":[],"product_cat":[1095],"product_tag":[1172,1333,1296,1136,878,1334],"class_list":{"0":"post-3949","1":"product","2":"type-product","3":"status-publish","4":"has-post-thumbnail","6":"product_cat-string-wound-filter-cartridge","7":"product_tag-5-micron-cartridge-filter","8":"product_tag-polypropylene-pp-yarn-filter","9":"product_tag-sediment-water-filter","10":"product_tag-water-filter-locks","11":"product_tag-water-treatment-filter-cartridge","12":"product_tag-wire-wound-water-filter","14":"first","15":"instock","16":"shipping-taxable","17":"product-type-simple"},"_links":{"self":[{"href":"https:\/\/lyfilter.com\/es\/wp-json\/wp\/v2\/product\/3949","targetHints":{"allow":["GET"]}}],"collection":[{"href":"https:\/\/lyfilter.com\/es\/wp-json\/wp\/v2\/product"}],"about":[{"href":"https:\/\/lyfilter.com\/es\/wp-json\/wp\/v2\/types\/product"}],"replies":[{"embeddable":true,"href":"https:\/\/lyfilter.com\/es\/wp-json\/wp\/v2\/comments?post=3949"}],"wp:featuredmedia":[{"embeddable":true,"href":"https:\/\/lyfilter.com\/es\/wp-json\/wp\/v2\/media\/3953"}],"wp:attachment":[{"href":"https:\/\/lyfilter.com\/es\/wp-json\/wp\/v2\/media?parent=3949"}],"wp:term":[{"taxonomy":"product_brand","embeddable":true,"href":"https:\/\/lyfilter.com\/es\/wp-json\/wp\/v2\/product_brand?post=3949"},{"taxonomy":"product_cat","embeddable":true,"href":"https:\/\/lyfilter.com\/es\/wp-json\/wp\/v2\/product_cat?post=3949"},{"taxonomy":"product_tag","embeddable":true,"href":"https:\/\/lyfilter.com\/es\/wp-json\/wp\/v2\/product_tag?post=3949"}],"curies":[{"name":"wp","href":"https:\/\/api.w.org\/{rel}","templated":true}]}}