{"id":3927,"date":"2026-04-03T06:45:25","date_gmt":"2026-04-03T06:45:25","guid":{"rendered":"https:\/\/lyfilter.com\/"},"modified":"2026-04-03T06:45:25","modified_gmt":"2026-04-03T06:45:25","slug":"stainless-housing-filter-pp-pes-ptfe-pvdf-material-pleated-cartridge-filter-1-2-10-micron-water-filter","status":"publish","type":"product","link":"https:\/\/lyfilter.com\/es\/stainless-housing-filter-pp-pes-ptfe-pvdf-material-pleated-cartridge-filter-1-2-10-micron-water-filter\/","title":{"rendered":"Filtro de carcasa inoxidable PP PES PTFE PVDF Material Filtro de cartucho plisado 1 2 10 Micras Filtro de agua"},"content":{"rendered":"<p>Fabricado para necesidades de filtraci\u00f3n flexibles, este filtro de agua de cartucho plisado con carcasa inoxidable est\u00e1 disponible en materiales PP, PES, PTFE y PVDF con opciones de 1, 2 y 10 micras. Permite un flujo constante, una salida limpia y un uso diario fiable.<\/p>","protected":false},"excerpt":{"rendered":"<table>\n<thead>\n<tr>\n<th>Campo<\/th>\n<th>Valor<\/th>\n<\/tr>\n<\/thead>\n<tbody>\n<tr>\n<td>Condici\u00f3n<\/td>\n<td>Nuevo<\/td>\n<\/tr>\n<tr>\n<td>Industrias aplicables<\/td>\n<td>Hoteles, tiendas de ropa, tiendas de materiales de construcci\u00f3n, plantas de fabricaci\u00f3n, talleres de reparaci\u00f3n de maquinaria, f\u00e1bricas de alimentos y bebidas, granjas, restaurantes, uso dom\u00e9stico, comercio minorista, tiendas de alimentaci\u00f3n, imprentas, obras de construcci\u00f3n, energ\u00eda y miner\u00eda, tiendas de alimentos y bebidas, empresas de publicidad<\/td>\n<\/tr>\n<tr>\n<td>Servicio post garant\u00eda<\/td>\n<td>Asistencia en l\u00ednea<\/td>\n<\/tr>\n<tr>\n<td>Ubicaci\u00f3n del servicio local<\/td>\n<td>ninguno<\/td>\n<\/tr>\n<tr>\n<td>Ubicaci\u00f3n de la sala de exposiciones<\/td>\n<td>ninguno<\/td>\n<\/tr>\n<tr>\n<td>V\u00eddeo de la inspecci\u00f3n de salida<\/td>\n<td>Proporcionado<\/td>\n<\/tr>\n<tr>\n<td>Informe de ensayo de maquinaria<\/td>\n<td>Proporcionado<\/td>\n<\/tr>\n<tr>\n<td>Tipo de comercializaci\u00f3n<\/td>\n<td>Producto ordinario<\/td>\n<\/tr>\n<tr>\n<td>Garant\u00eda de los componentes principales<\/td>\n<td>1 a\u00f1o<\/td>\n<\/tr>\n<tr>\n<td>Componentes b\u00e1sicos<\/td>\n<td>Reductor, Recipiente a presi\u00f3n, Bomba, Engranaje, Cojinete, Motor, PLC<\/td>\n<\/tr>\n<tr>\n<td>Lugar de origen<\/td>\n<td>Guangdong, China<\/td>\n<\/tr>\n<tr>\n<td>Marca<\/td>\n<td>Lvyuan\/OEM<\/td>\n<\/tr>\n<tr>\n<td>Material<\/td>\n<td>Polipropileno<\/td>\n<\/tr>\n<tr>\n<td>Peso<\/td>\n<td>0<\/td>\n<\/tr>\n<tr>\n<td>Talla<\/td>\n<td>10\/20\/30\/40\/50\/60 pulgadas<\/td>\n<\/tr>\n<tr>\n<td>Potencia<\/td>\n<td>0<\/td>\n<\/tr>\n<tr>\n<td>Garant\u00eda<\/td>\n<td>1 a\u00f1o<\/td>\n<\/tr>\n<tr>\n<td>Servicio posventa<\/td>\n<td>Asistencia en l\u00ednea<\/td>\n<\/tr>\n<tr>\n<td>Nombre del art\u00edculo<\/td>\n<td>PP PES PTFE PVDF material Filtro de cartucho plisado de 0,5 micras<\/td>\n<\/tr>\n<tr>\n<td>Material de la membrana filtrante<\/td>\n<td>PP\/PVDF\/PTFE\/PES\/Nil\u00f3n<\/td>\n<\/tr>\n<tr>\n<td>Longitud<\/td>\n<td>5 ~ 60 pulgadas<\/td>\n<\/tr>\n<tr>\n<td>Conector<\/td>\n<td>Tipo lanza \/ 215 \/ 222 \/ 226 \/ DOE<\/td>\n<\/tr>\n<tr>\n<td>Micron<\/td>\n<td>Cartucho filtrante plisado de 0,01 ~ 100 micras<\/td>\n<\/tr>\n<tr>\n<td>M\u00e9todo de sellado<\/td>\n<td>Soldadura por fusi\u00f3n en caliente<\/td>\n<\/tr>\n<tr>\n<td>Di\u00e1metro<\/td>\n<td>70 mm<\/td>\n<\/tr>\n<tr>\n<td>N\u00facleo interior<\/td>\n<td>Material PP\/SS<\/td>\n<\/tr>\n<tr>\n<td>MOQ<\/td>\n<td>Actualmente no hay<\/td>\n<\/tr>\n<tr>\n<td>Unidades de venta<\/td>\n<td>Art\u00edculo \u00fanico<\/td>\n<\/tr>\n<tr>\n<td>Tama\u00f1o de envase individual<\/td>\n<td>63X42X42 cm<\/td>\n<\/tr>\n<tr>\n<td>Peso bruto \u00fanico<\/td>\n<td>23.000 kg<\/td>\n<\/tr>\n<tr>\n<td>Tipo de envase<\/td>\n<td>Filtro de carcasa inoxidable PP PES PTFE PVDF material Filtro de cartucho plisado de 0,5 micras \/ filtro de cartucho de agua de 5 micras: 10\u2033 50PCS\/CTN, 20\u2033 25PCS\/CTN, 30\u2033 25PCS\/CTN, 40\u2033 25PCS\/CTN.<\/td>\n<\/tr>\n<tr>\n<td>Plazos de entrega<\/td>\n<td>Cantidad(Piezas): 1 - 500, Est. Tiempo(d\u00edas): 5; Cantidad(Piezas): &gt;500, Est. Tiempo(d\u00edas): A negociar<\/td>\n<\/tr>\n<\/tbody>\n<\/table>","protected":false},"featured_media":3933,"comment_status":"open","ping_status":"closed","template":"","meta":{"_gspb_post_css":""},"product_brand":[],"product_cat":[15],"product_tag":[1324,334,1322,1323,1321,1136],"class_list":{"0":"post-3927","1":"product","2":"type-product","3":"status-publish","4":"has-post-thumbnail","6":"product_cat-stainless-steel-filter-housing","7":"product_tag-1-2-10-micron-filter","8":"product_tag-industrial-water-filter","9":"product_tag-pleated-cartridge-water-filter","10":"product_tag-pp-pes-ptfe-pvdf-filter","11":"product_tag-stainless-housing-filter","12":"product_tag-water-filter-locks","14":"first","15":"instock","16":"shipping-taxable","17":"product-type-simple"},"_links":{"self":[{"href":"https:\/\/lyfilter.com\/es\/wp-json\/wp\/v2\/product\/3927","targetHints":{"allow":["GET"]}}],"collection":[{"href":"https:\/\/lyfilter.com\/es\/wp-json\/wp\/v2\/product"}],"about":[{"href":"https:\/\/lyfilter.com\/es\/wp-json\/wp\/v2\/types\/product"}],"replies":[{"embeddable":true,"href":"https:\/\/lyfilter.com\/es\/wp-json\/wp\/v2\/comments?post=3927"}],"wp:featuredmedia":[{"embeddable":true,"href":"https:\/\/lyfilter.com\/es\/wp-json\/wp\/v2\/media\/3933"}],"wp:attachment":[{"href":"https:\/\/lyfilter.com\/es\/wp-json\/wp\/v2\/media?parent=3927"}],"wp:term":[{"taxonomy":"product_brand","embeddable":true,"href":"https:\/\/lyfilter.com\/es\/wp-json\/wp\/v2\/product_brand?post=3927"},{"taxonomy":"product_cat","embeddable":true,"href":"https:\/\/lyfilter.com\/es\/wp-json\/wp\/v2\/product_cat?post=3927"},{"taxonomy":"product_tag","embeddable":true,"href":"https:\/\/lyfilter.com\/es\/wp-json\/wp\/v2\/product_tag?post=3927"}],"curies":[{"name":"wp","href":"https:\/\/api.w.org\/{rel}","templated":true}]}}