{"id":3920,"date":"2026-04-03T06:36:02","date_gmt":"2026-04-03T06:36:02","guid":{"rendered":"https:\/\/lyfilter.com\/"},"modified":"2026-04-03T06:36:03","modified_gmt":"2026-04-03T06:36:03","slug":"ss-single-bag-filter-housing-316-stainless-steel-filter-strainer-for-industrial-liquid-filtration","status":"publish","type":"product","link":"https:\/\/lyfilter.com\/es\/ss-single-bag-filter-housing-316-stainless-steel-filter-strainer-for-industrial-liquid-filtration\/","title":{"rendered":"SS solo filtro de bolsa Housing\/316 filtro colador de acero inoxidable para la filtraci\u00f3n de l\u00edquidos industriales"},"content":{"rendered":"<p>Construido para la filtraci\u00f3n de l\u00edquidos industriales, esta carcasa de filtro de bolsa simple SS utiliza acero inoxidable 316 para soportar un filtrado duradero, un flujo constante y un f\u00e1cil mantenimiento. Su dise\u00f1o robusto ayuda a mejorar la eficiencia y el funcionamiento diario fiable.<\/p>","protected":false},"excerpt":{"rendered":"<table>\n<thead>\n<tr>\n<th>Campo<\/th>\n<th>Valor<\/th>\n<\/tr>\n<\/thead>\n<tbody>\n<tr>\n<td>Industrias aplicables<\/td>\n<td>Planta de fabricaci\u00f3n, f\u00e1brica de alimentos y bebidas, tratamiento de aguas<\/td>\n<\/tr>\n<tr>\n<td>Lugar de origen<\/td>\n<td>Guangdong, China<\/td>\n<\/tr>\n<tr>\n<td>Marca<\/td>\n<td>Lvyuan, OEM, ODM<\/td>\n<\/tr>\n<tr>\n<td>Material<\/td>\n<td>acero inoxidable 304<\/td>\n<\/tr>\n<tr>\n<td>Peso<\/td>\n<td>personalizado<\/td>\n<\/tr>\n<tr>\n<td>Talla<\/td>\n<td>personalizado<\/td>\n<\/tr>\n<tr>\n<td>Potencia<\/td>\n<td>0<\/td>\n<\/tr>\n<tr>\n<td>Garant\u00eda<\/td>\n<td>1 a\u00f1o<\/td>\n<\/tr>\n<tr>\n<td>Servicio posventa<\/td>\n<td>Asistencia en l\u00ednea<\/td>\n<\/tr>\n<tr>\n<td>Caracter\u00edstica<\/td>\n<td>Buen sellado<\/td>\n<\/tr>\n<tr>\n<td>tama\u00f1o de la bolsa de filtro<\/td>\n<td>180*810mm<\/td>\n<\/tr>\n<tr>\n<td>Certificaci\u00f3n<\/td>\n<td>SGS<\/td>\n<\/tr>\n<tr>\n<td>Utilizaci\u00f3n<\/td>\n<td>filtraci\u00f3n de agua<\/td>\n<\/tr>\n<tr>\n<td>Aplicaci\u00f3n<\/td>\n<td>industria<\/td>\n<\/tr>\n<tr>\n<td>superficie<\/td>\n<td>pulido\/espejo<\/td>\n<\/tr>\n<tr>\n<td>Materia prima<\/td>\n<td>acero inoxidable<\/td>\n<\/tr>\n<tr>\n<td>Presi\u00f3n de trabajo<\/td>\n<td>300Psi<\/td>\n<\/tr>\n<tr>\n<td>Palabras clave<\/td>\n<td>filtro de bolsa<\/td>\n<\/tr>\n<tr>\n<td>Medio filtrante<\/td>\n<td>PP\/PE\/SS<\/td>\n<\/tr>\n<tr>\n<td>Unidades de venta<\/td>\n<td>Art\u00edculo \u00fanico<\/td>\n<\/tr>\n<tr>\n<td>Tama\u00f1o de envase individual<\/td>\n<td>150X40X45 cm<\/td>\n<\/tr>\n<tr>\n<td>Peso bruto \u00fanico<\/td>\n<td>26.000 kg<\/td>\n<\/tr>\n<tr>\n<td>Plazos de entrega<\/td>\n<td>Cantidad(Piezas): 1 - 500, Est. Tiempo(d\u00edas): 7; Cantidad(Piezas): &gt;500, Est. Tiempo(d\u00edas): A negociar<\/td>\n<\/tr>\n<\/tbody>\n<\/table>","protected":false},"featured_media":3926,"comment_status":"open","ping_status":"closed","template":"","meta":{"_gspb_post_css":""},"product_brand":[],"product_cat":[15],"product_tag":[1319,42,68,1318,1320,1136],"class_list":{"0":"post-3920","1":"product","2":"type-product","3":"status-publish","4":"has-post-thumbnail","6":"product_cat-stainless-steel-filter-housing","7":"product_tag-316-stainless-steel-filter-strainer","8":"product_tag-industrial-liquid-filtration","9":"product_tag-liquid-filter-housing","10":"product_tag-ss-single-bag-filter-housing","11":"product_tag-stainless-steel-bag-filter","12":"product_tag-water-filter-locks","14":"first","15":"instock","16":"shipping-taxable","17":"product-type-simple"},"_links":{"self":[{"href":"https:\/\/lyfilter.com\/es\/wp-json\/wp\/v2\/product\/3920","targetHints":{"allow":["GET"]}}],"collection":[{"href":"https:\/\/lyfilter.com\/es\/wp-json\/wp\/v2\/product"}],"about":[{"href":"https:\/\/lyfilter.com\/es\/wp-json\/wp\/v2\/types\/product"}],"replies":[{"embeddable":true,"href":"https:\/\/lyfilter.com\/es\/wp-json\/wp\/v2\/comments?post=3920"}],"wp:featuredmedia":[{"embeddable":true,"href":"https:\/\/lyfilter.com\/es\/wp-json\/wp\/v2\/media\/3926"}],"wp:attachment":[{"href":"https:\/\/lyfilter.com\/es\/wp-json\/wp\/v2\/media?parent=3920"}],"wp:term":[{"taxonomy":"product_brand","embeddable":true,"href":"https:\/\/lyfilter.com\/es\/wp-json\/wp\/v2\/product_brand?post=3920"},{"taxonomy":"product_cat","embeddable":true,"href":"https:\/\/lyfilter.com\/es\/wp-json\/wp\/v2\/product_cat?post=3920"},{"taxonomy":"product_tag","embeddable":true,"href":"https:\/\/lyfilter.com\/es\/wp-json\/wp\/v2\/product_tag?post=3920"}],"curies":[{"name":"wp","href":"https:\/\/api.w.org\/{rel}","templated":true}]}}