{"id":3915,"date":"2026-04-03T06:26:10","date_gmt":"2026-04-03T06:26:10","guid":{"rendered":"https:\/\/lyfilter.com\/"},"modified":"2026-05-08T01:22:03","modified_gmt":"2026-05-08T01:22:03","slug":"lvyuan-hot-sale-commercial-ro-plant-supplier-wholesale-for-industry","status":"publish","type":"product","link":"https:\/\/lyfilter.com\/es\/lvyuan-hot-sale-commercial-ro-plant-supplier-wholesale-for-industry\/","title":{"rendered":"Lvyuan Venta caliente comercial RO Planta Proveedor al por mayor para la industria"},"content":{"rendered":"<p>1.Textil, industria qu\u00edmica, agua de proceso \/ agua reciclada qu\u00edmica, productos qu\u00edmicos<\/p>\n<p>&nbsp;<\/p>\n<p>fabricaci\u00f3n purificaci\u00f3n y preparaci\u00f3n del agua ;<\/p>\n<p>&nbsp;<\/p>\n<p>2.Agua industrial para alimentos y bebidas, agua potable purificada, bebidas, cerveza,<\/p>\n<p>&nbsp;<\/p>\n<p>licores, productos para el cuidado de la salud, como purificaci\u00f3n y preparaci\u00f3n de agua;<\/p>\n<p>&nbsp;<\/p>\n<p>3.Agua de mar, islas de desalinizaci\u00f3n de agua salobre, barcos, plataformas de perforaci\u00f3n en alta mar,<\/p>\n<p>&nbsp;<\/p>\n<p>zonas de aguas salobres<\/p>\n<p>&nbsp;<\/p>\n<p>4.Comunidad m\u00e1s grande, propiedad inmobiliaria, escuelas, f\u00e1bricas, hospitales y los restaurantes,<\/p>\n<p>&nbsp;<\/p>\n<p>hoteles, salones de belleza, comedores y otros tipos de empresas e instituciones.<\/p>\n<p>&nbsp;<\/p>\n<p>5.Circuitos integrados, obleas de silicio, tubos de visualizaci\u00f3n y otros componentes electr\u00f3nicos de<\/p>\n<p>&nbsp;<\/p>\n<p>agua industrial electr\u00f3nica agua de enjuague<\/p>\n<p>&nbsp;<\/p>\n<p>6.Puede ser utilizado para el llenado de agua embotellada de agua, agua mineral y otros trabajos de preparaci\u00f3n<\/p>\n<p>&nbsp;<\/p>","protected":false},"excerpt":{"rendered":"<table>\n<thead>\n<tr>\n<th>Campo<\/th>\n<th>Valor<\/th>\n<\/tr>\n<\/thead>\n<tbody>\n<tr>\n<td>Industrias aplicables<\/td>\n<td>Granjas, obras de construcci\u00f3n, tiendas de alimentaci\u00f3n y bebidas<\/td>\n<\/tr>\n<tr>\n<td>Servicio post garant\u00eda<\/td>\n<td>Asistencia en l\u00ednea<\/td>\n<\/tr>\n<tr>\n<td>Ubicaci\u00f3n del servicio local<\/td>\n<td>ninguno<\/td>\n<\/tr>\n<tr>\n<td>Ubicaci\u00f3n de la sala de exposiciones<\/td>\n<td>ninguno<\/td>\n<\/tr>\n<tr>\n<td>V\u00eddeo de la inspecci\u00f3n de salida<\/td>\n<td>Proporcionado<\/td>\n<\/tr>\n<tr>\n<td>Informe de ensayo de maquinaria<\/td>\n<td>No disponible<\/td>\n<\/tr>\n<tr>\n<td>Tipo de comercializaci\u00f3n<\/td>\n<td>Producto ordinario<\/td>\n<\/tr>\n<tr>\n<td>Garant\u00eda de los componentes principales<\/td>\n<td>1 a\u00f1o<\/td>\n<\/tr>\n<tr>\n<td>Componentes b\u00e1sicos<\/td>\n<td>Recipiente a presi\u00f3n, Bomba, Motor<\/td>\n<\/tr>\n<tr>\n<td>Lugar de origen<\/td>\n<td>Guangdong, China<\/td>\n<\/tr>\n<tr>\n<td>Marca<\/td>\n<td>Guangzhou Lvyuan<\/td>\n<\/tr>\n<tr>\n<td>Garant\u00eda<\/td>\n<td>1 a\u00f1o<\/td>\n<\/tr>\n<tr>\n<td>Servicio posventa<\/td>\n<td>Asistencia en l\u00ednea<\/td>\n<\/tr>\n<tr>\n<td>Tema 1<\/td>\n<td>sistema de tratamiento de agua de mar<\/td>\n<\/tr>\n<tr>\n<td>Tema 2<\/td>\n<td>V\u00e1lvula de control autom\u00e1tica o manual<\/td>\n<\/tr>\n<tr>\n<td>Tema 3<\/td>\n<td>Tanque de FRP o acero inoxidable<\/td>\n<\/tr>\n<tr>\n<td>Tema 4<\/td>\n<td>Membrana de \u00f3smosis inversa de buena calidad<\/td>\n<\/tr>\n<tr>\n<td>Tema 5<\/td>\n<td>Caudal 1000LPH<\/td>\n<\/tr>\n<tr>\n<td>Tema 6<\/td>\n<td>planta potabilizadora<\/td>\n<\/tr>\n<tr>\n<td>Tema 7<\/td>\n<td>L\u00e1mpara UV<\/td>\n<\/tr>\n<tr>\n<td>Tema 8<\/td>\n<td>Sistema EDI<\/td>\n<\/tr>\n<tr>\n<td>Tema 9<\/td>\n<td>Material de los tubos: acero inoxidable<\/td>\n<\/tr>\n<tr>\n<td>paquete<\/td>\n<td>caja de madera o marco de madera<\/td>\n<\/tr>\n<tr>\n<td>Capacidad de suministro<\/td>\n<td>5 piezas\/piezas al mes<\/td>\n<\/tr>\n<\/tbody>\n<\/table>","protected":false},"featured_media":3916,"comment_status":"open","ping_status":"closed","template":"","meta":{"_gspb_post_css":""},"product_brand":[],"product_cat":[15],"product_tag":[1312,1310,1309,1313,1136,1311],"class_list":{"0":"post-3915","1":"product","2":"type-product","3":"status-publish","4":"has-post-thumbnail","6":"product_cat-stainless-steel-filter-housing","7":"product_tag-commercial-water-purification-plant","8":"product_tag-industrial-ro-water-system","9":"product_tag-lvyuan-commercial-ro-plant","10":"product_tag-reverse-osmosis-treatment-system","11":"product_tag-water-filter-locks","12":"product_tag-wholesale-ro-plant-supplier","14":"first","15":"instock","16":"shipping-taxable","17":"product-type-simple"},"_links":{"self":[{"href":"https:\/\/lyfilter.com\/es\/wp-json\/wp\/v2\/product\/3915","targetHints":{"allow":["GET"]}}],"collection":[{"href":"https:\/\/lyfilter.com\/es\/wp-json\/wp\/v2\/product"}],"about":[{"href":"https:\/\/lyfilter.com\/es\/wp-json\/wp\/v2\/types\/product"}],"replies":[{"embeddable":true,"href":"https:\/\/lyfilter.com\/es\/wp-json\/wp\/v2\/comments?post=3915"}],"wp:featuredmedia":[{"embeddable":true,"href":"https:\/\/lyfilter.com\/es\/wp-json\/wp\/v2\/media\/3916"}],"wp:attachment":[{"href":"https:\/\/lyfilter.com\/es\/wp-json\/wp\/v2\/media?parent=3915"}],"wp:term":[{"taxonomy":"product_brand","embeddable":true,"href":"https:\/\/lyfilter.com\/es\/wp-json\/wp\/v2\/product_brand?post=3915"},{"taxonomy":"product_cat","embeddable":true,"href":"https:\/\/lyfilter.com\/es\/wp-json\/wp\/v2\/product_cat?post=3915"},{"taxonomy":"product_tag","embeddable":true,"href":"https:\/\/lyfilter.com\/es\/wp-json\/wp\/v2\/product_tag?post=3915"}],"curies":[{"name":"wp","href":"https:\/\/api.w.org\/{rel}","templated":true}]}}