{"id":3906,"date":"2026-04-03T06:23:32","date_gmt":"2026-04-03T06:23:32","guid":{"rendered":"https:\/\/lyfilter.com\/"},"modified":"2026-04-03T06:23:32","modified_gmt":"2026-04-03T06:23:32","slug":"lvyuan-filter-high-flow-filter-cartridges-highly-rated-for-industry","status":"publish","type":"product","link":"https:\/\/lyfilter.com\/es\/lvyuan-filter-high-flow-filter-cartridges-highly-rated-for-industry\/","title":{"rendered":"Lvyuan filtro de alto flujo de cartuchos de filtro de alta calificaci\u00f3n para la industria"},"content":{"rendered":"<p>Construidos para la filtraci\u00f3n industrial, estos cartuchos filtrantes Lvyuan de alto caudal manejan grandes vol\u00famenes con un caudal constante y una gran capacidad de retenci\u00f3n de suciedad. Su dise\u00f1o duradero ayuda a reducir los cambios, mejorar la eficiencia y mantener los sistemas funcionando sin problemas.<\/p>","protected":false},"excerpt":{"rendered":"<table>\n<thead>\n<tr>\n<th>Campo<\/th>\n<th>Valor<\/th>\n<\/tr>\n<\/thead>\n<tbody>\n<tr>\n<td>Industrias aplicables<\/td>\n<td>Planta de fabricaci\u00f3n, f\u00e1brica de alimentos y bebidas, tratamiento de aguas<\/td>\n<\/tr>\n<tr>\n<td>Lugar de origen<\/td>\n<td>Guangdong, China<\/td>\n<\/tr>\n<tr>\n<td>Marca<\/td>\n<td>Lvyuan, OEM, ODM<\/td>\n<\/tr>\n<tr>\n<td>Material<\/td>\n<td>pp fundido soplado, pp plisado<\/td>\n<\/tr>\n<tr>\n<td>Peso<\/td>\n<td>personalizado<\/td>\n<\/tr>\n<tr>\n<td>Talla<\/td>\n<td>personalizado<\/td>\n<\/tr>\n<tr>\n<td>Garant\u00eda<\/td>\n<td>No disponible<\/td>\n<\/tr>\n<tr>\n<td>Caracter\u00edstica<\/td>\n<td>aumento de la superficie de filtraci\u00f3n<\/td>\n<\/tr>\n<tr>\n<td>longitud<\/td>\n<td>20 pulgadas \/ 40 pulgadas \/ 60 pulgadas<\/td>\n<\/tr>\n<tr>\n<td>Certificaci\u00f3n<\/td>\n<td>SGS<\/td>\n<\/tr>\n<tr>\n<td>Forma<\/td>\n<td>cilindro<\/td>\n<\/tr>\n<tr>\n<td>Utilizaci\u00f3n<\/td>\n<td>tratamiento del agua<\/td>\n<\/tr>\n<tr>\n<td>Aplicaci\u00f3n<\/td>\n<td>industria<\/td>\n<\/tr>\n<tr>\n<td>Color<\/td>\n<td>blanco<\/td>\n<\/tr>\n<tr>\n<td>Embalaje<\/td>\n<td>caja de papel<\/td>\n<\/tr>\n<tr>\n<td>Otro nombre<\/td>\n<td>cartucho filtrante plegable<\/td>\n<\/tr>\n<tr>\n<td>Medio filtrante<\/td>\n<td>PP \/ pp fundido soplado \/ fibra de vidrio<\/td>\n<\/tr>\n<tr>\n<td>Servicio posventa<\/td>\n<td>Asistencia en l\u00ednea<\/td>\n<\/tr>\n<tr>\n<td>Capacidad de suministro<\/td>\n<td>5000 Piezas\/Pieza por mes<\/td>\n<\/tr>\n<\/tbody>\n<\/table>","protected":false},"featured_media":3914,"comment_status":"open","ping_status":"closed","template":"","meta":{"_gspb_post_css":""},"product_brand":[],"product_cat":[20],"product_tag":[1308,1306,1307,1305,1136,878],"class_list":{"0":"post-3906","1":"product","2":"type-product","3":"status-publish","4":"has-post-thumbnail","6":"product_cat-high-flow-filter-cartridge","7":"product_tag-high-flow-filtration-system","8":"product_tag-industrial-high-flow-filter","9":"product_tag-large-capacity-filter-cartridge","10":"product_tag-lvyuan-high-flow-filter-cartridges","11":"product_tag-water-filter-locks","12":"product_tag-water-treatment-filter-cartridge","14":"first","15":"instock","16":"shipping-taxable","17":"product-type-simple"},"_links":{"self":[{"href":"https:\/\/lyfilter.com\/es\/wp-json\/wp\/v2\/product\/3906","targetHints":{"allow":["GET"]}}],"collection":[{"href":"https:\/\/lyfilter.com\/es\/wp-json\/wp\/v2\/product"}],"about":[{"href":"https:\/\/lyfilter.com\/es\/wp-json\/wp\/v2\/types\/product"}],"replies":[{"embeddable":true,"href":"https:\/\/lyfilter.com\/es\/wp-json\/wp\/v2\/comments?post=3906"}],"wp:featuredmedia":[{"embeddable":true,"href":"https:\/\/lyfilter.com\/es\/wp-json\/wp\/v2\/media\/3914"}],"wp:attachment":[{"href":"https:\/\/lyfilter.com\/es\/wp-json\/wp\/v2\/media?parent=3906"}],"wp:term":[{"taxonomy":"product_brand","embeddable":true,"href":"https:\/\/lyfilter.com\/es\/wp-json\/wp\/v2\/product_brand?post=3906"},{"taxonomy":"product_cat","embeddable":true,"href":"https:\/\/lyfilter.com\/es\/wp-json\/wp\/v2\/product_cat?post=3906"},{"taxonomy":"product_tag","embeddable":true,"href":"https:\/\/lyfilter.com\/es\/wp-json\/wp\/v2\/product_tag?post=3906"}],"curies":[{"name":"wp","href":"https:\/\/api.w.org\/{rel}","templated":true}]}}