{"id":3899,"date":"2026-04-03T06:18:26","date_gmt":"2026-04-03T06:18:26","guid":{"rendered":"https:\/\/lyfilter.com\/"},"modified":"2026-05-08T01:25:10","modified_gmt":"2026-05-08T01:25:10","slug":"sanitary-filter-housing-stainless-for-industry-iso-9001-with-good-price","status":"publish","type":"product","link":"https:\/\/lyfilter.com\/es\/sanitary-filter-housing-stainless-for-industry-iso-9001-with-good-price\/","title":{"rendered":"Carcasa de filtro sanitario de acero inoxidable para la Industria ISO 9001 con buen precio"},"content":{"rendered":"<p><b>Detalles de la carcasa del filtro sanitario de acero inoxidable<\/b><\/p>\n<p>&nbsp;<\/p>\n<p><b>Especificaci\u00f3n del producto<\/b><\/p>\n<p>Material: Acero inoxidable<\/p>\n<p>&nbsp;<\/p>\n<p><b>Presentaci\u00f3n del producto<\/b><\/p>\n<p><a href=\"https:\/\/lyfilter.com\/es\/\">Filtro Lvyuan<\/a>\u00a0carcasa del filtro sanitario de acero inoxidable es fabricado por los \u00faltimos materiales, ya que siempre mantener un seguimiento de los \u00faltimos avances tecnol\u00f3gicos. De acuerdo con la adquisici\u00f3n de los clientes, nuestros t\u00e9cnicos han mejorado con \u00e9xito la carcasa del filtro sanitario de acero inoxidable. Con excelente calidad y buena reputaci\u00f3n, la escala de producci\u00f3n de Guangzhou Lvyuan Water Purification Equipment Co., Ltd. se est\u00e1 expandiendo.<\/p>\n<p><strong>Filtro de acero inoxidable de alta presi\u00f3n Filtro de gas<\/strong><\/p>\n<p>El filtro de alta presi\u00f3n se utiliza para filtrar impurezas s\u00f3lidas y l\u00edquidas en aire comprimido a alta presi\u00f3n Los filtros de alta presi\u00f3n son adecuados para filtrar impurezas s\u00f3lidas y l\u00edquidas en aire comprimido a alta presi\u00f3n. El filtro de alta presi\u00f3n de aleaci\u00f3n de aluminio puede manejar hasta 50barg de aire comprimido, y el filtro de alta presi\u00f3n de acero inoxidable puede manejar hasta 350barg de aire comprimido.<\/p>","protected":false},"excerpt":{"rendered":"<table>\n<thead>\n<tr>\n<th>Campo<\/th>\n<th>Valor<\/th>\n<\/tr>\n<\/thead>\n<tbody>\n<tr>\n<td>Condici\u00f3n<\/td>\n<td>Nuevo<\/td>\n<\/tr>\n<tr>\n<td>Industrias aplicables<\/td>\n<td>Hoteles, tiendas de ropa, tiendas de materiales de construcci\u00f3n, plantas de fabricaci\u00f3n, talleres de reparaci\u00f3n de maquinaria, f\u00e1bricas de alimentos y bebidas, granjas, restaurantes, uso dom\u00e9stico, comercio minorista, tiendas de alimentaci\u00f3n, imprentas, obras de construcci\u00f3n, energ\u00eda y miner\u00eda, tiendas de alimentos y bebidas<\/td>\n<\/tr>\n<tr>\n<td>Servicio post garant\u00eda<\/td>\n<td>Asistencia en l\u00ednea<\/td>\n<\/tr>\n<tr>\n<td>Ubicaci\u00f3n del servicio local<\/td>\n<td>ninguno<\/td>\n<\/tr>\n<tr>\n<td>Ubicaci\u00f3n de la sala de exposiciones<\/td>\n<td>ninguno<\/td>\n<\/tr>\n<tr>\n<td>V\u00eddeo de la inspecci\u00f3n de salida<\/td>\n<td>Proporcionado<\/td>\n<\/tr>\n<tr>\n<td>Informe de ensayo de maquinaria<\/td>\n<td>Proporcionado<\/td>\n<\/tr>\n<tr>\n<td>Tipo de comercializaci\u00f3n<\/td>\n<td>Producto ordinario<\/td>\n<\/tr>\n<tr>\n<td>Garant\u00eda de los componentes principales<\/td>\n<td>1 a\u00f1o<\/td>\n<\/tr>\n<tr>\n<td>Componentes b\u00e1sicos<\/td>\n<td>Recipiente a presi\u00f3n<\/td>\n<\/tr>\n<tr>\n<td>Lugar de origen<\/td>\n<td>Guangdong, China<\/td>\n<\/tr>\n<tr>\n<td>Marca<\/td>\n<td>Lvyuan\/OEM<\/td>\n<\/tr>\n<tr>\n<td>Garant\u00eda<\/td>\n<td>1 a\u00f1o<\/td>\n<\/tr>\n<tr>\n<td>Servicio posventa<\/td>\n<td>Asistencia en l\u00ednea<\/td>\n<\/tr>\n<tr>\n<td>Nombre del producto<\/td>\n<td>Filtro de 0,22 micras<\/td>\n<\/tr>\n<tr>\n<td>Tasa de micras<\/td>\n<td>0,1 a 300 micras<\/td>\n<\/tr>\n<tr>\n<td>Dimensi\u00f3n OEM<\/td>\n<td>Disponible<\/td>\n<\/tr>\n<tr>\n<td>Longitud<\/td>\n<td>5\u2033, 10\u2033, 20\u2033, 30\u2033, 40\u2033, 50\u201d, 60\u201d pulgadas<\/td>\n<\/tr>\n<tr>\n<td>Acero inoxidable Material<\/td>\n<td>304, 316, 316L<\/td>\n<\/tr>\n<tr>\n<td>Formulario de interfaz<\/td>\n<td>Interfaz de rosca 222, 226, 215, M36, M24, M22, M20<\/td>\n<\/tr>\n<tr>\n<td>Capa<\/td>\n<td>filtro de cartucho de malla\/plisado<\/td>\n<\/tr>\n<tr>\n<td>Utilizaci\u00f3n<\/td>\n<td>filtraci\u00f3n de gases y l\u00edquidos<\/td>\n<\/tr>\n<tr>\n<td>Resistencia al calor<\/td>\n<td>-200 - 500 grados<\/td>\n<\/tr>\n<tr>\n<td>Presi\u00f3n de trabajo<\/td>\n<td>0,1 a 30Mpa<\/td>\n<\/tr>\n<tr>\n<td>Capacidad de suministro<\/td>\n<td>5000 Piezas\/Piezas por D\u00eda cartucho de filtro de aceite<\/td>\n<\/tr>\n<tr>\n<td>Puerto de inicio<\/td>\n<td>Guangzhou<\/td>\n<\/tr>\n<tr>\n<td>Pago<\/td>\n<td>T\/T, Alibaba Trade Assurance, paypal<\/td>\n<\/tr>\n<tr>\n<td>Certificaci\u00f3n<\/td>\n<td>ISO 9001<\/td>\n<\/tr>\n<tr>\n<td>Marca<\/td>\n<td>OEM\/Lvyuan<\/td>\n<\/tr>\n<\/tbody>\n<\/table>","protected":false},"featured_media":3903,"comment_status":"open","ping_status":"closed","template":"","meta":{"_gspb_post_css":""},"product_brand":[],"product_cat":[15],"product_tag":[1289,1084,1303,1302,34,1136],"class_list":{"0":"post-3899","1":"product","2":"type-product","3":"status-publish","4":"has-post-thumbnail","6":"product_cat-stainless-steel-filter-housing","7":"product_tag-hygienic-filtration-housing","8":"product_tag-industrial-filter-housing","9":"product_tag-iso-9001-filter-housing","10":"product_tag-sanitary-stainless-filter-housing","11":"product_tag-stainless-steel-filter-housing","12":"product_tag-water-filter-locks","14":"first","15":"instock","16":"shipping-taxable","17":"product-type-simple"},"_links":{"self":[{"href":"https:\/\/lyfilter.com\/es\/wp-json\/wp\/v2\/product\/3899","targetHints":{"allow":["GET"]}}],"collection":[{"href":"https:\/\/lyfilter.com\/es\/wp-json\/wp\/v2\/product"}],"about":[{"href":"https:\/\/lyfilter.com\/es\/wp-json\/wp\/v2\/types\/product"}],"replies":[{"embeddable":true,"href":"https:\/\/lyfilter.com\/es\/wp-json\/wp\/v2\/comments?post=3899"}],"wp:featuredmedia":[{"embeddable":true,"href":"https:\/\/lyfilter.com\/es\/wp-json\/wp\/v2\/media\/3903"}],"wp:attachment":[{"href":"https:\/\/lyfilter.com\/es\/wp-json\/wp\/v2\/media?parent=3899"}],"wp:term":[{"taxonomy":"product_brand","embeddable":true,"href":"https:\/\/lyfilter.com\/es\/wp-json\/wp\/v2\/product_brand?post=3899"},{"taxonomy":"product_cat","embeddable":true,"href":"https:\/\/lyfilter.com\/es\/wp-json\/wp\/v2\/product_cat?post=3899"},{"taxonomy":"product_tag","embeddable":true,"href":"https:\/\/lyfilter.com\/es\/wp-json\/wp\/v2\/product_tag?post=3899"}],"curies":[{"name":"wp","href":"https:\/\/api.w.org\/{rel}","templated":true}]}}