{"id":3892,"date":"2026-04-03T06:15:10","date_gmt":"2026-04-03T06:15:10","guid":{"rendered":"https:\/\/lyfilter.com\/"},"modified":"2026-04-03T06:15:10","modified_gmt":"2026-04-03T06:15:10","slug":"doe-m30-m20-washable-sintering-stainless-steel-sus-316l-metal-powder-0-22-micron-filter-cartridge-for-oil-filtration-system","status":"publish","type":"product","link":"https:\/\/lyfilter.com\/es\/doe-m30-m20-washable-sintering-stainless-steel-sus-316l-metal-powder-0-22-micron-filter-cartridge-for-oil-filtration-system\/","title":{"rendered":"DOE M30 M20 Lavable Sinterizaci\u00f3n de acero inoxidable Sus 316L Polvo de metal 0,22 micras Cartucho de filtro para el sistema de filtraci\u00f3n de aceite"},"content":{"rendered":"<p>Fabricado para la filtraci\u00f3n, este cartucho DOE M30 M20 utiliza polvo met\u00e1lico de acero inoxidable SUS 316L sinterizado lavable y una precisi\u00f3n de 0,22 micras para favorecer un flujo suave, durabilidad y un rendimiento fiable a largo plazo en sistemas exigentes.<\/p>","protected":false},"excerpt":{"rendered":"<table>\n<thead>\n<tr>\n<th>Campo<\/th>\n<th>Valor<\/th>\n<\/tr>\n<\/thead>\n<tbody>\n<tr>\n<td>Condici\u00f3n<\/td>\n<td>Nuevo<\/td>\n<\/tr>\n<tr>\n<td>Industrias aplicables<\/td>\n<td>Hoteles, tiendas de ropa, tiendas de materiales de construcci\u00f3n, plantas de fabricaci\u00f3n, talleres de reparaci\u00f3n de maquinaria, f\u00e1bricas de alimentos y bebidas, granjas, restaurantes, uso dom\u00e9stico, comercio minorista, tiendas de alimentaci\u00f3n, imprentas, obras de construcci\u00f3n, energ\u00eda y miner\u00eda, tiendas de alimentos y bebidas<\/td>\n<\/tr>\n<tr>\n<td>Servicio post garant\u00eda<\/td>\n<td>Asistencia en l\u00ednea<\/td>\n<\/tr>\n<tr>\n<td>Ubicaci\u00f3n del servicio local<\/td>\n<td>ninguno<\/td>\n<\/tr>\n<tr>\n<td>Ubicaci\u00f3n de la sala de exposiciones<\/td>\n<td>ninguno<\/td>\n<\/tr>\n<tr>\n<td>V\u00eddeo de la inspecci\u00f3n de salida<\/td>\n<td>Proporcionado<\/td>\n<\/tr>\n<tr>\n<td>Informe de ensayo de maquinaria<\/td>\n<td>Proporcionado<\/td>\n<\/tr>\n<tr>\n<td>Tipo de comercializaci\u00f3n<\/td>\n<td>Producto ordinario<\/td>\n<\/tr>\n<tr>\n<td>Garant\u00eda de los componentes principales<\/td>\n<td>1 a\u00f1o<\/td>\n<\/tr>\n<tr>\n<td>Componentes b\u00e1sicos<\/td>\n<td>Recipiente a presi\u00f3n<\/td>\n<\/tr>\n<tr>\n<td>Lugar de origen<\/td>\n<td>Guangdong, China<\/td>\n<\/tr>\n<tr>\n<td>Marca<\/td>\n<td>Lvyuan\/OEM<\/td>\n<\/tr>\n<tr>\n<td>Garant\u00eda<\/td>\n<td>1 a\u00f1o<\/td>\n<\/tr>\n<tr>\n<td>Servicio posventa<\/td>\n<td>Asistencia en l\u00ednea<\/td>\n<\/tr>\n<tr>\n<td>Nombre del producto<\/td>\n<td>Filtro de 0,22 micras<\/td>\n<\/tr>\n<tr>\n<td>Tasa de micras<\/td>\n<td>0,1 a 300 micras<\/td>\n<\/tr>\n<tr>\n<td>Dimensi\u00f3n OEM<\/td>\n<td>Disponible<\/td>\n<\/tr>\n<tr>\n<td>Longitud<\/td>\n<td>5\u2033, 10\u2033, 20\u2033, 30\u2033, 40\u2033, 50\u201d, 60\u201d pulgadas<\/td>\n<\/tr>\n<tr>\n<td>Acero inoxidable Material<\/td>\n<td>304, 316, 316L<\/td>\n<\/tr>\n<tr>\n<td>Formulario de interfaz<\/td>\n<td>Interfaz de rosca 222, 226, 215, M36, M24, M22, M20<\/td>\n<\/tr>\n<tr>\n<td>Capa<\/td>\n<td>filtro de cartucho de malla\/plisado<\/td>\n<\/tr>\n<tr>\n<td>Utilizaci\u00f3n<\/td>\n<td>filtraci\u00f3n de gases y l\u00edquidos<\/td>\n<\/tr>\n<tr>\n<td>Resistencia al calor<\/td>\n<td>-200 - 500 grados<\/td>\n<\/tr>\n<tr>\n<td>Presi\u00f3n de trabajo<\/td>\n<td>0,1 a 30Mpa<\/td>\n<\/tr>\n<tr>\n<td>Capacidad de suministro<\/td>\n<td>5000 Piezas\/Piezas por D\u00eda cartucho de filtro de aceite<\/td>\n<\/tr>\n<\/tbody>\n<\/table>","protected":false},"featured_media":3893,"comment_status":"open","ping_status":"closed","template":"","meta":{"_gspb_post_css":""},"product_brand":[],"product_cat":[18],"product_tag":[1299,1297,1301,1298,1300,1136],"class_list":{"0":"post-3892","1":"product","2":"type-product","3":"status-publish","4":"has-post-thumbnail","6":"product_cat-sintered-metal-filters","7":"product_tag-0-22-micron-oil-filter","8":"product_tag-doe-m30-m20-filter-cartridge","9":"product_tag-stainless-steel-oil-filtration-filter","10":"product_tag-sus-316l-metal-powder-filter","11":"product_tag-washable-sintered-filter-cartridge","12":"product_tag-water-filter-locks","14":"first","15":"instock","16":"shipping-taxable","17":"product-type-simple"},"_links":{"self":[{"href":"https:\/\/lyfilter.com\/es\/wp-json\/wp\/v2\/product\/3892","targetHints":{"allow":["GET"]}}],"collection":[{"href":"https:\/\/lyfilter.com\/es\/wp-json\/wp\/v2\/product"}],"about":[{"href":"https:\/\/lyfilter.com\/es\/wp-json\/wp\/v2\/types\/product"}],"replies":[{"embeddable":true,"href":"https:\/\/lyfilter.com\/es\/wp-json\/wp\/v2\/comments?post=3892"}],"wp:featuredmedia":[{"embeddable":true,"href":"https:\/\/lyfilter.com\/es\/wp-json\/wp\/v2\/media\/3893"}],"wp:attachment":[{"href":"https:\/\/lyfilter.com\/es\/wp-json\/wp\/v2\/media?parent=3892"}],"wp:term":[{"taxonomy":"product_brand","embeddable":true,"href":"https:\/\/lyfilter.com\/es\/wp-json\/wp\/v2\/product_brand?post=3892"},{"taxonomy":"product_cat","embeddable":true,"href":"https:\/\/lyfilter.com\/es\/wp-json\/wp\/v2\/product_cat?post=3892"},{"taxonomy":"product_tag","embeddable":true,"href":"https:\/\/lyfilter.com\/es\/wp-json\/wp\/v2\/product_tag?post=3892"}],"curies":[{"name":"wp","href":"https:\/\/api.w.org\/{rel}","templated":true}]}}