{"id":3882,"date":"2026-04-03T06:03:47","date_gmt":"2026-04-03T06:03:47","guid":{"rendered":"https:\/\/lyfilter.com\/"},"modified":"2026-04-03T06:03:47","modified_gmt":"2026-04-03T06:03:47","slug":"lvyuan-filter-activated-carbon-block-filter-made-in-china-for-sea-water","status":"publish","type":"product","link":"https:\/\/lyfilter.com\/es\/lvyuan-filter-activated-carbon-block-filter-made-in-china-for-sea-water\/","title":{"rendered":"Lvyuan filtro de carb\u00f3n activado bloque de filtro hecho en China para el agua de mar"},"content":{"rendered":"<p><b>Ventajas de la empresa<\/b><br \/>\n<b>1.<\/b>\u00a0<a href=\"https:\/\/lyfilter.com\/es\/\">Filtro Lvyuan<\/a>\u00a0est\u00e1 fabricada con materiales de buena calidad y elaborada con esmero por obreros cualificados. Ha encontrado una variedad de aplicaciones que van desde la industria, procesos qu\u00edmicos, alimentos y bebidas, cosm\u00e9ticos y agua.<br \/>\n<b>2.<\/b> Lvyuan La producci\u00f3n estandarizada se lleva a cabo en estricta conformidad con las normas nacionales, y se ha establecido un completo sistema de control de calidad para llevar a cabo una estricta supervisi\u00f3n de la calidad y pruebas en todos los eslabones importantes de la producci\u00f3n de productos para garantizar que el filtro de bloque de carb\u00f3n activado final que sale de la f\u00e1brica son todos los productos de alta calidad que cumplen con las normas nacionales Productos accesorios.<br \/>\n<b>3.<\/b>\u00a0El producto tiene la ventaja de la resistencia al envejecimiento. Los problemas de envejecimiento por oxidaci\u00f3n t\u00e9rmica se han resuelto mediante la adopci\u00f3n de diversos modificadores y agentes de proceso de conformaci\u00f3n. Puede proporcionar an\u00e1lisis y resultados precisos para aplicaciones sensibles de cromatograf\u00eda i\u00f3nica.<\/p>\n<div class=\"pro_aliData\">\n<div class=\"detail-box\">\n<div class=\"scc-wrapper detail-module module-cspu\" data-module=\"cspu\"><\/div>\n<div class=\"scc-wrapper detail-module module-productPackagingAndQuickDetail\" data-spm=\"prilinga1e\">\n<div class=\"widget-detail-overview\">\n<div class=\"do-title\">Visi\u00f3n general<\/div>\n<div id=\"car-parts-model\"><\/div>\n<div class=\"do-content\">\n<div class=\"do-overview\">\n<div class=\"do-entry do-entry-separate\">\n<div class=\"do-entry-title\">Detalles r\u00e1pidos<\/div>\n<div class=\"do-entry-list\">\n<dl id=\"224439040\" class=\"do-entry-item\">\n<dt class=\"do-entry-item\"><span class=\"attr-name J-attr-name\" title=\"Industrias aplicables\">Industrias aplicables:<\/span><\/dt>\n<dd class=\"do-entry-item-val\">\n<div class=\"ellipsis\" title=\"Hoteles, tiendas de ropa, tiendas de materiales de construcci\u00f3n, plantas de fabricaci\u00f3n, talleres de reparaci\u00f3n de maquinaria, f\u00e1bricas de alimentos y bebidas, granjas, restaurantes, uso dom\u00e9stico, comercio minorista, tiendas de alimentaci\u00f3n, imprentas, obras de construcci\u00f3n, energ\u00eda y miner\u00eda, tiendas de alimentos y bebidas, empresas de publicidad.\">Hoteles, tiendas de ropa, tiendas de materiales de construcci\u00f3n, plantas de fabricaci\u00f3n, talleres de reparaci\u00f3n de maquinaria, f\u00e1bricas de alimentos y bebidas, granjas, restaurantes, uso dom\u00e9stico, comercio minorista, tiendas de alimentaci\u00f3n, imprentas, obras de construcci\u00f3n, energ\u00eda y miner\u00eda, tiendas de alimentos y bebidas, empresas de publicidad.<\/div>\n<\/dd>\n<\/dl>\n<\/div>\n<\/div>\n<\/div>\n<\/div>\n<\/div>\n<\/div>\n<\/div>\n<\/div>","protected":false},"excerpt":{"rendered":"<table>\n<thead>\n<tr>\n<th>Lugar de origen<\/th>\n<th>Guangdong, China<\/th>\n<\/tr>\n<\/thead>\n<tbody>\n<tr>\n<td>Marca<\/td>\n<td>LVYUAN\/OEM<\/td>\n<\/tr>\n<tr>\n<td>Material<\/td>\n<td>SINTERIZADO, carb\u00f3n activado de coco sinterizado<\/td>\n<\/tr>\n<tr>\n<td>Peso<\/td>\n<td>OEM<\/td>\n<\/tr>\n<tr>\n<td>Talla<\/td>\n<td>OEM<\/td>\n<\/tr>\n<tr>\n<td>Potencia<\/td>\n<td>0<\/td>\n<\/tr>\n<tr>\n<td>Garant\u00eda<\/td>\n<td>No disponible<\/td>\n<\/tr>\n<tr>\n<td>Nombre del producto<\/td>\n<td>Mejor precio ompressed sinterizaci\u00f3n 5 micras de carbono cartucho de filtro de agua<\/td>\n<\/tr>\n<tr>\n<td>Certificaci\u00f3n<\/td>\n<td>SGS<\/td>\n<\/tr>\n<tr>\n<td>Longitud<\/td>\n<td>10-1050 mm<\/td>\n<\/tr>\n<tr>\n<td>OD<\/td>\n<td>14-121 mm<\/td>\n<\/tr>\n<tr>\n<td>ID<\/td>\n<td>6-50 mm<\/td>\n<\/tr>\n<tr>\n<td>Tasa de micra<\/td>\n<td>0,5-20um<\/td>\n<\/tr>\n<tr>\n<td>Valor de yodo<\/td>\n<td>hasta 1000<\/td>\n<\/tr>\n<tr>\n<td>Caudal<\/td>\n<td>\u2264300L\/h<\/td>\n<\/tr>\n<tr>\n<td>Servicio posventa<\/td>\n<td>Asistencia en l\u00ednea<\/td>\n<\/tr>\n<tr>\n<td>Unidades de venta<\/td>\n<td>Art\u00edculo \u00fanico<\/td>\n<\/tr>\n<tr>\n<td>Tama\u00f1o de envase individual<\/td>\n<td>30X5X5 cm<\/td>\n<\/tr>\n<tr>\n<td>Peso bruto \u00fanico<\/td>\n<td>2.000 kg<\/td>\n<\/tr>\n<tr>\n<td>Tipo de envase<\/td>\n<td>53x33x33cm, 64x33x33cm<\/td>\n<\/tr>\n<tr>\n<td>Plazos de entrega<\/td>\n<td>1 - 100 piezas: 3 d\u00edas; 101 - 500 piezas: 5 d\u00edas; 501 - 1000 piezas: 7 d\u00edas; &gt;1000 piezas: A negociar<\/td>\n<\/tr>\n<\/tbody>\n<\/table>","protected":false},"featured_media":3883,"comment_status":"open","ping_status":"closed","template":"","meta":{"_gspb_post_css":""},"product_brand":[],"product_cat":[17],"product_tag":[1292,1294,1295,1291,1293,1136],"class_list":{"0":"post-3882","1":"product","2":"type-product","3":"status-publish","4":"has-post-thumbnail","6":"product_cat-sediment-filter","7":"product_tag-activated-carbon-water-filter","8":"product_tag-china-made-water-filter","9":"product_tag-desalination-filter-element","10":"product_tag-lvyuan-carbon-block-filter","11":"product_tag-sea-water-filter-cartridge","12":"product_tag-water-filter-locks","14":"first","15":"instock","16":"shipping-taxable","17":"product-type-simple"},"_links":{"self":[{"href":"https:\/\/lyfilter.com\/es\/wp-json\/wp\/v2\/product\/3882","targetHints":{"allow":["GET"]}}],"collection":[{"href":"https:\/\/lyfilter.com\/es\/wp-json\/wp\/v2\/product"}],"about":[{"href":"https:\/\/lyfilter.com\/es\/wp-json\/wp\/v2\/types\/product"}],"replies":[{"embeddable":true,"href":"https:\/\/lyfilter.com\/es\/wp-json\/wp\/v2\/comments?post=3882"}],"wp:featuredmedia":[{"embeddable":true,"href":"https:\/\/lyfilter.com\/es\/wp-json\/wp\/v2\/media\/3883"}],"wp:attachment":[{"href":"https:\/\/lyfilter.com\/es\/wp-json\/wp\/v2\/media?parent=3882"}],"wp:term":[{"taxonomy":"product_brand","embeddable":true,"href":"https:\/\/lyfilter.com\/es\/wp-json\/wp\/v2\/product_brand?post=3882"},{"taxonomy":"product_cat","embeddable":true,"href":"https:\/\/lyfilter.com\/es\/wp-json\/wp\/v2\/product_cat?post=3882"},{"taxonomy":"product_tag","embeddable":true,"href":"https:\/\/lyfilter.com\/es\/wp-json\/wp\/v2\/product_tag?post=3882"}],"curies":[{"name":"wp","href":"https:\/\/api.w.org\/{rel}","templated":true}]}}