{"id":3875,"date":"2026-04-03T05:59:25","date_gmt":"2026-04-03T05:59:25","guid":{"rendered":"https:\/\/lyfilter.com\/"},"modified":"2026-04-03T05:59:25","modified_gmt":"2026-04-03T05:59:25","slug":"durable-sanitary-filter-housing-for-industry","status":"publish","type":"product","link":"https:\/\/lyfilter.com\/es\/durable-sanitary-filter-housing-for-industry\/","title":{"rendered":"Carcasa de filtro sanitaria duradera para la industria"},"content":{"rendered":"<p><b>Detalles de la carcasa del filtro sanitario<\/b><\/p>\n<p>&nbsp;<\/p>\n<p><b>Presentaci\u00f3n del producto<\/b><\/p>\n<p><a href=\"https:\/\/lyfilter.com\/es\/\">Filtro Lvyuan<\/a>\u00a0La carcasa del filtro sanitario es fabricada por especialistas t\u00e9cnicos y personal dedicado. El producto est\u00e1 asegurado por nuestro equipo de control de calidad, que es de alta calidad y duradero. Guangzhou Lvyuan Water Purification Equipment Co., Ltd. mantiene una cooperaci\u00f3n a largo plazo con los clientes persiguiendo la promesa de honestidad y servicio.<\/p>\n<div class=\"pro_aliData\">\n<div class=\"detail-box\">\n<div class=\"scc-wrapper detail-module module-cspu\" data-module=\"cspu\"><\/div>\n<div class=\"scc-wrapper detail-module module-productPackagingAndQuickDetail\" data-spm=\"prilinga1e\">\n<div class=\"widget-detail-overview\">\n<div class=\"do-title\">Visi\u00f3n general<\/div>\n<div id=\"car-parts-model\"><\/div>\n<div class=\"do-content\">\n<div class=\"do-overview\">\n<div class=\"do-entry do-entry-separate\">\n<div class=\"do-entry-title\">Detalles r\u00e1pidos<\/div>\n<div class=\"do-entry-list\">\n<dl id=\"224439040\" class=\"do-entry-item\">\n<dt class=\"do-entry-item\"><span class=\"attr-name J-attr-name\" title=\"Industrias aplicables\">Industrias aplicables:<\/span><\/dt>\n<dd class=\"do-entry-item-val\">\n<div class=\"ellipsis\" title=\"Hoteles, tiendas de ropa, tiendas de materiales de construcci\u00f3n, plantas de fabricaci\u00f3n, talleres de reparaci\u00f3n de maquinaria, f\u00e1bricas de alimentos y bebidas, granjas, restaurantes, uso dom\u00e9stico, comercio minorista, tiendas de alimentaci\u00f3n, imprentas, obras de construcci\u00f3n, energ\u00eda y miner\u00eda, tiendas de alimentos y bebidas, empresas de publicidad.\">Hoteles, tiendas de ropa, tiendas de materiales de construcci\u00f3n, plantas de fabricaci\u00f3n, talleres de reparaci\u00f3n de maquinaria, f\u00e1bricas de alimentos y bebidas, granjas, restaurantes, uso dom\u00e9stico, comercio minorista, tiendas de alimentaci\u00f3n, imprentas, obras de construcci\u00f3n, energ\u00eda y miner\u00eda, tiendas de alimentos y bebidas, empresas de publicidad.<\/div>\n<\/dd>\n<\/dl>\n<\/div>\n<\/div>\n<\/div>\n<\/div>\n<\/div>\n<\/div>\n<\/div>\n<\/div>","protected":false},"excerpt":{"rendered":"<table>\n<thead>\n<tr>\n<th>Lugar de origen<\/th>\n<th>Guangdong, China<\/th>\n<\/tr>\n<\/thead>\n<tbody>\n<tr>\n<td>Marca<\/td>\n<td>LVYUAN\/OEM<\/td>\n<\/tr>\n<tr>\n<td>Garant\u00eda<\/td>\n<td>1 a\u00f1o<\/td>\n<\/tr>\n<tr>\n<td>Servicio posventa<\/td>\n<td>Asistencia en l\u00ednea<\/td>\n<\/tr>\n<tr>\n<td>Nombre del art\u00edculo<\/td>\n<td>Filtro de bolsa de acero inoxidable de cuatro (4) etapas m\u00e1quina de filtraci\u00f3n de aceite<\/td>\n<\/tr>\n<tr>\n<td>Material<\/td>\n<td>SS304 \/ SS316L<\/td>\n<\/tr>\n<tr>\n<td>Material de la bolsa filtrante<\/td>\n<td>BOLSA PE\/BOLSA PP<\/td>\n<\/tr>\n<tr>\n<td>Cantidad de filtros de bolsa<\/td>\n<td>Carcasa de filtro de bolsa simple<\/td>\n<\/tr>\n<tr>\n<td>Tratamiento de superficies<\/td>\n<td>Pulido y chorro de arena<\/td>\n<\/tr>\n<tr>\n<td>Junta t\u00f3rica<\/td>\n<td>Silastic\/NBR\/EPDM\/Viton<\/td>\n<\/tr>\n<tr>\n<td>Tipo de tapa superior instalada<\/td>\n<td>Tipo abrazadera\/tipo perno<\/td>\n<\/tr>\n<tr>\n<td>Tipo de entrada y salida<\/td>\n<td>Rosca interior\/Brida<\/td>\n<\/tr>\n<tr>\n<td>Tipo de conector<\/td>\n<td>222\/226\/DOE<\/td>\n<\/tr>\n<tr>\n<td>M\u00e9todo de envasado<\/td>\n<td>Caja est\u00e1ndar para exportaci\u00f3n<\/td>\n<\/tr>\n<tr>\n<td>Unidades de venta<\/td>\n<td>Art\u00edculo \u00fanico<\/td>\n<\/tr>\n<tr>\n<td>Tama\u00f1o de envase individual<\/td>\n<td>75X50X75 cm<\/td>\n<\/tr>\n<tr>\n<td>Peso bruto \u00fanico<\/td>\n<td>30.000 kg<\/td>\n<\/tr>\n<tr>\n<td>Tipo de envase<\/td>\n<td>304 316L de acero inoxidable bolsa de cartucho de filtro de cuatro (4) Etapa multi bolsa de aceite de la m\u00e1quina de filtraci\u00f3n para la industria alimentaria filtro de aceite: Embalaje: Exportaci\u00f3n caja est\u00e1ndar \/ Seg\u00fan sea necesario<\/td>\n<\/tr>\n<tr>\n<td>Plazos de entrega<\/td>\n<td>1 - 10 Unidades: 5 d\u00edas; 11 - 100 Unidades: 10 d\u00edas; &gt;100 Unidades: A negociar<\/td>\n<\/tr>\n<\/tbody>\n<\/table>","protected":false},"featured_media":3877,"comment_status":"open","ping_status":"closed","template":"","meta":{"_gspb_post_css":""},"product_brand":[],"product_cat":[15],"product_tag":[1290,1289,1084,79,34,1136],"class_list":{"0":"post-3875","1":"product","2":"type-product","3":"status-publish","4":"has-post-thumbnail","6":"product_cat-stainless-steel-filter-housing","7":"product_tag-durable-sanitary-housing","8":"product_tag-hygienic-filtration-housing","9":"product_tag-industrial-filter-housing","10":"product_tag-sanitary-filter-housing","11":"product_tag-stainless-steel-filter-housing","12":"product_tag-water-filter-locks","14":"first","15":"instock","16":"shipping-taxable","17":"product-type-simple"},"_links":{"self":[{"href":"https:\/\/lyfilter.com\/es\/wp-json\/wp\/v2\/product\/3875","targetHints":{"allow":["GET"]}}],"collection":[{"href":"https:\/\/lyfilter.com\/es\/wp-json\/wp\/v2\/product"}],"about":[{"href":"https:\/\/lyfilter.com\/es\/wp-json\/wp\/v2\/types\/product"}],"replies":[{"embeddable":true,"href":"https:\/\/lyfilter.com\/es\/wp-json\/wp\/v2\/comments?post=3875"}],"wp:featuredmedia":[{"embeddable":true,"href":"https:\/\/lyfilter.com\/es\/wp-json\/wp\/v2\/media\/3877"}],"wp:attachment":[{"href":"https:\/\/lyfilter.com\/es\/wp-json\/wp\/v2\/media?parent=3875"}],"wp:term":[{"taxonomy":"product_brand","embeddable":true,"href":"https:\/\/lyfilter.com\/es\/wp-json\/wp\/v2\/product_brand?post=3875"},{"taxonomy":"product_cat","embeddable":true,"href":"https:\/\/lyfilter.com\/es\/wp-json\/wp\/v2\/product_cat?post=3875"},{"taxonomy":"product_tag","embeddable":true,"href":"https:\/\/lyfilter.com\/es\/wp-json\/wp\/v2\/product_tag?post=3875"}],"curies":[{"name":"wp","href":"https:\/\/api.w.org\/{rel}","templated":true}]}}