{"id":3872,"date":"2026-04-03T04:02:47","date_gmt":"2026-04-03T04:02:47","guid":{"rendered":"https:\/\/lyfilter.com\/"},"modified":"2026-04-03T04:02:47","modified_gmt":"2026-04-03T04:02:47","slug":"safe-ro-water-filtration-plant-wholesale-for-water-purification","status":"publish","type":"product","link":"https:\/\/lyfilter.com\/es\/safe-ro-water-filtration-plant-wholesale-for-water-purification\/","title":{"rendered":"Planta De Filtraci\u00f3n De Agua Segura Ro Al Por Mayor Para La Purificaci\u00f3n Del Agua"},"content":{"rendered":"<p><b>Ventajas de la empresa<\/b><br \/>\n<b>1.<\/b>\u00a0a planta de filtraci\u00f3n de agua de ro est\u00e1 dise\u00f1ada por dise\u00f1adores profesionales con amplia experiencia en el sector. Todos sus elementos est\u00e1n fabricados con material conforme a la FDA para el contacto con alimentos y bebidas.<br \/>\n<b>2.<\/b>\u00a0Lvyuan intenta y mantiene nuestros precios lo m\u00e1s bajos posible. Viene con una amplia gama de longitudes para carcasas est\u00e1ndar y de flujo completo<br \/>\n<b>3.<\/b>\u00a0El producto tiene un sellado eficaz. El sello hidr\u00e1ulico y otro sello de resorte trabajan juntos eficazmente para mejorar la hermeticidad. Tambi\u00e9n puede filtrar part\u00edculas, organismos microbianos, \u00f3xido f\u00e9rrico y otras impurezas.<br \/>\n<b>4.<\/b>\u00a0El producto no es susceptible de deformaci\u00f3n permanente. Su robusta estructura met\u00e1lica garantiza que no se deformar\u00e1 debido a movimientos mec\u00e1nicos de alta intensidad. El medio filtrante est\u00e1 unido t\u00e9rmicamente para evitar el desprendimiento de fibras y proporcionar al mismo tiempo caudales constantes<br \/>\n<b>5.<\/b>\u00a0El producto puede soportar cierto desgaste. Su acci\u00f3n mec\u00e1nica no provocar\u00e1 f\u00e1cilmente la p\u00e9rdida de materiales de la superficie. Hay disponibles configuraciones personalizadas de tapas finales para adaptarse a requisitos espec\u00edficos<\/p>\n<div class=\"pro_aliData\">\n<div class=\"detail-box\">\n<div class=\"scc-wrapper detail-module module-cspu\" data-module=\"cspu\"><\/div>\n<\/div>\n<\/div>","protected":false},"excerpt":{"rendered":"<table>\n<thead>\n<tr>\n<th>Tipo<\/th>\n<th>M\u00e1quina llenadora, Envasadora de l\u00edquidos<\/th>\n<\/tr>\n<\/thead>\n<tbody>\n<tr>\n<td>Condici\u00f3n<\/td>\n<td>Nuevo<\/td>\n<\/tr>\n<tr>\n<td>Aplicaci\u00f3n<\/td>\n<td>Bebida, Agua<\/td>\n<\/tr>\n<tr>\n<td>Tipo de envase<\/td>\n<td>Bolsas, sobres, bolsitas<\/td>\n<\/tr>\n<tr>\n<td>Material de embalaje<\/td>\n<td>pl\u00e1stico<\/td>\n<\/tr>\n<tr>\n<td>Grado autom\u00e1tico<\/td>\n<td>Autom\u00e1tico<\/td>\n<\/tr>\n<tr>\n<td>Tipo de accionamiento<\/td>\n<td>El\u00e9ctrico<\/td>\n<\/tr>\n<tr>\n<td>Tensi\u00f3n<\/td>\n<td>220V\/50Hz<\/td>\n<\/tr>\n<tr>\n<td>Lugar de origen<\/td>\n<td>Guangdong, China<\/td>\n<\/tr>\n<tr>\n<td>Marca<\/td>\n<td>OEM\/Lvyuan<\/td>\n<\/tr>\n<tr>\n<td>Dimensi\u00f3n(L<em>W<\/em>H)<\/td>\n<td>depende<\/td>\n<\/tr>\n<tr>\n<td>Peso<\/td>\n<td>depende<\/td>\n<\/tr>\n<tr>\n<td>Certificaci\u00f3n<\/td>\n<td>ISO9001, CE<\/td>\n<\/tr>\n<tr>\n<td>Garant\u00eda<\/td>\n<td>1 a\u00f1o<\/td>\n<\/tr>\n<tr>\n<td>Servicio posventa<\/td>\n<td>Asistencia en l\u00ednea<\/td>\n<\/tr>\n<tr>\n<td>Nombre del producto<\/td>\n<td>precio de la envasadora de bolsas de agua<\/td>\n<\/tr>\n<tr>\n<td>Volumen de llenado<\/td>\n<td>100 - 6000 ml, a petici\u00f3n<\/td>\n<\/tr>\n<tr>\n<td>Funci\u00f3n<\/td>\n<td>Llenado Sellado Conformado<\/td>\n<\/tr>\n<tr>\n<td>Sistema de agua pura RO<\/td>\n<td>disponible para opci\u00f3n<\/td>\n<\/tr>\n<tr>\n<td>potencia<\/td>\n<td>360W<\/td>\n<\/tr>\n<tr>\n<td>Material de la m\u00e1quina<\/td>\n<td>Acero inoxidable<\/td>\n<\/tr>\n<tr>\n<td>Capacidad de producci\u00f3n<\/td>\n<td>300- 2200 sacos por hora<\/td>\n<\/tr>\n<tr>\n<td>Personalizaci\u00f3n<\/td>\n<td>Acepte<\/td>\n<\/tr>\n<tr>\n<td>Material de la bolsa de pl\u00e1stico<\/td>\n<td>L\u00e1mina de PE<\/td>\n<\/tr>\n<tr>\n<td>Capacidad de suministro<\/td>\n<td>100 Piece\/Pieces por la empaquetadora del relleno del agua del sachet del mes<\/td>\n<\/tr>\n<\/tbody>\n<\/table>","protected":false},"featured_media":3874,"comment_status":"open","ping_status":"closed","template":"","meta":{"_gspb_post_css":""},"product_brand":[],"product_cat":[1284],"product_tag":[636,1288,1285,1136,1286,1287],"class_list":{"0":"post-3872","1":"product","2":"type-product","3":"status-publish","4":"has-post-thumbnail","6":"product_cat-dust-cover-ro-water-purifier","7":"product_tag-industrial-water-treatment","8":"product_tag-reverse-osmosis-filtration","9":"product_tag-ro-water-filtration-plant","10":"product_tag-water-filter-locks","11":"product_tag-water-purification-system","12":"product_tag-wholesale-water-filter-plant","14":"first","15":"instock","16":"shipping-taxable","17":"product-type-simple"},"_links":{"self":[{"href":"https:\/\/lyfilter.com\/es\/wp-json\/wp\/v2\/product\/3872","targetHints":{"allow":["GET"]}}],"collection":[{"href":"https:\/\/lyfilter.com\/es\/wp-json\/wp\/v2\/product"}],"about":[{"href":"https:\/\/lyfilter.com\/es\/wp-json\/wp\/v2\/types\/product"}],"replies":[{"embeddable":true,"href":"https:\/\/lyfilter.com\/es\/wp-json\/wp\/v2\/comments?post=3872"}],"wp:featuredmedia":[{"embeddable":true,"href":"https:\/\/lyfilter.com\/es\/wp-json\/wp\/v2\/media\/3874"}],"wp:attachment":[{"href":"https:\/\/lyfilter.com\/es\/wp-json\/wp\/v2\/media?parent=3872"}],"wp:term":[{"taxonomy":"product_brand","embeddable":true,"href":"https:\/\/lyfilter.com\/es\/wp-json\/wp\/v2\/product_brand?post=3872"},{"taxonomy":"product_cat","embeddable":true,"href":"https:\/\/lyfilter.com\/es\/wp-json\/wp\/v2\/product_cat?post=3872"},{"taxonomy":"product_tag","embeddable":true,"href":"https:\/\/lyfilter.com\/es\/wp-json\/wp\/v2\/product_tag?post=3872"}],"curies":[{"name":"wp","href":"https:\/\/api.w.org\/{rel}","templated":true}]}}