{"id":3858,"date":"2026-04-03T03:55:59","date_gmt":"2026-04-03T03:55:59","guid":{"rendered":"https:\/\/lyfilter.com\/"},"modified":"2026-04-03T03:55:59","modified_gmt":"2026-04-03T03:55:59","slug":"efficient-sintered-plastic-filter-factory-direct-supply-for-water-purification","status":"publish","type":"product","link":"https:\/\/lyfilter.com\/es\/efficient-sintered-plastic-filter-factory-direct-supply-for-water-purification\/","title":{"rendered":"Eficiente filtro de pl\u00e1stico sinterizado de suministro directo de f\u00e1brica para la purificaci\u00f3n del agua"},"content":{"rendered":"<p><b>Ventajas de la empresa<\/b><br \/>\n<b>1.<\/b>\u00a0La especial composici\u00f3n del filtro de pl\u00e1stico sinterizado hace que obtenga buenas prestaciones como . Con un gran n\u00famero de orificios de fijaci\u00f3n c\u00f3nicos en su interior, tiene una gran capacidad de retenci\u00f3n de suciedad<br \/>\n<b>2.<\/b>\u00a0Con nuestra continua innovaci\u00f3n, el producto se adaptar\u00e1 mejor a la demanda del mercado, lo que significa que cuenta con unas perspectivas de mercado prometedoras. La junta anular en forma de estrella hace que el\u00a0<a href=\"https:\/\/lyfilter.com\/es\/products.html\/\">elemento filtrante<\/a>\u00a0f\u00e1cil de desmontar y mantener<br \/>\n<b>3.<\/b> El producto tiene la ventaja de ser muy compatible. Puede funcionar perfectamente con otros sistemas mec\u00e1nicos para obtener los mejores resultados. Puede controlar eficazmente la precisi\u00f3n de la filtraci\u00f3n<\/p>\n<div class=\"pro_aliData\">\n<div class=\"detail-box\">\n<div class=\"scc-wrapper detail-module module-productPackagingAndQuickDetail\" data-spm=\"prilinga1e\">\n<div class=\"widget-detail-overview\">\n<div class=\"do-content\">\n<div class=\"do-overview\">\n<div class=\"do-entry do-entry-separate\">\n<div class=\"do-entry-list\">\n<dl id=\"224439040\" class=\"do-entry-item\">\n<dt class=\"do-entry-item\"><span class=\"attr-name J-attr-name\" title=\"Industrias aplicables\">Industrias aplicables:<\/span><\/dt>\n<dd class=\"do-entry-item-val\">\n<div class=\"ellipsis\" title=\"Planta de fabricaci\u00f3n, f\u00e1brica de alimentos y bebidas, tratamiento de aguas\">Planta de fabricaci\u00f3n, f\u00e1brica de alimentos y bebidas, tratamiento de aguas<\/div>\n<\/dd>\n<\/dl>\n<\/div>\n<\/div>\n<\/div>\n<\/div>\n<\/div>\n<\/div>\n<\/div>\n<\/div>","protected":false},"excerpt":{"rendered":"<table>\n<thead>\n<tr>\n<th>Servicio post garant\u00eda<\/th>\n<th>Asistencia en l\u00ednea<\/th>\n<\/tr>\n<\/thead>\n<tbody>\n<tr>\n<td>Ubicaci\u00f3n del servicio local<\/td>\n<td>ninguno<\/td>\n<\/tr>\n<tr>\n<td>Ubicaci\u00f3n de la sala de exposiciones<\/td>\n<td>ninguno<\/td>\n<\/tr>\n<tr>\n<td>Lugar de origen<\/td>\n<td>Guangdong, China<\/td>\n<\/tr>\n<tr>\n<td>Marca<\/td>\n<td>Lvyuan u OEM\/ ODM<\/td>\n<\/tr>\n<tr>\n<td>Material<\/td>\n<td>carb\u00f3n de coco, carb\u00f3n de coco, carb\u00f3n de hulla<\/td>\n<\/tr>\n<tr>\n<td>Peso<\/td>\n<td>personalizado<\/td>\n<\/tr>\n<tr>\n<td>Talla<\/td>\n<td>a medida, personalizado<\/td>\n<\/tr>\n<tr>\n<td>Potencia<\/td>\n<td>0<\/td>\n<\/tr>\n<tr>\n<td>Garant\u00eda<\/td>\n<td>No disponible<\/td>\n<\/tr>\n<tr>\n<td>Palabras clave<\/td>\n<td>carcasa del cartucho del filtro de carbono<\/td>\n<\/tr>\n<tr>\n<td>Servicio posventa<\/td>\n<td>Asistencia en l\u00ednea<\/td>\n<\/tr>\n<tr>\n<td>Caracter\u00edstica<\/td>\n<td>eliminar olores,sedimentos,olores,etc<\/td>\n<\/tr>\n<tr>\n<td>Aplicaci\u00f3n<\/td>\n<td>Prefiltraci\u00f3n<\/td>\n<\/tr>\n<tr>\n<td>Color<\/td>\n<td>Negro\/gris<\/td>\n<\/tr>\n<tr>\n<td>Tipo<\/td>\n<td>Piezas de filtros de agua<\/td>\n<\/tr>\n<tr>\n<td>Di\u00e1metro<\/td>\n<td>personalizado<\/td>\n<\/tr>\n<tr>\n<td>tasa de micras<\/td>\n<td>5\/10\/25 micras<\/td>\n<\/tr>\n<tr>\n<td>Capacidad de suministro<\/td>\n<td>500 piezas\/piezas por semana<\/td>\n<\/tr>\n<\/tbody>\n<\/table>","protected":false},"featured_media":3860,"comment_status":"open","ping_status":"closed","template":"","meta":{"_gspb_post_css":""},"product_brand":[],"product_cat":[22],"product_tag":[1278,334,1279,1277,1136,1182],"class_list":{"0":"post-3858","1":"product","2":"type-product","3":"status-publish","4":"has-post-thumbnail","6":"product_cat-sintered-filter-cartridge","7":"product_tag-factory-direct-water-filter","8":"product_tag-industrial-water-filter","9":"product_tag-plastic-filter-element","10":"product_tag-sintered-plastic-filter","11":"product_tag-water-filter-locks","12":"product_tag-water-purification-filter","14":"first","15":"instock","16":"shipping-taxable","17":"product-type-simple"},"_links":{"self":[{"href":"https:\/\/lyfilter.com\/es\/wp-json\/wp\/v2\/product\/3858","targetHints":{"allow":["GET"]}}],"collection":[{"href":"https:\/\/lyfilter.com\/es\/wp-json\/wp\/v2\/product"}],"about":[{"href":"https:\/\/lyfilter.com\/es\/wp-json\/wp\/v2\/types\/product"}],"replies":[{"embeddable":true,"href":"https:\/\/lyfilter.com\/es\/wp-json\/wp\/v2\/comments?post=3858"}],"wp:featuredmedia":[{"embeddable":true,"href":"https:\/\/lyfilter.com\/es\/wp-json\/wp\/v2\/media\/3860"}],"wp:attachment":[{"href":"https:\/\/lyfilter.com\/es\/wp-json\/wp\/v2\/media?parent=3858"}],"wp:term":[{"taxonomy":"product_brand","embeddable":true,"href":"https:\/\/lyfilter.com\/es\/wp-json\/wp\/v2\/product_brand?post=3858"},{"taxonomy":"product_cat","embeddable":true,"href":"https:\/\/lyfilter.com\/es\/wp-json\/wp\/v2\/product_cat?post=3858"},{"taxonomy":"product_tag","embeddable":true,"href":"https:\/\/lyfilter.com\/es\/wp-json\/wp\/v2\/product_tag?post=3858"}],"curies":[{"name":"wp","href":"https:\/\/api.w.org\/{rel}","templated":true}]}}