{"id":3847,"date":"2026-04-03T03:52:28","date_gmt":"2026-04-03T03:52:28","guid":{"rendered":"https:\/\/lyfilter.com\/"},"modified":"2026-04-03T03:52:28","modified_gmt":"2026-04-03T03:52:28","slug":"high-flow-stainless-steel-single-filter-sus304-316-material-1-micron-bag-filter-housing-for-water-pre-treatment-system","status":"publish","type":"product","link":"https:\/\/lyfilter.com\/es\/high-flow-stainless-steel-single-filter-sus304-316-material-1-micron-bag-filter-housing-for-water-pre-treatment-system\/","title":{"rendered":"Alto flujo de acero inoxidable de un solo filtro Sus304 316 Material de 1 micra bolsa de filtro de vivienda para el agua del sistema de pretratamiento"},"content":{"rendered":"<dl id=\"224439040\" class=\"do-entry-item\">\n<dt class=\"do-entry-item\"><span class=\"attr-name J-attr-name\" title=\"Industrias aplicables\">Industrias aplicables:<\/span><\/dt>\n<dd class=\"do-entry-item-val\">\n<div class=\"ellipsis\" title=\"Hoteles, tiendas de ropa, tiendas de materiales de construcci\u00f3n, plantas de fabricaci\u00f3n, talleres de reparaci\u00f3n de maquinaria, f\u00e1bricas de alimentos y bebidas, granjas, restaurantes, uso dom\u00e9stico, comercio minorista, tiendas de alimentaci\u00f3n, imprentas, obras de construcci\u00f3n, energ\u00eda y miner\u00eda, tiendas de alimentos y bebidas, empresas de publicidad.\">Hoteles, tiendas de ropa, tiendas de materiales de construcci\u00f3n, plantas de fabricaci\u00f3n, talleres de reparaci\u00f3n de maquinaria, f\u00e1bricas de alimentos y bebidas, granjas, restaurantes, uso dom\u00e9stico, comercio minorista, tiendas de alimentaci\u00f3n, imprentas, obras de construcci\u00f3n, energ\u00eda y miner\u00eda, tiendas de alimentos y bebidas, empresas de publicidad.<\/div>\n<\/dd>\n<\/dl>\n<div title=\"Hoteles, tiendas de ropa, tiendas de materiales de construcci\u00f3n, plantas de fabricaci\u00f3n, talleres de reparaci\u00f3n de maquinaria, f\u00e1bricas de alimentos y bebidas, granjas, restaurantes, uso dom\u00e9stico, comercio minorista, tiendas de alimentaci\u00f3n, imprentas, obras de construcci\u00f3n, energ\u00eda y miner\u00eda, tiendas de alimentos y bebidas, empresas de publicidad.\">Construido para un pretratamiento constante, esta carcasa de filtro de bolsa de acero inoxidable de alto caudal utiliza SUS304 y 316 con filtraci\u00f3n de 1 micra para favorecer un agua m\u00e1s limpia, un rendimiento duradero y un funcionamiento sin problemas en los sistemas de tratamiento de agua in situ.<\/div>","protected":false},"excerpt":{"rendered":"<table>\n<thead>\n<tr>\n<th>Servicio post garant\u00eda<\/th>\n<th>Asistencia en l\u00ednea<\/th>\n<\/tr>\n<\/thead>\n<tbody>\n<tr>\n<td>Ubicaci\u00f3n del servicio local<\/td>\n<td>ninguno<\/td>\n<\/tr>\n<tr>\n<td>Ubicaci\u00f3n de la sala de exposiciones<\/td>\n<td>ninguno<\/td>\n<\/tr>\n<tr>\n<td>Lugar de origen<\/td>\n<td>Guangdong, China<\/td>\n<\/tr>\n<tr>\n<td>Marca<\/td>\n<td>Personalizado<\/td>\n<\/tr>\n<tr>\n<td>Material<\/td>\n<td>A medida, SS304 \/ SS316L<\/td>\n<\/tr>\n<tr>\n<td>Peso<\/td>\n<td>Personalizado<\/td>\n<\/tr>\n<tr>\n<td>Talla<\/td>\n<td>Personalizado<\/td>\n<\/tr>\n<tr>\n<td>Potencia<\/td>\n<td>Personalizado<\/td>\n<\/tr>\n<tr>\n<td>Garant\u00eda<\/td>\n<td>1 a\u00f1o<\/td>\n<\/tr>\n<tr>\n<td>Servicio posventa<\/td>\n<td>Asistencia en l\u00ednea<\/td>\n<\/tr>\n<tr>\n<td>Nombre del art\u00edculo<\/td>\n<td>SUS304 316 material 1 micra carcasa del filtro de bolsa<\/td>\n<\/tr>\n<tr>\n<td>Material de la bolsa filtrante<\/td>\n<td>MALLA MET\u00c1LICA PE\/PP\/NYLON\/SS<\/td>\n<\/tr>\n<tr>\n<td>Cantidad de filtros de bolsa<\/td>\n<td>Carcasa de filtro de bolsa simple<\/td>\n<\/tr>\n<tr>\n<td>Tratamiento de superficies<\/td>\n<td>Pulido y chorro de arena<\/td>\n<\/tr>\n<tr>\n<td>Junta t\u00f3rica<\/td>\n<td>Silastic\/NBR\/EPDM\/Viton<\/td>\n<\/tr>\n<tr>\n<td>Tipo de tapa superior instalada<\/td>\n<td>Tipo abrazadera\/tipo perno<\/td>\n<\/tr>\n<tr>\n<td>Tipo de entrada y salida<\/td>\n<td>Rosca interior\/Brida<\/td>\n<\/tr>\n<tr>\n<td>Tipo de conector<\/td>\n<td>222\/226\/DOE<\/td>\n<\/tr>\n<tr>\n<td>M\u00e9todo de envasado<\/td>\n<td>Caja est\u00e1ndar para exportaci\u00f3n<\/td>\n<\/tr>\n<tr>\n<td>Unidades de venta<\/td>\n<td>Art\u00edculo \u00fanico<\/td>\n<\/tr>\n<tr>\n<td>Tama\u00f1o de envase individual<\/td>\n<td>145X45X45 cm<\/td>\n<\/tr>\n<tr>\n<td>Peso bruto \u00fanico<\/td>\n<td>30.000 kg<\/td>\n<\/tr>\n<tr>\n<td>Tipo de envase<\/td>\n<td>Filtro simple de acero inoxidable de alto caudal SUS304 316 material 1 micra carcasa del filtro de bolsa para el sistema de pretratamiento de agua: Embalaje: Caja est\u00e1ndar de exportaci\u00f3n\/Como se requiera<\/td>\n<\/tr>\n<tr>\n<td>Plazos de entrega<\/td>\n<td>1 - 10 Conjuntos: 5 d\u00edas; 11 - 100 Sets: 10 d\u00edas; &gt;100 conjuntos: A negociar<\/td>\n<\/tr>\n<\/tbody>\n<\/table>","protected":false},"featured_media":3854,"comment_status":"open","ping_status":"closed","template":"","meta":{"_gspb_post_css":""},"product_brand":[],"product_cat":[1135],"product_tag":[1275,1273,34,1274,1136,1276],"class_list":{"0":"post-3847","1":"product","2":"type-product","3":"status-publish","4":"has-post-thumbnail","6":"product_cat-stainless-steel-bag-filter-housing","7":"product_tag-1-micron-bag-filter","8":"product_tag-high-flow-bag-filter-housing","9":"product_tag-stainless-steel-filter-housing","10":"product_tag-sus304-316-filter-housing","11":"product_tag-water-filter-locks","12":"product_tag-water-pre-treatment-filter","14":"first","15":"instock","16":"shipping-taxable","17":"product-type-simple"},"_links":{"self":[{"href":"https:\/\/lyfilter.com\/es\/wp-json\/wp\/v2\/product\/3847","targetHints":{"allow":["GET"]}}],"collection":[{"href":"https:\/\/lyfilter.com\/es\/wp-json\/wp\/v2\/product"}],"about":[{"href":"https:\/\/lyfilter.com\/es\/wp-json\/wp\/v2\/types\/product"}],"replies":[{"embeddable":true,"href":"https:\/\/lyfilter.com\/es\/wp-json\/wp\/v2\/comments?post=3847"}],"wp:featuredmedia":[{"embeddable":true,"href":"https:\/\/lyfilter.com\/es\/wp-json\/wp\/v2\/media\/3854"}],"wp:attachment":[{"href":"https:\/\/lyfilter.com\/es\/wp-json\/wp\/v2\/media?parent=3847"}],"wp:term":[{"taxonomy":"product_brand","embeddable":true,"href":"https:\/\/lyfilter.com\/es\/wp-json\/wp\/v2\/product_brand?post=3847"},{"taxonomy":"product_cat","embeddable":true,"href":"https:\/\/lyfilter.com\/es\/wp-json\/wp\/v2\/product_cat?post=3847"},{"taxonomy":"product_tag","embeddable":true,"href":"https:\/\/lyfilter.com\/es\/wp-json\/wp\/v2\/product_tag?post=3847"}],"curies":[{"name":"wp","href":"https:\/\/api.w.org\/{rel}","templated":true}]}}