{"id":3845,"date":"2026-04-03T03:44:29","date_gmt":"2026-04-03T03:44:29","guid":{"rendered":"https:\/\/lyfilter.com\/"},"modified":"2026-04-03T03:44:29","modified_gmt":"2026-04-03T03:44:29","slug":"lvyuan-filter-fine-quality-seawater-reverse-osmosis-plant-manufacturers-for-desalination","status":"publish","type":"product","link":"https:\/\/lyfilter.com\/es\/lvyuan-filter-fine-quality-seawater-reverse-osmosis-plant-manufacturers-for-desalination\/","title":{"rendered":"Lvyuan filtro fino de calidad del agua de mar planta de \u00f3smosis inversa Fabricantes para la desalinizaci\u00f3n"},"content":{"rendered":"<p>Construida para la desalinizaci\u00f3n de agua de mar, esta planta de \u00f3smosis inversa de Lvyuan ayuda a reducir la sal y las impurezas al tiempo que favorece la producci\u00f3n. Es una opci\u00f3n pr\u00e1ctica para las operaciones que necesitan filtraci\u00f3n confiable, eficiencia y uso de servicio largo.<\/p>","protected":false},"excerpt":{"rendered":"<table>\n<thead>\n<tr>\n<th>Lugar de origen<\/th>\n<th>Guangdong, China<\/th>\n<\/tr>\n<\/thead>\n<tbody>\n<tr>\n<td>Marca<\/td>\n<td>Lvyuan \/ Kang Yang KYsearo<\/td>\n<\/tr>\n<tr>\n<td>Material<\/td>\n<td>depende<\/td>\n<\/tr>\n<tr>\n<td>Peso<\/td>\n<td>depende<\/td>\n<\/tr>\n<tr>\n<td>Talla<\/td>\n<td>depende<\/td>\n<\/tr>\n<tr>\n<td>Potencia<\/td>\n<td>depende<\/td>\n<\/tr>\n<tr>\n<td>Garant\u00eda<\/td>\n<td>1 a\u00f1o<\/td>\n<\/tr>\n<tr>\n<td>Servicio posventa<\/td>\n<td>Asistencia en l\u00ednea<\/td>\n<\/tr>\n<tr>\n<td>Nombre<\/td>\n<td>peque\u00f1a desalinizadora<\/td>\n<\/tr>\n<tr>\n<td>tensi\u00f3n<\/td>\n<td>220V\/50Hz<\/td>\n<\/tr>\n<tr>\n<td>Capacidad<\/td>\n<td>1000, 2000, 3000 litros al d\u00eda<\/td>\n<\/tr>\n<tr>\n<td>Membrana de \u00f3smosis inversa<\/td>\n<td>DOW<\/td>\n<\/tr>\n<tr>\n<td>Bomba HP<\/td>\n<td>Italia AR, CNP, Danfoss<\/td>\n<\/tr>\n<tr>\n<td>TDS del agua de alimentaci\u00f3n<\/td>\n<td>&lt;45000ppm<\/td>\n<\/tr>\n<tr>\n<td>Agua dulce TDS<\/td>\n<td>&lt;600ppm<\/td>\n<\/tr>\n<tr>\n<td>Marco<\/td>\n<td>Acero inoxidable<\/td>\n<\/tr>\n<tr>\n<td>Rueda m\u00f3vil<\/td>\n<td>s\u00ed<\/td>\n<\/tr>\n<tr>\n<td>Aplicaci\u00f3n<\/td>\n<td>desalinizaci\u00f3n de agua de mar<\/td>\n<\/tr>\n<tr>\n<td>Unidades de venta<\/td>\n<td>Art\u00edculo \u00fanico<\/td>\n<\/tr>\n<tr>\n<td>Tama\u00f1o de envase individual<\/td>\n<td>75X65X75 cm<\/td>\n<\/tr>\n<tr>\n<td>Peso bruto \u00fanico<\/td>\n<td>82.000 kg<\/td>\n<\/tr>\n<tr>\n<td>Tipo de envase<\/td>\n<td>1000 litros por d\u00eda ro planta desalinizadora de agua de mar. caja de madera de exportaci\u00f3n<\/td>\n<\/tr>\n<tr>\n<td>Ejemplo de imagen<\/td>\n<td>paquete-img<\/td>\n<\/tr>\n<tr>\n<td>Plazos de entrega<\/td>\n<td>1 - 20 Conjuntos: 25 d\u00edas; &gt;20 Sets: A negociar<\/td>\n<\/tr>\n<\/tbody>\n<\/table>","protected":false},"featured_media":3846,"comment_status":"open","ping_status":"closed","template":"","meta":{"_gspb_post_css":""},"product_brand":[],"product_cat":[1202],"product_tag":[1271,1268,1270,1269,1272,1136],"class_list":{"0":"post-3845","1":"product","2":"type-product","3":"status-publish","4":"has-post-thumbnail","6":"product_cat-filter-cartridge","7":"product_tag-industrial-desalination-plant","8":"product_tag-lvyuan-reverse-osmosis-plant","9":"product_tag-reverse-osmosis-water-treatment","10":"product_tag-seawater-desalination-system","11":"product_tag-seawater-filtration-equipment","12":"product_tag-water-filter-locks","14":"first","15":"instock","16":"shipping-taxable","17":"product-type-simple"},"_links":{"self":[{"href":"https:\/\/lyfilter.com\/es\/wp-json\/wp\/v2\/product\/3845","targetHints":{"allow":["GET"]}}],"collection":[{"href":"https:\/\/lyfilter.com\/es\/wp-json\/wp\/v2\/product"}],"about":[{"href":"https:\/\/lyfilter.com\/es\/wp-json\/wp\/v2\/types\/product"}],"replies":[{"embeddable":true,"href":"https:\/\/lyfilter.com\/es\/wp-json\/wp\/v2\/comments?post=3845"}],"wp:featuredmedia":[{"embeddable":true,"href":"https:\/\/lyfilter.com\/es\/wp-json\/wp\/v2\/media\/3846"}],"wp:attachment":[{"href":"https:\/\/lyfilter.com\/es\/wp-json\/wp\/v2\/media?parent=3845"}],"wp:term":[{"taxonomy":"product_brand","embeddable":true,"href":"https:\/\/lyfilter.com\/es\/wp-json\/wp\/v2\/product_brand?post=3845"},{"taxonomy":"product_cat","embeddable":true,"href":"https:\/\/lyfilter.com\/es\/wp-json\/wp\/v2\/product_cat?post=3845"},{"taxonomy":"product_tag","embeddable":true,"href":"https:\/\/lyfilter.com\/es\/wp-json\/wp\/v2\/product_tag?post=3845"}],"curies":[{"name":"wp","href":"https:\/\/api.w.org\/{rel}","templated":true}]}}