{"id":3827,"date":"2026-04-03T03:37:41","date_gmt":"2026-04-03T03:37:41","guid":{"rendered":"https:\/\/lyfilter.com\/"},"modified":"2026-04-03T03:46:09","modified_gmt":"2026-04-03T03:46:09","slug":"pvc-water-filter-housing-for-pre-water-treatment","status":"publish","type":"product","link":"https:\/\/lyfilter.com\/es\/pvc-water-filter-housing-for-pre-water-treatment\/","title":{"rendered":"PVC carcasa del filtro de agua para el tratamiento de agua Pre"},"content":{"rendered":"<p>Construida para un pretratamiento fiable, esta carcasa de filtro de agua de PVC favorece un flujo suave y una filtraci\u00f3n estable en los sistemas cotidianos. Su cuerpo resistente a la corrosi\u00f3n ayuda a proteger el rendimiento a la vez que hace que el mantenimiento sea sencillo y pr\u00e1ctico.<\/p>","protected":false},"excerpt":{"rendered":"<table>\n<thead>\n<tr>\n<th>Condici\u00f3n<\/th>\n<th>Nuevo<\/th>\n<\/tr>\n<\/thead>\n<tbody>\n<tr>\n<td>Industrias aplicables<\/td>\n<td>Planta de fabricaci\u00f3n, f\u00e1brica de alimentos y bebidas, tratamiento de aguas<\/td>\n<\/tr>\n<tr>\n<td>Servicio post garant\u00eda<\/td>\n<td>Asistencia en l\u00ednea<\/td>\n<\/tr>\n<tr>\n<td>Ubicaci\u00f3n del servicio local<\/td>\n<td>ninguno<\/td>\n<\/tr>\n<tr>\n<td>Ubicaci\u00f3n de la sala de exposiciones<\/td>\n<td>ninguno<\/td>\n<\/tr>\n<tr>\n<td>Lugar de origen<\/td>\n<td>Guangdong, China<\/td>\n<\/tr>\n<tr>\n<td>Marca<\/td>\n<td>Lvyuan,OEM,ODM<\/td>\n<\/tr>\n<tr>\n<td>Material<\/td>\n<td>upvc<\/td>\n<\/tr>\n<tr>\n<td>Peso<\/td>\n<td>personalizado<\/td>\n<\/tr>\n<tr>\n<td>Talla<\/td>\n<td>a medida, 10\u2032, 20\u2032, \u201930\u201d, 40\u201d<\/td>\n<\/tr>\n<tr>\n<td>Potencia<\/td>\n<td>0<\/td>\n<\/tr>\n<tr>\n<td>Garant\u00eda<\/td>\n<td>No disponible<\/td>\n<\/tr>\n<tr>\n<td>Caracter\u00edstica<\/td>\n<td>Econ\u00f3mico<\/td>\n<\/tr>\n<tr>\n<td>Certificaci\u00f3n<\/td>\n<td>ISO9001<\/td>\n<\/tr>\n<tr>\n<td>material<\/td>\n<td>UPVC<\/td>\n<\/tr>\n<tr>\n<td>Utilizaci\u00f3n<\/td>\n<td>prefiltraci\u00f3n de agua<\/td>\n<\/tr>\n<tr>\n<td>Aplicaci\u00f3n<\/td>\n<td>industria<\/td>\n<\/tr>\n<tr>\n<td>Presi\u00f3n de trabajo<\/td>\n<td>150Psi<\/td>\n<\/tr>\n<tr>\n<td>Color<\/td>\n<td>blanco y negro<\/td>\n<\/tr>\n<tr>\n<td>Palabras clave<\/td>\n<td>UPVC<\/td>\n<\/tr>\n<tr>\n<td>Capacidad de suministro<\/td>\n<td>200 piezas por mes<\/td>\n<\/tr>\n<\/tbody>\n<\/table>","protected":false},"featured_media":3833,"comment_status":"open","ping_status":"closed","template":"","meta":{"_gspb_post_css":""},"product_brand":[],"product_cat":[15],"product_tag":[1264,1262,1263,1261,93,1136],"class_list":{"0":"post-3827","1":"product","2":"type-product","3":"status-publish","4":"has-post-thumbnail","6":"product_cat-stainless-steel-filter-housing","7":"product_tag-industrial-water-filter-housing","8":"product_tag-pre-water-treatment-filter","9":"product_tag-pvc-filtration-housing","10":"product_tag-pvc-water-filter-housing","11":"product_tag-water-filter-housing","12":"product_tag-water-filter-locks","14":"first","15":"instock","16":"shipping-taxable","17":"product-type-simple"},"_links":{"self":[{"href":"https:\/\/lyfilter.com\/es\/wp-json\/wp\/v2\/product\/3827","targetHints":{"allow":["GET"]}}],"collection":[{"href":"https:\/\/lyfilter.com\/es\/wp-json\/wp\/v2\/product"}],"about":[{"href":"https:\/\/lyfilter.com\/es\/wp-json\/wp\/v2\/types\/product"}],"replies":[{"embeddable":true,"href":"https:\/\/lyfilter.com\/es\/wp-json\/wp\/v2\/comments?post=3827"}],"wp:featuredmedia":[{"embeddable":true,"href":"https:\/\/lyfilter.com\/es\/wp-json\/wp\/v2\/media\/3833"}],"wp:attachment":[{"href":"https:\/\/lyfilter.com\/es\/wp-json\/wp\/v2\/media?parent=3827"}],"wp:term":[{"taxonomy":"product_brand","embeddable":true,"href":"https:\/\/lyfilter.com\/es\/wp-json\/wp\/v2\/product_brand?post=3827"},{"taxonomy":"product_cat","embeddable":true,"href":"https:\/\/lyfilter.com\/es\/wp-json\/wp\/v2\/product_cat?post=3827"},{"taxonomy":"product_tag","embeddable":true,"href":"https:\/\/lyfilter.com\/es\/wp-json\/wp\/v2\/product_tag?post=3827"}],"curies":[{"name":"wp","href":"https:\/\/api.w.org\/{rel}","templated":true}]}}