{"id":3822,"date":"2026-04-03T03:32:07","date_gmt":"2026-04-03T03:32:07","guid":{"rendered":"https:\/\/lyfilter.com\/"},"modified":"2026-04-03T03:32:07","modified_gmt":"2026-04-03T03:32:07","slug":"lvyuan-carbon-block-filter-cartridge-factory-for-desalination","status":"publish","type":"product","link":"https:\/\/lyfilter.com\/es\/lvyuan-carbon-block-filter-cartridge-factory-for-desalination\/","title":{"rendered":"Lvyuan Carb\u00f3n Bloque Filtro Cartucho F\u00e1brica Para Desalinizaci\u00f3n"},"content":{"rendered":"<p><b>Ventajas de la empresa<\/b><br \/>\n<b>1.<\/b>\u00a0Respaldado por un equipo t\u00e9cnico profesional, nuestro cartucho filtrante de bloque de carb\u00f3n goza de mucha m\u00e1s reputaci\u00f3n que antes. Es adecuado para su uso con muestras de disolventes acuosos y org\u00e1nicos debido a su amplia compatibilidad qu\u00edmica.<br \/>\n<b>2.<\/b>\u00a0Las personas sensibles a los metales no tendr\u00e1n ning\u00fan problema con este producto, ya que no es irritante. Puede controlar eficazmente la precisi\u00f3n de la filtraci\u00f3n<br \/>\n<b>3.<\/b>\u00a0Como resultado de la implantaci\u00f3n de un estricto sistema de gesti\u00f3n de la calidad, se ha mejorado la calidad del producto. Atrapar\u00e1 las part\u00edculas m\u00e1s grandes en las capas exteriores y capturar\u00e1 las part\u00edculas m\u00e1s peque\u00f1as en la capa profunda.<br \/>\n<b>4.<\/b>\u00a0Este producto es la primera elecci\u00f3n del cliente, la vida \u00fatil es larga, la practicidad es fuerte. Al estar soldado t\u00e9rmicamente, sus tapas no son propensas a agrietarse o caerse.<br \/>\n<b>5.<\/b>\u00a0El rendimiento estable a largo plazo del producto en la industria tiene una gran ventaja. Su medio filtrante es personalizable seg\u00fan la diferente calidad del agua en la aplicaci\u00f3n.<\/p>","protected":false},"excerpt":{"rendered":"<table>\n<thead>\n<tr>\n<th>Industrias aplicables<\/th>\n<th>Planta de fabricaci\u00f3n, f\u00e1brica de alimentos y bebidas, tratamiento de aguas<\/th>\n<\/tr>\n<\/thead>\n<tbody>\n<tr>\n<td>Servicio post garant\u00eda<\/td>\n<td>Asistencia en l\u00ednea<\/td>\n<\/tr>\n<tr>\n<td>Ubicaci\u00f3n del servicio local<\/td>\n<td>ninguno<\/td>\n<\/tr>\n<tr>\n<td>Ubicaci\u00f3n de la sala de exposiciones<\/td>\n<td>ninguno<\/td>\n<\/tr>\n<tr>\n<td>Lugar de origen<\/td>\n<td>Guangdong, China<\/td>\n<\/tr>\n<tr>\n<td>Marca<\/td>\n<td>Lvyuan u OEM\/ ODM<\/td>\n<\/tr>\n<tr>\n<td>Material<\/td>\n<td>carb\u00f3n de coco, carb\u00f3n de coco, carb\u00f3n de hulla<\/td>\n<\/tr>\n<tr>\n<td>Peso<\/td>\n<td>personalizado<\/td>\n<\/tr>\n<tr>\n<td>Talla<\/td>\n<td>a medida, personalizado<\/td>\n<\/tr>\n<tr>\n<td>Potencia<\/td>\n<td>0<\/td>\n<\/tr>\n<tr>\n<td>Garant\u00eda<\/td>\n<td>No disponible<\/td>\n<\/tr>\n<tr>\n<td>Palabras clave<\/td>\n<td>prefiltro de carb\u00f3n<\/td>\n<\/tr>\n<tr>\n<td>Servicio posventa<\/td>\n<td>Asistencia en l\u00ednea<\/td>\n<\/tr>\n<tr>\n<td>Caracter\u00edstica<\/td>\n<td>eliminar olores,sedimentos,olores,etc<\/td>\n<\/tr>\n<tr>\n<td>Aplicaci\u00f3n<\/td>\n<td>Prefiltraci\u00f3n<\/td>\n<\/tr>\n<tr>\n<td>Color<\/td>\n<td>Negro\/gris<\/td>\n<\/tr>\n<tr>\n<td>Tipo<\/td>\n<td>Piezas de filtros de agua<\/td>\n<\/tr>\n<tr>\n<td>Di\u00e1metro<\/td>\n<td>personalizado<\/td>\n<\/tr>\n<tr>\n<td>tasa de micras<\/td>\n<td>5\/10\/25 micras<\/td>\n<\/tr>\n<tr>\n<td>Capacidad de suministro<\/td>\n<td>500 piezas\/piezas por semana<\/td>\n<\/tr>\n<\/tbody>\n<\/table>","protected":false},"featured_media":3826,"comment_status":"open","ping_status":"closed","template":"","meta":{"_gspb_post_css":""},"product_brand":[],"product_cat":[1202],"product_tag":[1259,1244,1260,1258,1136,1182],"class_list":{"0":"post-3822","1":"product","2":"type-product","3":"status-publish","4":"has-post-thumbnail","6":"product_cat-filter-cartridge","7":"product_tag-carbon-block-water-filter","8":"product_tag-desalination-filter-cartridge","9":"product_tag-factory-direct-filter-cartridge","10":"product_tag-lvyuan-carbon-block-filter-cartridge","11":"product_tag-water-filter-locks","12":"product_tag-water-purification-filter","14":"first","15":"instock","16":"shipping-taxable","17":"product-type-simple"},"_links":{"self":[{"href":"https:\/\/lyfilter.com\/es\/wp-json\/wp\/v2\/product\/3822","targetHints":{"allow":["GET"]}}],"collection":[{"href":"https:\/\/lyfilter.com\/es\/wp-json\/wp\/v2\/product"}],"about":[{"href":"https:\/\/lyfilter.com\/es\/wp-json\/wp\/v2\/types\/product"}],"replies":[{"embeddable":true,"href":"https:\/\/lyfilter.com\/es\/wp-json\/wp\/v2\/comments?post=3822"}],"wp:featuredmedia":[{"embeddable":true,"href":"https:\/\/lyfilter.com\/es\/wp-json\/wp\/v2\/media\/3826"}],"wp:attachment":[{"href":"https:\/\/lyfilter.com\/es\/wp-json\/wp\/v2\/media?parent=3822"}],"wp:term":[{"taxonomy":"product_brand","embeddable":true,"href":"https:\/\/lyfilter.com\/es\/wp-json\/wp\/v2\/product_brand?post=3822"},{"taxonomy":"product_cat","embeddable":true,"href":"https:\/\/lyfilter.com\/es\/wp-json\/wp\/v2\/product_cat?post=3822"},{"taxonomy":"product_tag","embeddable":true,"href":"https:\/\/lyfilter.com\/es\/wp-json\/wp\/v2\/product_tag?post=3822"}],"curies":[{"name":"wp","href":"https:\/\/api.w.org\/{rel}","templated":true}]}}