{"id":3820,"date":"2026-04-03T03:26:35","date_gmt":"2026-04-03T03:26:35","guid":{"rendered":"https:\/\/lyfilter.com\/"},"modified":"2026-04-03T03:26:35","modified_gmt":"2026-04-03T03:26:35","slug":"ss-cartridge-filter-housing-for-industry-oem-lvyuan-factory-direct-supply","status":"publish","type":"product","link":"https:\/\/lyfilter.com\/es\/ss-cartridge-filter-housing-for-industry-oem-lvyuan-factory-direct-supply\/","title":{"rendered":"Carcasa de filtro de cartucho SS para la industria Oem\/Lvyuan Suministro directo de f\u00e1brica"},"content":{"rendered":"<p><b>Detalles de la carcasa del filtro de cartucho de acero inoxidable<\/b><\/p>\n<p>&nbsp;<\/p>\n<p><b>Especificaci\u00f3n del producto<\/b><\/p>\n<p>Disponibilidad: OEM<\/p>\n<p>&nbsp;<\/p>\n<p><b>Productos<\/b><\/p>\n<p>La maquinaria de Lvyuan Water Purification Equipment es profundamente favorecida por la mayor\u00eda de los clientes por las siguientes ventajas: dise\u00f1o razonable y novedoso, estructura compacta, rendimiento estable, y f\u00e1cil operaci\u00f3n e instalaci\u00f3n. La producci\u00f3n de\u00a0<a href=\"https:\/\/lyfilter.com\/es\/\">Filtro Lvyuan<\/a>\u00a0La carcasa del filtro de cartucho ss est\u00e1 altamente estandarizada y es eficaz. Se comprueba una y otra vez que el producto sea de la m\u00e1xima calidad. El volumen de exportaci\u00f3n real de este producto ha superado el plan previsto.<\/p>\n<p>&nbsp;<\/p>\n<p><b>Informaci\u00f3n sobre el producto<\/b><\/p>\n<p>Despu\u00e9s de la mejora, la carcasa del filtro de cartucho ss producida por Lvyuan Equipo de Purificaci\u00f3n de Agua es m\u00e1s brillante en los siguientes aspectos.<\/p>\n<p><strong>Carcasa del filtro de cartucho autolimpiante de acero inoxidable<\/strong><\/p>\n<p>El filtro de limpieza autom\u00e1tica es un equipo de filtrado especial que utiliza la malla filtrante para interceptar las impurezas s\u00f3lidas y las part\u00edculas del agua, reduciendo as\u00ed la turbidez del agua y mejorando su calidad. El agua entra en el filtro a trav\u00e9s de la entrada de agua, y la malla filtrante de la m\u00e1quina intercepta las impurezas del agua. Cuando la suciedad en la pantalla del filtro alcanza un cierto nivel, el sistema abrir\u00e1 autom\u00e1ticamente la v\u00e1lvula de aguas residuales y el mecanismo de descarga de aguas residuales en el cuerpo para limpiar las impurezas en la pantalla del filtro y eliminarlas del cuerpo. Y las aguas residuales fluyen continuamente durante el periodo de descarga.<\/p>","protected":false},"excerpt":{"rendered":"<table>\n<thead>\n<tr>\n<th>Capacidad de producci\u00f3n<\/th>\n<th>10000 unidades\/Mes<\/th>\n<\/tr>\n<\/thead>\n<tbody>\n<tr>\n<td>Pago<\/td>\n<td>T\/T, Alibaba Trade Assurance, paypal<\/td>\n<\/tr>\n<tr>\n<td>Certificaci\u00f3n<\/td>\n<td>ISO 9001<\/td>\n<\/tr>\n<tr>\n<td>Marca<\/td>\n<td>OEM\/Lvyuan<\/td>\n<\/tr>\n<\/tbody>\n<\/table>","protected":false},"featured_media":3821,"comment_status":"open","ping_status":"closed","template":"","meta":{"_gspb_post_css":""},"product_brand":[],"product_cat":[1135],"product_tag":[1084,1186,1256,1255,1257,1136],"class_list":{"0":"post-3820","1":"product","2":"type-product","3":"status-publish","4":"has-post-thumbnail","6":"product_cat-stainless-steel-bag-filter-housing","7":"product_tag-industrial-filter-housing","8":"product_tag-lvyuan-filter-housing","9":"product_tag-oem-filter-supply","10":"product_tag-ss-cartridge-filter-housing","11":"product_tag-stainless-steel-cartridge-filter","12":"product_tag-water-filter-locks","14":"first","15":"instock","16":"shipping-taxable","17":"product-type-simple"},"_links":{"self":[{"href":"https:\/\/lyfilter.com\/es\/wp-json\/wp\/v2\/product\/3820","targetHints":{"allow":["GET"]}}],"collection":[{"href":"https:\/\/lyfilter.com\/es\/wp-json\/wp\/v2\/product"}],"about":[{"href":"https:\/\/lyfilter.com\/es\/wp-json\/wp\/v2\/types\/product"}],"replies":[{"embeddable":true,"href":"https:\/\/lyfilter.com\/es\/wp-json\/wp\/v2\/comments?post=3820"}],"wp:featuredmedia":[{"embeddable":true,"href":"https:\/\/lyfilter.com\/es\/wp-json\/wp\/v2\/media\/3821"}],"wp:attachment":[{"href":"https:\/\/lyfilter.com\/es\/wp-json\/wp\/v2\/media?parent=3820"}],"wp:term":[{"taxonomy":"product_brand","embeddable":true,"href":"https:\/\/lyfilter.com\/es\/wp-json\/wp\/v2\/product_brand?post=3820"},{"taxonomy":"product_cat","embeddable":true,"href":"https:\/\/lyfilter.com\/es\/wp-json\/wp\/v2\/product_cat?post=3820"},{"taxonomy":"product_tag","embeddable":true,"href":"https:\/\/lyfilter.com\/es\/wp-json\/wp\/v2\/product_tag?post=3820"}],"curies":[{"name":"wp","href":"https:\/\/api.w.org\/{rel}","templated":true}]}}